{"id":4124,"date":"2014-06-04T18:02:12","date_gmt":"2014-06-04T18:02:12","guid":{"rendered":"https:\/\/mastermedcli.umh.es\/cronograma-edicion-2020-2021\/"},"modified":"2022-09-07T07:11:31","modified_gmt":"2022-09-07T07:11:31","slug":"cronograma-edicion-2020-2021","status":"publish","type":"page","link":"https:\/\/mastermedcli.umh.es\/ca\/cronograma-edicion-2020-2021\/","title":{"rendered":"Calendari del M\u00e0ster"},"content":{"rendered":"<p>[et_pb_section fb_built=&#8221;1&#8243; _builder_version=&#8221;4.16&#8243; global_colors_info=&#8221;{}&#8221;][et_pb_row _builder_version=&#8221;4.16&#8243; background_size=&#8221;initial&#8221; background_position=&#8221;top_left&#8221; background_repeat=&#8221;repeat&#8221; global_colors_info=&#8221;{}&#8221;][et_pb_column type=&#8221;4_4&#8243; _builder_version=&#8221;4.16&#8243; custom_padding=&#8221;|||&#8221; global_colors_info=&#8221;{}&#8221; custom_padding__hover=&#8221;|||&#8221;][et_pb_text _builder_version=&#8221;4.17.4&#8243; background_size=&#8221;initial&#8221; background_position=&#8221;top_left&#8221; background_repeat=&#8221;repeat&#8221; hover_enabled=&#8221;0&#8243; global_colors_info=&#8221;{}&#8221; sticky_enabled=&#8221;0&#8243;]<\/p>\n<p>&nbsp;<\/p>\n<p style=\"text-align: center;\"><a href=\"http:\/\/mastermedcli.umh.es\/files\/2013\/02\/Imagen-UMH.png\"><img loading=\"lazy\" class=\"alignnone size-full wp-image-504\" src=\"http:\/\/mastermedcli.umh.es\/files\/2013\/02\/Imagen-UMH.png\" alt=\"Imatge UMH\" width=\"72\" height=\"81\" \/><\/a><\/p>\n<h2 style=\"text-align: center;\"><span style=\"color: #993300;\"><strong>Calendari del M\u00e0ster edici\u00f3 2018-2019<\/strong><\/span><\/h2>\n<p style=\"text-align: center;\">Descarrega el document <a href=\"https:\/\/drive.google.com\/file\/d\/1hEFnuzjSqcpYtD1EOB_RYGHRSCaZigc3\/view?usp=sharing\" target=\"_blank\" rel=\"noopener\"><strong>AC\u00cd<\/strong><\/a><\/p>\n<p style=\"text-align: center;\"><iframe loading=\"lazy\" src=\"https:\/\/docs.google.com\/document\/d\/e\/2PACX-1vTPnJArqVmPlaxzDK3jVuIeLXhO8SM5awyrwBcyD0XnGpqhc4KeDWjcAMwV-rZkdTjS8uDvo61toprA\/pub?embedded=true\" width=\"900\" height=\"3000\"><\/iframe>[:]<\/p>\n<p>[\/et_pb_text][\/et_pb_column][\/et_pb_row][\/et_pb_section]<\/p>\n","protected":false},"excerpt":{"rendered":"<p>&nbsp; Calendari del M\u00e0ster edici\u00f3 2018-2019 Descarrega el document AC\u00cd [:]<\/p>\n","protected":false},"author":1147,"featured_media":0,"parent":0,"menu_order":20,"comment_status":"closed","ping_status":"closed","template":"","meta":{"_et_pb_use_builder":"on","_et_pb_old_content":"[:es]<p style=\"text-align: center;\"><a href=\"http:\/\/mastermedcli.umh.es\/files\/2013\/02\/Imagen-UMH.png\"><img class=\"alignnone size-full wp-image-504\" src=\"http:\/\/mastermedcli.umh.es\/files\/2013\/02\/Imagen-UMH.png\" alt=\"Imagen UMH\" width=\"72\" height=\"81\" \/><\/a><\/p>\r\n\r\n<h2 style=\"text-align: center;\"><span style=\"color: #993300;\"><strong>Calendario del M\u00e1ster edici\u00f3n 2020-2021<\/strong><\/span><\/h2>\r\n<p style=\"text-align: center;\">Descarga el documento <a href=\"http:\/\/mastermedcli.umh.es\/files\/2020\/09\/Calendario-del-Master-U-en-Investigaci\u00f3n-en-Medicina-Clinica_2020-2021-ver2-1.pdf\" target=\"_blank\">AQU\u00cd<\/a><\/p>\r\n<iframe src=\"https:\/\/docs.google.com\/document\/d\/1OR7R8qnvFgIh6JiI433BGaJJ8Q35Rx9IG9gpNPwrWE8\/preview\" width=\"800\" height=\"2500\"><\/iframe>[:en]<p style=\"text-align: center;\"><a href=\"http:\/\/mastermedcli.umh.es\/files\/2013\/02\/Imagen-UMH.png\"><img class=\"alignnone size-full wp-image-504\" src=\"http:\/\/mastermedcli.umh.es\/files\/2013\/02\/Imagen-UMH.png\" alt=\"Image UMH\" width=\"72\" height=\"81\" \/><\/a><\/p>\r\n\r\n<h2 style=\"text-align: center;\"><span style=\"color: #993300;\"><strong>Calendar of the Master's degree Edition 2018-2019<\/strong><\/span><\/h2>\r\n<p style=\"text-align: center;\">Download the document <a href=\"https:\/\/drive.google.com\/file\/d\/1hEFnuzjSqcpYtD1EOB_RYGHRSCaZigc3\/view?usp=sharing\" target=\"_blank\">HERE<\/a><\/p>\r\n<iframe src=\"https:\/\/docs.google.com\/document\/d\/e\/2PACX-1vTPnJArqVmPlaxzDK3jVuIeLXhO8SM5awyrwBcyD0XnGpqhc4KeDWjcAMwV-rZkdTjS8uDvo61toprA\/pub?embedded=true\" width=\"800\" height=\"2800\"><\/iframe>[:ca]<p style=\"text-align: center;\"><a href=\"http:\/\/mastermedcli.umh.es\/files\/2013\/02\/Imagen-UMH.png\"><img class=\"alignnone size-full wp-image-504\" src=\"http:\/\/mastermedcli.umh.es\/files\/2013\/02\/Imagen-UMH.png\" alt=\"Imatge UMH\" width=\"72\" height=\"81\" \/><\/a><\/p>\r\n\u00a0\r\n<h2 style=\"text-align: center;\"><span style=\"color: #993300;\"><strong>Calendari del M\u00e0ster edici\u00f3 2018-2019<\/strong><\/span><\/h2>\r\n<p style=\"text-align: center;\">Descarrega el document <a href=\"https:\/\/drive.google.com\/file\/d\/1hEFnuzjSqcpYtD1EOB_RYGHRSCaZigc3\/view?usp=sharing\" target=\"_blank\"><strong>AC\u00cd<\/strong><\/a><\/p>\r\n<iframe src=\"https:\/\/docs.google.com\/document\/d\/e\/2PACX-1vTPnJArqVmPlaxzDK3jVuIeLXhO8SM5awyrwBcyD0XnGpqhc4KeDWjcAMwV-rZkdTjS8uDvo61toprA\/pub?embedded=true\" width=\"800\" height=\"2800\"><\/iframe>[:]","_et_gb_content_width":"","_links_to":"","_links_to_target":""},"yoast_head":"<!-- This site is optimized with the Yoast SEO plugin v17.5 - https:\/\/yoast.com\/wordpress\/plugins\/seo\/ -->\n<title>Calendari del M\u00e0ster - M\u00e1ster en Investigaci\u00f3n en Medicina Cl\u00ednica<\/title>\n<meta name=\"robots\" content=\"index, follow, max-snippet:-1, max-image-preview:large, max-video-preview:-1\" \/>\n<link rel=\"canonical\" href=\"https:\/\/mastermedcli.umh.es\/ca\/cronograma-edicion-2020-2021\/\" \/>\n<meta property=\"og:locale\" content=\"ca_ES\" \/>\n<meta property=\"og:type\" content=\"article\" \/>\n<meta property=\"og:title\" content=\"Calendari del M\u00e0ster - M\u00e1ster en Investigaci\u00f3n en Medicina Cl\u00ednica\" \/>\n<meta property=\"og:description\" content=\"&nbsp; Calendari del M\u00e0ster edici\u00f3 2018-2019 Descarrega el document AC\u00cd [:]\" \/>\n<meta property=\"og:url\" content=\"https:\/\/mastermedcli.umh.es\/ca\/cronograma-edicion-2020-2021\/\" \/>\n<meta property=\"og:site_name\" content=\"M\u00e1ster en Investigaci\u00f3n en Medicina Cl\u00ednica\" \/>\n<meta property=\"article:modified_time\" content=\"2022-09-07T07:11:31+00:00\" \/>\n<meta property=\"og:image\" content=\"http:\/\/mastermedcli.umh.es\/files\/2013\/02\/Imagen-UMH.png\" \/>\n<meta name=\"twitter:card\" content=\"summary\" \/>\n<meta name=\"twitter:site\" content=\"@MclinicaUMH\" \/>\n<script type=\"application\/ld+json\" class=\"yoast-schema-graph\">{\"@context\":\"https:\/\/schema.org\",\"@graph\":[{\"@type\":\"Organization\",\"@id\":\"https:\/\/mastermedcli.umh.es\/#organization\",\"name\":\"Universidad Miguel Hern\\u00e1ndez de Elche\",\"url\":\"https:\/\/mastermedcli.umh.es\/\",\"sameAs\":[\"https:\/\/twitter.com\/MclinicaUMH\"],\"logo\":{\"@type\":\"ImageObject\",\"@id\":\"https:\/\/mastermedcli.umh.es\/#logo\",\"inLanguage\":\"ca\",\"url\":\"http:\/\/mastermedcli.umh.es\/files\/2017\/07\/logo-umh.jpg\",\"contentUrl\":\"http:\/\/mastermedcli.umh.es\/files\/2017\/07\/logo-umh.jpg\",\"width\":328,\"height\":100,\"caption\":\"Universidad Miguel Hern\\u00e1ndez de Elche\"},\"image\":{\"@id\":\"https:\/\/mastermedcli.umh.es\/#logo\"}},{\"@type\":\"WebSite\",\"@id\":\"https:\/\/mastermedcli.umh.es\/#website\",\"url\":\"https:\/\/mastermedcli.umh.es\/\",\"name\":\"M\\u00e1ster en Investigaci\\u00f3n en Medicina Cl\\u00ednica\",\"description\":\"Universidad Miguel Hern\\u00e1ndez de Elche\",\"publisher\":{\"@id\":\"https:\/\/mastermedcli.umh.es\/#organization\"},\"potentialAction\":[{\"@type\":\"SearchAction\",\"target\":{\"@type\":\"EntryPoint\",\"urlTemplate\":\"https:\/\/mastermedcli.umh.es\/?s={search_term_string}\"},\"query-input\":\"required name=search_term_string\"}],\"inLanguage\":\"ca\"},{\"@type\":\"ImageObject\",\"@id\":\"https:\/\/mastermedcli.umh.es\/ca\/cronograma-edicion-2020-2021\/#primaryimage\",\"inLanguage\":\"ca\",\"url\":\"http:\/\/mastermedcli.umh.es\/files\/2013\/02\/Imagen-UMH.png\",\"contentUrl\":\"http:\/\/mastermedcli.umh.es\/files\/2013\/02\/Imagen-UMH.png\"},{\"@type\":\"WebPage\",\"@id\":\"https:\/\/mastermedcli.umh.es\/ca\/cronograma-edicion-2020-2021\/#webpage\",\"url\":\"https:\/\/mastermedcli.umh.es\/ca\/cronograma-edicion-2020-2021\/\",\"name\":\"Calendari del M\\u00e0ster - M\\u00e1ster en Investigaci\\u00f3n en Medicina Cl\\u00ednica\",\"isPartOf\":{\"@id\":\"https:\/\/mastermedcli.umh.es\/#website\"},\"primaryImageOfPage\":{\"@id\":\"https:\/\/mastermedcli.umh.es\/ca\/cronograma-edicion-2020-2021\/#primaryimage\"},\"datePublished\":\"2014-06-04T18:02:12+00:00\",\"dateModified\":\"2022-09-07T07:11:31+00:00\",\"breadcrumb\":{\"@id\":\"https:\/\/mastermedcli.umh.es\/ca\/cronograma-edicion-2020-2021\/#breadcrumb\"},\"inLanguage\":\"ca\",\"potentialAction\":[{\"@type\":\"ReadAction\",\"target\":[\"https:\/\/mastermedcli.umh.es\/ca\/cronograma-edicion-2020-2021\/\"]}]},{\"@type\":\"BreadcrumbList\",\"@id\":\"https:\/\/mastermedcli.umh.es\/ca\/cronograma-edicion-2020-2021\/#breadcrumb\",\"itemListElement\":[{\"@type\":\"ListItem\",\"position\":1,\"name\":\"Portada\",\"item\":\"https:\/\/mastermedcli.umh.es\/ca\/\"},{\"@type\":\"ListItem\",\"position\":2,\"name\":\"Calendari del M\\u00e0ster\"}]}]}<\/script>\n<!-- \/ Yoast SEO plugin. -->","yoast_head_json":{"title":"Calendari del M\u00e0ster - M\u00e1ster en Investigaci\u00f3n en Medicina Cl\u00ednica","robots":{"index":"index","follow":"follow","max-snippet":"max-snippet:-1","max-image-preview":"max-image-preview:large","max-video-preview":"max-video-preview:-1"},"canonical":"https:\/\/mastermedcli.umh.es\/ca\/cronograma-edicion-2020-2021\/","og_locale":"ca_ES","og_type":"article","og_title":"Calendari del M\u00e0ster - M\u00e1ster en Investigaci\u00f3n en Medicina Cl\u00ednica","og_description":"&nbsp; Calendari del M\u00e0ster edici\u00f3 2018-2019 Descarrega el document AC\u00cd [:]","og_url":"https:\/\/mastermedcli.umh.es\/ca\/cronograma-edicion-2020-2021\/","og_site_name":"M\u00e1ster en Investigaci\u00f3n en Medicina Cl\u00ednica","article_modified_time":"2022-09-07T07:11:31+00:00","og_image":[{"url":"http:\/\/mastermedcli.umh.es\/files\/2013\/02\/Imagen-UMH.png"}],"twitter_card":"summary","twitter_site":"@MclinicaUMH","schema":{"@context":"https:\/\/schema.org","@graph":[{"@type":"Organization","@id":"https:\/\/mastermedcli.umh.es\/#organization","name":"Universidad Miguel Hern\u00e1ndez de Elche","url":"https:\/\/mastermedcli.umh.es\/","sameAs":["https:\/\/twitter.com\/MclinicaUMH"],"logo":{"@type":"ImageObject","@id":"https:\/\/mastermedcli.umh.es\/#logo","inLanguage":"ca","url":"http:\/\/mastermedcli.umh.es\/files\/2017\/07\/logo-umh.jpg","contentUrl":"http:\/\/mastermedcli.umh.es\/files\/2017\/07\/logo-umh.jpg","width":328,"height":100,"caption":"Universidad Miguel Hern\u00e1ndez de Elche"},"image":{"@id":"https:\/\/mastermedcli.umh.es\/#logo"}},{"@type":"WebSite","@id":"https:\/\/mastermedcli.umh.es\/#website","url":"https:\/\/mastermedcli.umh.es\/","name":"M\u00e1ster en Investigaci\u00f3n en Medicina Cl\u00ednica","description":"Universidad Miguel Hern\u00e1ndez de Elche","publisher":{"@id":"https:\/\/mastermedcli.umh.es\/#organization"},"potentialAction":[{"@type":"SearchAction","target":{"@type":"EntryPoint","urlTemplate":"https:\/\/mastermedcli.umh.es\/?s={search_term_string}"},"query-input":"required name=search_term_string"}],"inLanguage":"ca"},{"@type":"ImageObject","@id":"https:\/\/mastermedcli.umh.es\/ca\/cronograma-edicion-2020-2021\/#primaryimage","inLanguage":"ca","url":"http:\/\/mastermedcli.umh.es\/files\/2013\/02\/Imagen-UMH.png","contentUrl":"http:\/\/mastermedcli.umh.es\/files\/2013\/02\/Imagen-UMH.png"},{"@type":"WebPage","@id":"https:\/\/mastermedcli.umh.es\/ca\/cronograma-edicion-2020-2021\/#webpage","url":"https:\/\/mastermedcli.umh.es\/ca\/cronograma-edicion-2020-2021\/","name":"Calendari del M\u00e0ster - M\u00e1ster en Investigaci\u00f3n en Medicina Cl\u00ednica","isPartOf":{"@id":"https:\/\/mastermedcli.umh.es\/#website"},"primaryImageOfPage":{"@id":"https:\/\/mastermedcli.umh.es\/ca\/cronograma-edicion-2020-2021\/#primaryimage"},"datePublished":"2014-06-04T18:02:12+00:00","dateModified":"2022-09-07T07:11:31+00:00","breadcrumb":{"@id":"https:\/\/mastermedcli.umh.es\/ca\/cronograma-edicion-2020-2021\/#breadcrumb"},"inLanguage":"ca","potentialAction":[{"@type":"ReadAction","target":["https:\/\/mastermedcli.umh.es\/ca\/cronograma-edicion-2020-2021\/"]}]},{"@type":"BreadcrumbList","@id":"https:\/\/mastermedcli.umh.es\/ca\/cronograma-edicion-2020-2021\/#breadcrumb","itemListElement":[{"@type":"ListItem","position":1,"name":"Portada","item":"https:\/\/mastermedcli.umh.es\/ca\/"},{"@type":"ListItem","position":2,"name":"Calendari del M\u00e0ster"}]}]}},"_links":{"self":[{"href":"https:\/\/mastermedcli.umh.es\/ca\/wp-json\/wp\/v2\/pages\/4124"}],"collection":[{"href":"https:\/\/mastermedcli.umh.es\/ca\/wp-json\/wp\/v2\/pages"}],"about":[{"href":"https:\/\/mastermedcli.umh.es\/ca\/wp-json\/wp\/v2\/types\/page"}],"author":[{"embeddable":true,"href":"https:\/\/mastermedcli.umh.es\/ca\/wp-json\/wp\/v2\/users\/1147"}],"replies":[{"embeddable":true,"href":"https:\/\/mastermedcli.umh.es\/ca\/wp-json\/wp\/v2\/comments?post=4124"}],"version-history":[{"count":0,"href":"https:\/\/mastermedcli.umh.es\/ca\/wp-json\/wp\/v2\/pages\/4124\/revisions"}],"wp:attachment":[{"href":"https:\/\/mastermedcli.umh.es\/ca\/wp-json\/wp\/v2\/media?parent=4124"}],"curies":[{"name":"wp","href":"https:\/\/api.w.org\/{rel}","templated":true}]}}