{"id":4157,"date":"2013-04-24T08:25:38","date_gmt":"2013-04-24T08:25:38","guid":{"rendered":"https:\/\/mastermedcli.umh.es\/asignaturas\/"},"modified":"2022-09-14T10:07:44","modified_gmt":"2022-09-14T10:07:44","slug":"asignaturas","status":"publish","type":"page","link":"https:\/\/mastermedcli.umh.es\/ca\/asignaturas\/","title":{"rendered":"Assignatures"},"content":{"rendered":"<p><strong>M\u00f2dul Com\u00fa de Mat\u00e8ries Obligat\u00f2ries:<\/strong><\/p>\n<ul>\n<li><span style=\"font-size: large;\"><span style=\"font-family: Calibri, Verdana, Helvetica, Arial;\"><a title=\"Metodologia de la recerca I \" href=\"https:\/\/umh.es\/contenido\/Estudios\/:asi_m_629\/datos_val.html\" target=\"_blank\" rel=\"noopener\">Metodologia de la recerca I <\/a><\/span><\/span><\/li>\n<li><span style=\"font-size: large;\"><span style=\"font-family: Calibri, Verdana, Helvetica, Arial;\"><a title=\"Metodologia de la recerca II \" href=\"https:\/\/umh.es\/contenido\/Estudios\/:asi_m_1385\/datos_val.html\" target=\"_blank\" rel=\"noopener\">Metodologia de la recerca II<br \/>\n<\/a><\/span><\/span><\/li>\n<li><span style=\"font-size: large;\"><span style=\"font-family: Calibri, Verdana, Helvetica, Arial;\"><a title=\"Documentaci\u00f3 cient\u00edfica avan\u00e7ada i elaboraci\u00f3 pr\u00e0ctica d'un projecte de recera\" href=\"https:\/\/umh.es\/contenido\/Estudios\/:asi_m_1342\/datos_val.html\" target=\"_blank\" rel=\"noopener\">Documentaci\u00f3 cient\u00edfica avan\u00e7ada i elaboraci\u00f3 pr\u00e0ctica d&#8217;un projecte de recera<\/a><\/span><\/span><\/li>\n<li><span style=\"font-size: large;\"><span style=\"font-family: Calibri, Verdana, Helvetica, Arial;\"><a title=\"Aplicaci\u00f3 de l'evid\u00e8ncia cient\u00edfica a la medicina\" href=\"https:\/\/umh.es\/contenido\/Estudios\/:asi_m_630\/datos_val.html\" target=\"_blank\" rel=\"noopener\">Aplicaci\u00f3 de l&#8217;evid\u00e8ncia cient\u00edfica a la medicina<\/a><\/span><\/span><\/li>\n<\/ul>\n<p>&nbsp;<\/p>\n<p><strong>ASSIGNATURES OPTATIVES (4,5 ECTS):<\/strong><\/p>\n<ul>\n<li><span style=\"font-size: large;\"><span style=\"font-family: Calibri, Verdana, Helvetica, Arial;\"><a title=\"T\u00e8cniques en comunicaci\u00f3 i eines Web en recerca\" href=\"https:\/\/umh.es\/contenido\/Estudios\/:asi_m_3389\/datos_val.html\" target=\"_blank\" rel=\"noopener\">T\u00e8cniques en comunicaci\u00f3 i eines Web en recerca<\/a>\u00a0<\/span><\/span><\/li>\n<li><span style=\"font-size: large;\"><span style=\"font-family: Calibri, Verdana, Helvetica, Arial;\"><a title=\"Escriptura i publicaci\u00f3 d'un article Cient\u00edfic \" href=\"https:\/\/umh.es\/contenido\/Estudios\/:asi_m_2694\/datos_val.html\" target=\"_blank\" rel=\"noopener\">Escriptura i publicaci\u00f3 d&#8217;un article Cient\u00edfic <\/a><\/span><\/span><\/li>\n<li><span style=\"font-size: large;\"><span style=\"font-family: Calibri, Verdana, Helvetica, Arial;\"><a title=\"Assajos cl\u00ednics i recerca cl\u00ednica \" href=\"https:\/\/umh.es\/contenido\/Estudios\/:asi_m_2692\/datos_val.html\" target=\"_blank\" rel=\"noopener\">Assajos cl\u00ednics i recerca cl\u00ednica<br \/>\n<\/a><\/span><\/span><\/li>\n<li><span style=\"font-size: large;\"><span style=\"font-family: Calibri, Verdana, Helvetica, Arial;\"><a title=\"Metodologia de la recerca qualitativa en ci\u00e8ncia de la salut\" href=\"https:\/\/umh.es\/contenido\/Estudios\/:asi_m_8293\/datos_val.html\" target=\"_blank\" rel=\"noopener\">Metodologia de la recerca qualitativa en ci\u00e8ncia de la salut<\/a><\/span><\/span><\/li>\n<\/ul>\n<p>&nbsp;<\/p>\n<p><strong>ASSIGNATURES OPTATIVES (3 ECTS):<\/strong><\/p>\n<ul>\n<li><span style=\"font-size: large;\"><span style=\"font-family: Calibri, Verdana, Helvetica, Arial;\"><a href=\"https:\/\/umh.es\/contenido\/Estudios\/:asi_m_3679\/datos_es.html\" target=\"_blank\" rel=\"noopener\">T\u00e9cnica &#8220;In vivo i in vitro&#8221; en la investigaci\u00f3 cl\u00ednica<br \/>\n<\/a><\/span><\/span><\/li>\n<li><span style=\"font-size: large;\"><span style=\"font-family: Calibri, Verdana, Helvetica, Arial;\"><a title=\"Investigaci\u00f3 en gesti\u00f3 cl\u00ednica \" href=\"https:\/\/umh.es\/contenido\/Estudios\/:asi_m_3681\/datos_es.html\" target=\"_blank\" rel=\"noopener\">Investigaci\u00f3 en gesti\u00f3 cl\u00ednica<br \/>\n<\/a><\/span><\/span><\/li>\n<li><span style=\"font-size: large;\"><span style=\"font-family: Calibri, Verdana, Helvetica, Arial;\"><a title=\"Revisions sistem\u00e0tiques i Metaan\u00e1lisis\" href=\"https:\/\/umh.es\/contenido\/Estudios\/:asi_m_3390\/datos_es.html\" target=\"_blank\" rel=\"noopener\">Revisions sistem\u00e0tiques i Metaan\u00e1lisis<\/a><\/span><\/span><\/li>\n<li><span style=\"font-size: large;\"><span style=\"font-family: Calibri, Verdana, Helvetica, Arial;\"><a title=\"Models d'intel\u00b7lig\u00e8ncia artificial en ci\u00e8ncies de la salut\" href=\"https:\/\/umh.es\/contenido\/Estudios\/:asi_m_8293\/datos_es.htmll\" target=\"_blank\" rel=\"noopener\">Models d&#8217;intel\u00b7lig\u00e8ncia artificial en ci\u00e8ncies de la salut<\/a><\/span><\/span><\/li>\n<\/ul>\n<p>&nbsp;<\/p>\n<p><strong>TREBALL FI DE M\u00c0STER:<\/strong><\/p>\n<ul>\n<li><span style=\"font-size: large;\"><span style=\"font-family: Calibri, Verdana, Helvetica, Arial;\"><a title=\"Treball fi de m\u00e0ster\" href=\"https:\/\/umh.es\/contenido\/Estudios\/:asi_m_637\/datos_val.html\" target=\"_blank\" rel=\"noopener\">Treball fi de m\u00e0ster<\/a><\/span><\/span><\/li>\n<\/ul>\n<p><!--[et_pb_section][et_pb_row][et_pb_column type=\"4_4\"][et_pb_text]\n\n\n<ul>\n \t\n\n<li><span style=\"font-size: large;\"><span style=\"font-family: Calibri, Verdana, Helvetica, Arial;\"><a title=\"MetodologIa de la Investigaci\u00f3 I\" href=\"http:\/\/umh0629.edu.umh.es\/\" target=\"_blank\" rel=\"noopener\">Metodologia de la Investigaci\u00f3 I<\/a><\/span><\/span><\/li>\n\n\n<\/ul>\n\n\n&nbsp;\n\n\n<ul>\n \t\n\n<li><span style=\"font-size: large;\"><span style=\"font-family: Calibri, Verdana, Helvetica, Arial;\"><a title=\"MetodologIa de la Investigaci\u00f3 II\" href=\"http:\/\/umh1385.edu.umh.es\/\" target=\"_blank\" rel=\"noopener\">Metodologia de la Investigaci\u00f3 II<\/a><\/span><\/span><\/li>\n\n\n<\/ul>\n\n\n&nbsp;\n\n\n<ul>\n \t\n\n<li><span style=\"font-size: large;\"><span style=\"font-family: Calibri, Verdana, Helvetica, Arial;\"><a title=\"Documentaci\u00f3 cient\u00edfica avan\u00e7ada i elaboraci\u00f3 pr\u00e0ctica d'un projecte de recerca\" href=\"http:\/\/umh1342.edu.umh.es\/\" target=\"_blank\" rel=\"noopener\">Documentaci\u00f3 cient\u00edfica avan\u00e7ada i elaboraci\u00f3 pr\u00e0ctica d'un projecte de recerca<\/a><\/span><\/span><\/li>\n\n\n<\/ul>\n\n\n&nbsp;\n\n\n<ul>\n \t\n\n<li><span style=\"font-size: large;\"><span style=\"font-family: Calibri, Verdana, Helvetica, Arial;\"><a title=\"Aplicaci\u00f3 de l'evid\u00e8ncia cient\u00edfica en Medicina\" href=\"http:\/\/umh0630.edu.umh.es\/\" target=\"_blank\" rel=\"noopener\">Aplicaci\u00f3 de l'evid\u00e8ncia cient\u00edfica en Medicina<\/a><\/span><\/span><\/li>\n\n\n<\/ul>\n\n\n&nbsp;\n\n\n<ul>\n \t\n\n<li><span style=\"font-size: large;\"><span style=\"font-family: Calibri, Verdana, Helvetica, Arial;\"><a title=\"T\u00e8cniques de comunicaci\u00f3 i eines web en recerca\" href=\"http:\/\/umh3389.edu.umh.es\/\" target=\"_blank\" rel=\"noopener\">T\u00e8cniques de comunicaci\u00f3 i eines web en recerca<\/a>\u00a0<\/span><\/span><\/li>\n\n\n<\/ul>\n\n\n&nbsp;\n\n\n<ul>\n \t\n\n<li><span style=\"font-size: large;\"><span style=\"font-family: Calibri, Verdana, Helvetica, Arial;\"><a title=\"Escriptura i publicaci\u00f3 d'un article cient\u00edfic\" href=\"http:\/\/umh2694.edu.umh.es\/\" target=\"_blank\" rel=\"noopener\">Escriptura i publicaci\u00f3 d'un article cient\u00edfic<\/a><\/span><\/span><\/li>\n\n\n<\/ul>\n\n\n&nbsp;\n\n\n<ul>\n \t\n\n<li><span style=\"font-size: large;\"><span style=\"font-family: Calibri, Verdana, Helvetica, Arial;\"><a title=\"Assajos cl\u00ednics en Recerca cl\u00ednica\" href=\"http:\/\/umh2692.edu.umh.es\/\" target=\"_blank\" rel=\"noopener\">Assajos cl\u00ednics en Recerca cl\u00ednica<\/a><\/span><\/span><\/li>\n\n\n<\/ul>\n\n\n&nbsp;\n\n\n<ul>\n \t\n\n<li><span style=\"font-size: large;\"><span style=\"font-family: Calibri, Verdana, Helvetica, Arial;\"><a title=\"M\u00e8tode cient\u00edfic en la presa de decisions cl\u00edniques\" href=\"http:\/\/umh1341.edu.umh.es\/\" target=\"_blank\" rel=\"noopener\">M\u00e8tode cient\u00edfic en la presa de decisions cl\u00edniques<\/a>\n<\/span><\/span><\/li>\n\n\n<\/ul>\n\n\n&nbsp;\n\n\n<ul>\n \t\n\n<li><span style=\"font-size: large;\"><span style=\"font-family: Calibri, Verdana, Helvetica, Arial;\"><a title=\"Metodologia de la recerca qualitativa en ci\u00e8ncia de la salut\" href=\"http:\/\/umh0632.edu.umh.es\/\" target=\"_blank\" rel=\"noopener\">Metodologia de la recerca qualitativa en ci\u00e8ncia de la salut<\/a><\/span><\/span><\/li>\n\n\n<\/ul>\n\n\n&nbsp;\n\n\n<ul>\n \t\n\n<li><span style=\"font-size: large;\"><span style=\"font-family: Calibri, Verdana, Helvetica, Arial;\"><a title=\"T\u00e8cnica &quot;In vivo in vitre en la recerca cl\u00ednica\" href=\"http:\/\/umh3679.edu.umh.es\/\" target=\"_blank\" rel=\"noopener\">T\u00e8cnica \"In vivo in vitre\" en la recerca cl\u00ednica<\/a><\/span><\/span><\/li>\n\n\n<\/ul>\n\n\n&nbsp;\n\n\n<ul>\n \t\n\n<li><span style=\"font-size: large;\"><span style=\"font-family: Calibri, Verdana, Helvetica, Arial;\"><a title=\"Investigaci\u00f3 en Gesti\u00f3 Cl\u00ednica\" href=\"http:\/\/umh3681.edu.umh.es\/\" target=\"_blank\" rel=\"noopener\">Investigaci\u00f3 en Gesti\u00f3 Cl\u00ednica<\/a><\/span><\/span><\/li>\n\n\n<\/ul>\n\n\n&nbsp;\n\n\n<ul>\n \t\n\n<li><span style=\"font-size: large;\"><span style=\"font-family: Calibri, Verdana, Helvetica, Arial;\"><a title=\"Meta-an\u00e0lisi i revisi\u00f3 sistem\u00e0tica de la literatura\" href=\"http:\/\/umh3390.edu.umh.es\/\" target=\"_blank\" rel=\"noopener\">Meta-an\u00e0lisi i revisi\u00f3 sistem\u00e0tica de la literatura<\/a><\/span><\/span><\/li>\n\n\n<\/ul>\n\n\n&nbsp;\n\n\n<ul>\n \t\n\n<li><span style=\"font-size: large;\"><span style=\"font-family: Calibri, Verdana, Helvetica, Arial;\"><a title=\"Treball fi de M\u00e0ster\" href=\"http:\/\/umh0637.edu.umh.es\/\" target=\"_blank\" rel=\"noopener\">Treball fi de M\u00e0ster<\/a><\/span><\/span><\/li>\n\n\n<\/ul>\n\n\n[\/et_pb_text][\/et_pb_column][\/et_pb_row][\/et_pb_section] --><\/p>\n","protected":false},"excerpt":{"rendered":"<p>M\u00f2dul Com\u00fa de Mat\u00e8ries Obligat\u00f2ries: Metodologia de la recerca I Metodologia de la recerca II Documentaci\u00f3 cient\u00edfica avan\u00e7ada i elaboraci\u00f3 pr\u00e0ctica d&#8217;un projecte de receraAplicaci\u00f3 de l&#8217;evid\u00e8ncia cient\u00edfica a la medicina &nbsp; ASSIGNATURES OPTATIVES (4,5 ECTS): T\u00e8cniques en comunicaci\u00f3 i eines Web en recerca\u00a0 Escriptura i publicaci\u00f3 d&#8217;un article Cient\u00edfic Assajos cl\u00ednics i recerca cl\u00ednica [&hellip;]<\/p>\n","protected":false},"author":3158,"featured_media":0,"parent":0,"menu_order":20,"comment_status":"closed","ping_status":"closed","template":"","meta":{"_et_pb_use_builder":"on","_et_pb_old_content":"[et_pb_section][et_pb_row][et_pb_column type=\"4_4\"][et_pb_text]\r\n<ul>\r\n \t<li><span style=\"font-size: large;\"><span style=\"font-family: Calibri, Verdana, Helvetica, Arial;\"><a title=\"MetodologIa de la Investigaci\u00f3 I\" href=\"http:\/\/umh0629.edu.umh.es\/\" target=\"_blank\" rel=\"noopener\">Metodologia de la Investigaci\u00f3 I<\/a><\/span><\/span><\/li>\r\n<\/ul>\r\n\u00a0\r\n<ul>\r\n \t<li><span style=\"font-size: large;\"><span style=\"font-family: Calibri, Verdana, Helvetica, Arial;\"><a title=\"MetodologIa de la Investigaci\u00f3 II\" href=\"http:\/\/umh1385.edu.umh.es\/\" target=\"_blank\" rel=\"noopener\">Metodologia de la Investigaci\u00f3 II<\/a><\/span><\/span><\/li>\r\n<\/ul>\r\n\u00a0\r\n<ul>\r\n \t<li><span style=\"font-size: large;\"><span style=\"font-family: Calibri, Verdana, Helvetica, Arial;\"><a title=\"Documentaci\u00f3 cient\u00edfica avan\u00e7ada i elaboraci\u00f3 pr\u00e0ctica d'un projecte de recerca\" href=\"http:\/\/umh1342.edu.umh.es\/\" target=\"_blank\" rel=\"noopener\">Documentaci\u00f3 cient\u00edfica avan\u00e7ada i elaboraci\u00f3 pr\u00e0ctica d'un projecte de recerca<\/a><\/span><\/span><\/li>\r\n<\/ul>\r\n\u00a0\r\n<ul>\r\n \t<li><span style=\"font-size: large;\"><span style=\"font-family: Calibri, Verdana, Helvetica, Arial;\"><a title=\"Aplicaci\u00f3 de l'evid\u00e8ncia cient\u00edfica en Medicina\" href=\"http:\/\/umh0630.edu.umh.es\/\" target=\"_blank\" rel=\"noopener\">Aplicaci\u00f3 de l'evid\u00e8ncia cient\u00edfica en Medicina<\/a><\/span><\/span><\/li>\r\n<\/ul>\r\n\u00a0\r\n<ul>\r\n \t<li><span style=\"font-size: large;\"><span style=\"font-family: Calibri, Verdana, Helvetica, Arial;\"><a title=\"T\u00e8cniques de comunicaci\u00f3 i eines web en recerca\" href=\"http:\/\/umh3389.edu.umh.es\/\" target=\"_blank\" rel=\"noopener\">T\u00e8cniques de comunicaci\u00f3 i eines web en recerca<\/a>\u00a0<\/span><\/span><\/li>\r\n<\/ul>\r\n\u00a0\r\n<ul>\r\n \t<li><span style=\"font-size: large;\"><span style=\"font-family: Calibri, Verdana, Helvetica, Arial;\"><a title=\"Escriptura i publicaci\u00f3 d'un article cient\u00edfic\" href=\"http:\/\/umh2694.edu.umh.es\/\" target=\"_blank\" rel=\"noopener\">Escriptura i publicaci\u00f3 d'un article cient\u00edfic<\/a><\/span><\/span><\/li>\r\n<\/ul>\r\n\u00a0\r\n<ul>\r\n \t<li><span style=\"font-size: large;\"><span style=\"font-family: Calibri, Verdana, Helvetica, Arial;\"><a title=\"Assajos cl\u00ednics en Recerca cl\u00ednica\" href=\"http:\/\/umh2692.edu.umh.es\/\" target=\"_blank\" rel=\"noopener\">Assajos cl\u00ednics en Recerca cl\u00ednica<\/a><\/span><\/span><\/li>\r\n<\/ul>\r\n\u00a0\r\n<ul>\r\n \t<li><span style=\"font-size: large;\"><span style=\"font-family: Calibri, Verdana, Helvetica, Arial;\"><a title=\"M\u00e8tode cient\u00edfic en la presa de decisions cl\u00edniques\" href=\"http:\/\/umh1341.edu.umh.es\/\" target=\"_blank\" rel=\"noopener\">M\u00e8tode cient\u00edfic en la presa de decisions cl\u00edniques<\/a>\r\n<\/span><\/span><\/li>\r\n<\/ul>\r\n\u00a0\r\n<ul>\r\n \t<li><span style=\"font-size: large;\"><span style=\"font-family: Calibri, Verdana, Helvetica, Arial;\"><a title=\"Metodologia de la recerca qualitativa en ci\u00e8ncia de la salut\" href=\"http:\/\/umh0632.edu.umh.es\/\" target=\"_blank\" rel=\"noopener\">Metodologia de la recerca qualitativa en ci\u00e8ncia de la salut<\/a><\/span><\/span><\/li>\r\n<\/ul>\r\n\u00a0\r\n<ul>\r\n \t<li><span style=\"font-size: large;\"><span style=\"font-family: Calibri, Verdana, Helvetica, Arial;\"><a title=\"T\u00e8cnica \"In vivo in vitre en la recerca cl\u00ednica\" href=\"http:\/\/umh3679.edu.umh.es\/\" target=\"_blank\" rel=\"noopener\">T\u00e8cnica \"In vivo in vitre\" en la recerca cl\u00ednica<\/a><\/span><\/span><\/li>\r\n<\/ul>\r\n\u00a0\r\n<ul>\r\n \t<li><span style=\"font-size: large;\"><span style=\"font-family: Calibri, Verdana, Helvetica, Arial;\"><a title=\"Investigaci\u00f3 en Gesti\u00f3 Cl\u00ednica\" href=\"http:\/\/umh3681.edu.umh.es\/\" target=\"_blank\" rel=\"noopener\">Investigaci\u00f3 en Gesti\u00f3 Cl\u00ednica<\/a><\/span><\/span><\/li>\r\n<\/ul>\r\n\u00a0\r\n<ul>\r\n \t<li><span style=\"font-size: large;\"><span style=\"font-family: Calibri, Verdana, Helvetica, Arial;\"><a title=\"Meta-an\u00e0lisi i revisi\u00f3 sistem\u00e0tica de la literatura\" href=\"http:\/\/umh3390.edu.umh.es\/\" target=\"_blank\" rel=\"noopener\">Meta-an\u00e0lisi i revisi\u00f3 sistem\u00e0tica de la literatura<\/a><\/span><\/span><\/li>\r\n<\/ul>\r\n\u00a0\r\n<ul>\r\n \t<li><span style=\"font-size: large;\"><span style=\"font-family: Calibri, Verdana, Helvetica, Arial;\"><a title=\"Treball fi de M\u00e0ster\" href=\"http:\/\/umh0637.edu.umh.es\/\" target=\"_blank\" rel=\"noopener\">Treball fi de M\u00e0ster<\/a><\/span><\/span><\/li>\r\n<\/ul>\r\n[\/et_pb_text][\/et_pb_column][\/et_pb_row][\/et_pb_section]","_et_gb_content_width":"","_links_to":"","_links_to_target":""},"yoast_head":"<!-- This site is optimized with the Yoast SEO plugin v17.5 - https:\/\/yoast.com\/wordpress\/plugins\/seo\/ -->\n<title>Assignatures - M\u00e1ster en Investigaci\u00f3n en Medicina Cl\u00ednica<\/title>\n<meta name=\"robots\" content=\"index, follow, max-snippet:-1, max-image-preview:large, max-video-preview:-1\" \/>\n<link rel=\"canonical\" href=\"https:\/\/mastermedcli.umh.es\/ca\/asignaturas\/\" \/>\n<meta property=\"og:locale\" content=\"ca_ES\" \/>\n<meta property=\"og:type\" content=\"article\" \/>\n<meta property=\"og:title\" content=\"Assignatures - M\u00e1ster en Investigaci\u00f3n en Medicina Cl\u00ednica\" \/>\n<meta property=\"og:description\" content=\"M\u00f2dul Com\u00fa de Mat\u00e8ries Obligat\u00f2ries: Metodologia de la recerca I Metodologia de la recerca II Documentaci\u00f3 cient\u00edfica avan\u00e7ada i elaboraci\u00f3 pr\u00e0ctica d&#039;un projecte de receraAplicaci\u00f3 de l&#039;evid\u00e8ncia cient\u00edfica a la medicina &nbsp; ASSIGNATURES OPTATIVES (4,5 ECTS): T\u00e8cniques en comunicaci\u00f3 i eines Web en recerca\u00a0 Escriptura i publicaci\u00f3 d&#039;un article Cient\u00edfic Assajos cl\u00ednics i recerca cl\u00ednica [&hellip;]\" \/>\n<meta property=\"og:url\" content=\"https:\/\/mastermedcli.umh.es\/ca\/asignaturas\/\" \/>\n<meta property=\"og:site_name\" content=\"M\u00e1ster en Investigaci\u00f3n en Medicina Cl\u00ednica\" \/>\n<meta property=\"article:modified_time\" content=\"2022-09-14T10:07:44+00:00\" \/>\n<meta name=\"twitter:card\" content=\"summary\" \/>\n<meta name=\"twitter:site\" content=\"@MclinicaUMH\" \/>\n<meta name=\"twitter:label1\" content=\"Temps estimat de lectura\" \/>\n\t<meta name=\"twitter:data1\" content=\"1 minut\" \/>\n<script type=\"application\/ld+json\" class=\"yoast-schema-graph\">{\"@context\":\"https:\/\/schema.org\",\"@graph\":[{\"@type\":\"Organization\",\"@id\":\"https:\/\/mastermedcli.umh.es\/#organization\",\"name\":\"Universidad Miguel Hern\\u00e1ndez de Elche\",\"url\":\"https:\/\/mastermedcli.umh.es\/\",\"sameAs\":[\"https:\/\/twitter.com\/MclinicaUMH\"],\"logo\":{\"@type\":\"ImageObject\",\"@id\":\"https:\/\/mastermedcli.umh.es\/#logo\",\"inLanguage\":\"ca\",\"url\":\"http:\/\/mastermedcli.umh.es\/files\/2017\/07\/logo-umh.jpg\",\"contentUrl\":\"http:\/\/mastermedcli.umh.es\/files\/2017\/07\/logo-umh.jpg\",\"width\":328,\"height\":100,\"caption\":\"Universidad Miguel Hern\\u00e1ndez de Elche\"},\"image\":{\"@id\":\"https:\/\/mastermedcli.umh.es\/#logo\"}},{\"@type\":\"WebSite\",\"@id\":\"https:\/\/mastermedcli.umh.es\/#website\",\"url\":\"https:\/\/mastermedcli.umh.es\/\",\"name\":\"M\\u00e1ster en Investigaci\\u00f3n en Medicina Cl\\u00ednica\",\"description\":\"Universidad Miguel Hern\\u00e1ndez de Elche\",\"publisher\":{\"@id\":\"https:\/\/mastermedcli.umh.es\/#organization\"},\"potentialAction\":[{\"@type\":\"SearchAction\",\"target\":{\"@type\":\"EntryPoint\",\"urlTemplate\":\"https:\/\/mastermedcli.umh.es\/?s={search_term_string}\"},\"query-input\":\"required name=search_term_string\"}],\"inLanguage\":\"ca\"},{\"@type\":\"WebPage\",\"@id\":\"https:\/\/mastermedcli.umh.es\/ca\/asignaturas\/#webpage\",\"url\":\"https:\/\/mastermedcli.umh.es\/ca\/asignaturas\/\",\"name\":\"Assignatures - M\\u00e1ster en Investigaci\\u00f3n en Medicina Cl\\u00ednica\",\"isPartOf\":{\"@id\":\"https:\/\/mastermedcli.umh.es\/#website\"},\"datePublished\":\"2013-04-24T08:25:38+00:00\",\"dateModified\":\"2022-09-14T10:07:44+00:00\",\"breadcrumb\":{\"@id\":\"https:\/\/mastermedcli.umh.es\/ca\/asignaturas\/#breadcrumb\"},\"inLanguage\":\"ca\",\"potentialAction\":[{\"@type\":\"ReadAction\",\"target\":[\"https:\/\/mastermedcli.umh.es\/ca\/asignaturas\/\"]}]},{\"@type\":\"BreadcrumbList\",\"@id\":\"https:\/\/mastermedcli.umh.es\/ca\/asignaturas\/#breadcrumb\",\"itemListElement\":[{\"@type\":\"ListItem\",\"position\":1,\"name\":\"Portada\",\"item\":\"https:\/\/mastermedcli.umh.es\/ca\/\"},{\"@type\":\"ListItem\",\"position\":2,\"name\":\"Assignatures\"}]}]}<\/script>\n<!-- \/ Yoast SEO plugin. -->","yoast_head_json":{"title":"Assignatures - M\u00e1ster en Investigaci\u00f3n en Medicina Cl\u00ednica","robots":{"index":"index","follow":"follow","max-snippet":"max-snippet:-1","max-image-preview":"max-image-preview:large","max-video-preview":"max-video-preview:-1"},"canonical":"https:\/\/mastermedcli.umh.es\/ca\/asignaturas\/","og_locale":"ca_ES","og_type":"article","og_title":"Assignatures - M\u00e1ster en Investigaci\u00f3n en Medicina Cl\u00ednica","og_description":"M\u00f2dul Com\u00fa de Mat\u00e8ries Obligat\u00f2ries: Metodologia de la recerca I Metodologia de la recerca II Documentaci\u00f3 cient\u00edfica avan\u00e7ada i elaboraci\u00f3 pr\u00e0ctica d'un projecte de receraAplicaci\u00f3 de l'evid\u00e8ncia cient\u00edfica a la medicina &nbsp; ASSIGNATURES OPTATIVES (4,5 ECTS): T\u00e8cniques en comunicaci\u00f3 i eines Web en recerca\u00a0 Escriptura i publicaci\u00f3 d'un article Cient\u00edfic Assajos cl\u00ednics i recerca cl\u00ednica [&hellip;]","og_url":"https:\/\/mastermedcli.umh.es\/ca\/asignaturas\/","og_site_name":"M\u00e1ster en Investigaci\u00f3n en Medicina Cl\u00ednica","article_modified_time":"2022-09-14T10:07:44+00:00","twitter_card":"summary","twitter_site":"@MclinicaUMH","twitter_misc":{"Temps estimat de lectura":"1 minut"},"schema":{"@context":"https:\/\/schema.org","@graph":[{"@type":"Organization","@id":"https:\/\/mastermedcli.umh.es\/#organization","name":"Universidad Miguel Hern\u00e1ndez de Elche","url":"https:\/\/mastermedcli.umh.es\/","sameAs":["https:\/\/twitter.com\/MclinicaUMH"],"logo":{"@type":"ImageObject","@id":"https:\/\/mastermedcli.umh.es\/#logo","inLanguage":"ca","url":"http:\/\/mastermedcli.umh.es\/files\/2017\/07\/logo-umh.jpg","contentUrl":"http:\/\/mastermedcli.umh.es\/files\/2017\/07\/logo-umh.jpg","width":328,"height":100,"caption":"Universidad Miguel Hern\u00e1ndez de Elche"},"image":{"@id":"https:\/\/mastermedcli.umh.es\/#logo"}},{"@type":"WebSite","@id":"https:\/\/mastermedcli.umh.es\/#website","url":"https:\/\/mastermedcli.umh.es\/","name":"M\u00e1ster en Investigaci\u00f3n en Medicina Cl\u00ednica","description":"Universidad Miguel Hern\u00e1ndez de Elche","publisher":{"@id":"https:\/\/mastermedcli.umh.es\/#organization"},"potentialAction":[{"@type":"SearchAction","target":{"@type":"EntryPoint","urlTemplate":"https:\/\/mastermedcli.umh.es\/?s={search_term_string}"},"query-input":"required name=search_term_string"}],"inLanguage":"ca"},{"@type":"WebPage","@id":"https:\/\/mastermedcli.umh.es\/ca\/asignaturas\/#webpage","url":"https:\/\/mastermedcli.umh.es\/ca\/asignaturas\/","name":"Assignatures - M\u00e1ster en Investigaci\u00f3n en Medicina Cl\u00ednica","isPartOf":{"@id":"https:\/\/mastermedcli.umh.es\/#website"},"datePublished":"2013-04-24T08:25:38+00:00","dateModified":"2022-09-14T10:07:44+00:00","breadcrumb":{"@id":"https:\/\/mastermedcli.umh.es\/ca\/asignaturas\/#breadcrumb"},"inLanguage":"ca","potentialAction":[{"@type":"ReadAction","target":["https:\/\/mastermedcli.umh.es\/ca\/asignaturas\/"]}]},{"@type":"BreadcrumbList","@id":"https:\/\/mastermedcli.umh.es\/ca\/asignaturas\/#breadcrumb","itemListElement":[{"@type":"ListItem","position":1,"name":"Portada","item":"https:\/\/mastermedcli.umh.es\/ca\/"},{"@type":"ListItem","position":2,"name":"Assignatures"}]}]}},"_links":{"self":[{"href":"https:\/\/mastermedcli.umh.es\/ca\/wp-json\/wp\/v2\/pages\/4157"}],"collection":[{"href":"https:\/\/mastermedcli.umh.es\/ca\/wp-json\/wp\/v2\/pages"}],"about":[{"href":"https:\/\/mastermedcli.umh.es\/ca\/wp-json\/wp\/v2\/types\/page"}],"author":[{"embeddable":true,"href":"https:\/\/mastermedcli.umh.es\/ca\/wp-json\/wp\/v2\/users\/3158"}],"replies":[{"embeddable":true,"href":"https:\/\/mastermedcli.umh.es\/ca\/wp-json\/wp\/v2\/comments?post=4157"}],"version-history":[{"count":0,"href":"https:\/\/mastermedcli.umh.es\/ca\/wp-json\/wp\/v2\/pages\/4157\/revisions"}],"wp:attachment":[{"href":"https:\/\/mastermedcli.umh.es\/ca\/wp-json\/wp\/v2\/media?parent=4157"}],"curies":[{"name":"wp","href":"https:\/\/api.w.org\/{rel}","templated":true}]}}