{"id":4169,"date":"2013-07-29T08:28:55","date_gmt":"2013-07-29T08:28:55","guid":{"rendered":"https:\/\/mastermedcli.umh.es\/bibliografia\/"},"modified":"2022-09-07T07:43:09","modified_gmt":"2022-09-07T07:43:09","slug":"bibliografia","status":"publish","type":"page","link":"https:\/\/mastermedcli.umh.es\/ca\/bibliografia\/","title":{"rendered":"Biblioteca i bibliografia"},"content":{"rendered":"<p>&nbsp;<\/p>\n<p style=\"text-align: center;\"><a href=\"http:\/\/mastermedcli.umh.es\/files\/2013\/07\/biblioteca-umh.png\"><img loading=\"lazy\" class=\"alignnone size-full wp-image-477\" src=\"http:\/\/mastermedcli.umh.es\/files\/2013\/07\/biblioteca-umh.png\" alt=\"biblioteca umh\" width=\"260\" height=\"194\" \/><\/a><\/p>\n<p style=\"text-align: center;\"><strong><span style=\"color: #993300;\">Recursos de la biblioteca de la Universitat Miguel Hern\u00e1ndez<\/span><\/strong><\/p>\n<p style=\"text-align: center;\">Com a alumnes del m\u00e0ster podreu accedir als recursos de la biblioteca de la Universitat Miguel Hern\u00e1ndez en el seg\u00fcent enlla\u00e7<a href=\"http:\/\/publicaciones.umh.es\/\" target=\"_blank\" rel=\"noopener\">\u00a0http:\/\/publicaciones.umh.es\/<\/a><\/p>\n<p style=\"text-align: center;\">Per a poder entrar cal <strong>identificar-se<\/strong> igual que per a una altra documentaci\u00f3 del M\u00e0ster<\/p>\n<p style=\"text-align: center;\">Es disposa de recursos com::<\/p>\n<p style=\"text-align: center;\"><span style=\"color: #993300;\">Principals plataformes i Bases de Dades<\/span><\/p>\n<p style=\"text-align: center;\"><span style=\"color: #993300;\">Llistat alfab\u00e8tic de revistes i altres bases de dades<\/span><\/p>\n<p style=\"text-align: center;\"><span style=\"color: #993300;\">Llibre electr\u00f2nic a trav\u00e9s de la plataforma i-llibre<\/span><\/p>\n<p style=\"text-align: center;\">En cas de problemes es pot contactar amb: biblio.ccsalud@umh.es o biblio_inves@umh.es<\/p>\n<p style=\"text-align: center;\">\u00a0<a href=\"http:\/\/mastermedcli.umh.es\/files\/2013\/07\/biblioteca-sant-joan.jpg\"><img loading=\"lazy\" class=\"alignnone size-medium wp-image-478\" src=\"http:\/\/mastermedcli.umh.es\/files\/2013\/07\/biblioteca-sant-joan-300x196.jpg\" alt=\"biblioteca sant joan\" width=\"300\" height=\"196\" srcset=\"https:\/\/mastermedcli.umh.es\/files\/2013\/07\/biblioteca-sant-joan-300x196.jpg 300w, https:\/\/mastermedcli.umh.es\/files\/2013\/07\/biblioteca-sant-joan.jpg 800w\" sizes=\"(max-width: 300px) 100vw, 300px\" \/><\/a><b><br \/>\n<\/b><\/p>\n<p style=\"text-align: center;\"><strong><span style=\"color: #993300;\">=================================================<\/span><\/strong><\/p>\n<p style=\"text-align: center;\"><span style=\"text-decoration: underline; color: #993300;\"><strong>Llibres online disponibles per als alumnes del M\u00e0ster<\/strong><\/span><\/p>\n<p>David G. Kleinbaum,\u00a0Kevin M. Sullivan,\u00a0Nancy D. Barker.\u00a0<a href=\"https:\/\/docs.google.com\/a\/goumh.umh.es\/file\/d\/0B-57dzE1bsZEZ2Q3MDVodDNCemM\/edit?usp=sharing\" target=\"_blank\" rel=\"noopener\">A Pocket Guide to\u00a0Epidemiology<\/a><\/p>\n<p>Kathryn J. Hannah, \u00a0Marion J. Ball.\u00a0<a href=\"https:\/\/docs.google.com\/a\/goumh.umh.es\/file\/d\/0B-57dzE1bsZEM0ZwMlJ3UUtWU2M\/edit?usp=sharing\" target=\"_blank\" rel=\"noopener\">Health Informatics\u00a0(formerly Computers in Health Care)<\/a><\/p>\n<p>M. Gail, K. Krickeberg, J. Samet, A. Tsiatis, W. Wong.\u00a0<a href=\"https:\/\/docs.google.com\/a\/goumh.umh.es\/file\/d\/0B-57dzE1bsZEMFFuQmVoZ2l4ZkE\/edit?usp=sharing\" target=\"_blank\" rel=\"noopener\">Statistics for Biology and Health<\/a><\/p>\n<p>&nbsp;<\/p>\n","protected":false},"excerpt":{"rendered":"<p>&nbsp; Recursos de la biblioteca de la Universitat Miguel Hern\u00e1ndez Com a alumnes del m\u00e0ster podreu accedir als recursos de la biblioteca de la Universitat Miguel Hern\u00e1ndez en el seg\u00fcent enlla\u00e7\u00a0http:\/\/publicaciones.umh.es\/ Per a poder entrar cal identificar-se igual que per a una altra documentaci\u00f3 del M\u00e0ster Es disposa de recursos com:: Principals plataformes i Bases [&hellip;]<\/p>\n","protected":false},"author":1159,"featured_media":0,"parent":0,"menu_order":70,"comment_status":"closed","ping_status":"closed","template":"","meta":{"_et_pb_use_builder":"on","_et_pb_old_content":"<p style=\"text-align: center;\"><a href=\"http:\/\/mastermedcli.umh.es\/files\/2013\/07\/biblioteca-umh.png\"><img class=\"alignnone size-full wp-image-477\" src=\"http:\/\/mastermedcli.umh.es\/files\/2013\/07\/biblioteca-umh.png\" alt=\"biblioteca umh\" width=\"260\" height=\"194\" \/><\/a><\/p><p style=\"text-align: center;\"><strong><span style=\"color: #993300;\">Recursos de la biblioteca de la Universitat Miguel Hern\u00e1ndez<\/span><\/strong><\/p><p style=\"text-align: center;\">Com a alumnes del m\u00e0ster podreu accedir als recursos de la biblioteca de la Universitat Miguel Hern\u00e1ndez en el seg\u00fcent enlla\u00e7<a href=\"http:\/\/publicaciones.umh.es\/\" target=\"_blank\" rel=\"noopener\">\u00a0http:\/\/publicaciones.umh.es\/<\/a><\/p><p style=\"text-align: center;\">Per a poder entrar cal <strong>identificar-se<\/strong> igual que per a una altra documentaci\u00f3 del M\u00e0ster<\/p><p style=\"text-align: center;\">Es disposa de recursos com::<\/p><p style=\"text-align: center;\"><span style=\"color: #993300;\">Principals plataformes i Bases de Dades<\/span><\/p><p style=\"text-align: center;\"><span style=\"color: #993300;\">Llistat alfab\u00e8tic de revistes i altres bases de dades<\/span><\/p><p style=\"text-align: center;\"><span style=\"color: #993300;\">Llibre electr\u00f2nic a trav\u00e9s de la plataforma i-llibre<\/span><\/p><p style=\"text-align: center;\">En cas de problemes es pot contactar amb: biblio.ccsalud@umh.es o biblio_inves@umh.es<\/p><p style=\"text-align: center;\">\u00a0<a href=\"http:\/\/mastermedcli.umh.es\/files\/2013\/07\/biblioteca-sant-joan.jpg\"><img class=\"alignnone size-medium wp-image-478\" src=\"http:\/\/mastermedcli.umh.es\/files\/2013\/07\/biblioteca-sant-joan-300x196.jpg\" alt=\"biblioteca sant joan\" width=\"300\" height=\"196\" \/><\/a><b><br \/><\/b><\/p><p style=\"text-align: center;\"><strong><span style=\"color: #993300;\">=================================================<\/span><\/strong><\/p><p style=\"text-align: center;\"><span style=\"text-decoration: underline; color: #993300;\"><strong>Llibres online disponibles per als alumnes del M\u00e0ster<\/strong><\/span><\/p><p>David G. Kleinbaum,\u00a0Kevin M. Sullivan,\u00a0Nancy D. Barker.\u00a0<a href=\"https:\/\/docs.google.com\/a\/goumh.umh.es\/file\/d\/0B-57dzE1bsZEZ2Q3MDVodDNCemM\/edit?usp=sharing\" target=\"_blank\" rel=\"noopener\">A Pocket Guide to\u00a0Epidemiology<\/a><\/p><p>Kathryn J. Hannah, \u00a0Marion J. Ball.\u00a0<a href=\"https:\/\/docs.google.com\/a\/goumh.umh.es\/file\/d\/0B-57dzE1bsZEM0ZwMlJ3UUtWU2M\/edit?usp=sharing\" target=\"_blank\" rel=\"noopener\">Health Informatics\u00a0(formerly Computers in Health Care)<\/a><\/p><p>M. Gail, K. Krickeberg, J. Samet, A. Tsiatis, W. Wong.\u00a0<a href=\"https:\/\/docs.google.com\/a\/goumh.umh.es\/file\/d\/0B-57dzE1bsZEMFFuQmVoZ2l4ZkE\/edit?usp=sharing\" target=\"_blank\" rel=\"noopener\">Statistics for Biology and Health<\/a><\/p>","_et_gb_content_width":"","_links_to":"","_links_to_target":""},"yoast_head":"<!-- This site is optimized with the Yoast SEO plugin v17.5 - https:\/\/yoast.com\/wordpress\/plugins\/seo\/ -->\n<title>Biblioteca i bibliografia - M\u00e1ster en Investigaci\u00f3n en Medicina Cl\u00ednica<\/title>\n<meta name=\"robots\" content=\"index, follow, max-snippet:-1, max-image-preview:large, max-video-preview:-1\" \/>\n<link rel=\"canonical\" href=\"https:\/\/mastermedcli.umh.es\/ca\/bibliografia\/\" \/>\n<meta property=\"og:locale\" content=\"ca_ES\" \/>\n<meta property=\"og:type\" content=\"article\" \/>\n<meta property=\"og:title\" content=\"Biblioteca i bibliografia - M\u00e1ster en Investigaci\u00f3n en Medicina Cl\u00ednica\" \/>\n<meta property=\"og:description\" content=\"&nbsp; Recursos de la biblioteca de la Universitat Miguel Hern\u00e1ndez Com a alumnes del m\u00e0ster podreu accedir als recursos de la biblioteca de la Universitat Miguel Hern\u00e1ndez en el seg\u00fcent enlla\u00e7\u00a0http:\/\/publicaciones.umh.es\/ Per a poder entrar cal identificar-se igual que per a una altra documentaci\u00f3 del M\u00e0ster Es disposa de recursos com:: Principals plataformes i Bases [&hellip;]\" \/>\n<meta property=\"og:url\" content=\"https:\/\/mastermedcli.umh.es\/ca\/bibliografia\/\" \/>\n<meta property=\"og:site_name\" content=\"M\u00e1ster en Investigaci\u00f3n en Medicina Cl\u00ednica\" \/>\n<meta property=\"article:modified_time\" content=\"2022-09-07T07:43:09+00:00\" \/>\n<meta property=\"og:image\" content=\"http:\/\/mastermedcli.umh.es\/files\/2013\/07\/biblioteca-umh.png\" \/>\n<meta name=\"twitter:card\" content=\"summary\" \/>\n<meta name=\"twitter:site\" content=\"@MclinicaUMH\" \/>\n<meta name=\"twitter:label1\" content=\"Temps estimat de lectura\" \/>\n\t<meta name=\"twitter:data1\" content=\"1 minut\" \/>\n<script type=\"application\/ld+json\" class=\"yoast-schema-graph\">{\"@context\":\"https:\/\/schema.org\",\"@graph\":[{\"@type\":\"Organization\",\"@id\":\"https:\/\/mastermedcli.umh.es\/#organization\",\"name\":\"Universidad Miguel Hern\\u00e1ndez de Elche\",\"url\":\"https:\/\/mastermedcli.umh.es\/\",\"sameAs\":[\"https:\/\/twitter.com\/MclinicaUMH\"],\"logo\":{\"@type\":\"ImageObject\",\"@id\":\"https:\/\/mastermedcli.umh.es\/#logo\",\"inLanguage\":\"ca\",\"url\":\"http:\/\/mastermedcli.umh.es\/files\/2017\/07\/logo-umh.jpg\",\"contentUrl\":\"http:\/\/mastermedcli.umh.es\/files\/2017\/07\/logo-umh.jpg\",\"width\":328,\"height\":100,\"caption\":\"Universidad Miguel Hern\\u00e1ndez de Elche\"},\"image\":{\"@id\":\"https:\/\/mastermedcli.umh.es\/#logo\"}},{\"@type\":\"WebSite\",\"@id\":\"https:\/\/mastermedcli.umh.es\/#website\",\"url\":\"https:\/\/mastermedcli.umh.es\/\",\"name\":\"M\\u00e1ster en Investigaci\\u00f3n en Medicina Cl\\u00ednica\",\"description\":\"Universidad Miguel Hern\\u00e1ndez de Elche\",\"publisher\":{\"@id\":\"https:\/\/mastermedcli.umh.es\/#organization\"},\"potentialAction\":[{\"@type\":\"SearchAction\",\"target\":{\"@type\":\"EntryPoint\",\"urlTemplate\":\"https:\/\/mastermedcli.umh.es\/?s={search_term_string}\"},\"query-input\":\"required name=search_term_string\"}],\"inLanguage\":\"ca\"},{\"@type\":\"ImageObject\",\"@id\":\"https:\/\/mastermedcli.umh.es\/ca\/bibliografia\/#primaryimage\",\"inLanguage\":\"ca\",\"url\":\"http:\/\/mastermedcli.umh.es\/files\/2013\/07\/biblioteca-umh.png\",\"contentUrl\":\"http:\/\/mastermedcli.umh.es\/files\/2013\/07\/biblioteca-umh.png\"},{\"@type\":\"WebPage\",\"@id\":\"https:\/\/mastermedcli.umh.es\/ca\/bibliografia\/#webpage\",\"url\":\"https:\/\/mastermedcli.umh.es\/ca\/bibliografia\/\",\"name\":\"Biblioteca i bibliografia - M\\u00e1ster en Investigaci\\u00f3n en Medicina Cl\\u00ednica\",\"isPartOf\":{\"@id\":\"https:\/\/mastermedcli.umh.es\/#website\"},\"primaryImageOfPage\":{\"@id\":\"https:\/\/mastermedcli.umh.es\/ca\/bibliografia\/#primaryimage\"},\"datePublished\":\"2013-07-29T08:28:55+00:00\",\"dateModified\":\"2022-09-07T07:43:09+00:00\",\"breadcrumb\":{\"@id\":\"https:\/\/mastermedcli.umh.es\/ca\/bibliografia\/#breadcrumb\"},\"inLanguage\":\"ca\",\"potentialAction\":[{\"@type\":\"ReadAction\",\"target\":[\"https:\/\/mastermedcli.umh.es\/ca\/bibliografia\/\"]}]},{\"@type\":\"BreadcrumbList\",\"@id\":\"https:\/\/mastermedcli.umh.es\/ca\/bibliografia\/#breadcrumb\",\"itemListElement\":[{\"@type\":\"ListItem\",\"position\":1,\"name\":\"Portada\",\"item\":\"https:\/\/mastermedcli.umh.es\/ca\/\"},{\"@type\":\"ListItem\",\"position\":2,\"name\":\"Biblioteca i bibliografia\"}]}]}<\/script>\n<!-- \/ Yoast SEO plugin. -->","yoast_head_json":{"title":"Biblioteca i bibliografia - M\u00e1ster en Investigaci\u00f3n en Medicina Cl\u00ednica","robots":{"index":"index","follow":"follow","max-snippet":"max-snippet:-1","max-image-preview":"max-image-preview:large","max-video-preview":"max-video-preview:-1"},"canonical":"https:\/\/mastermedcli.umh.es\/ca\/bibliografia\/","og_locale":"ca_ES","og_type":"article","og_title":"Biblioteca i bibliografia - M\u00e1ster en Investigaci\u00f3n en Medicina Cl\u00ednica","og_description":"&nbsp; Recursos de la biblioteca de la Universitat Miguel Hern\u00e1ndez Com a alumnes del m\u00e0ster podreu accedir als recursos de la biblioteca de la Universitat Miguel Hern\u00e1ndez en el seg\u00fcent enlla\u00e7\u00a0http:\/\/publicaciones.umh.es\/ Per a poder entrar cal identificar-se igual que per a una altra documentaci\u00f3 del M\u00e0ster Es disposa de recursos com:: Principals plataformes i Bases [&hellip;]","og_url":"https:\/\/mastermedcli.umh.es\/ca\/bibliografia\/","og_site_name":"M\u00e1ster en Investigaci\u00f3n en Medicina Cl\u00ednica","article_modified_time":"2022-09-07T07:43:09+00:00","og_image":[{"url":"http:\/\/mastermedcli.umh.es\/files\/2013\/07\/biblioteca-umh.png"}],"twitter_card":"summary","twitter_site":"@MclinicaUMH","twitter_misc":{"Temps estimat de lectura":"1 minut"},"schema":{"@context":"https:\/\/schema.org","@graph":[{"@type":"Organization","@id":"https:\/\/mastermedcli.umh.es\/#organization","name":"Universidad Miguel Hern\u00e1ndez de Elche","url":"https:\/\/mastermedcli.umh.es\/","sameAs":["https:\/\/twitter.com\/MclinicaUMH"],"logo":{"@type":"ImageObject","@id":"https:\/\/mastermedcli.umh.es\/#logo","inLanguage":"ca","url":"http:\/\/mastermedcli.umh.es\/files\/2017\/07\/logo-umh.jpg","contentUrl":"http:\/\/mastermedcli.umh.es\/files\/2017\/07\/logo-umh.jpg","width":328,"height":100,"caption":"Universidad Miguel Hern\u00e1ndez de Elche"},"image":{"@id":"https:\/\/mastermedcli.umh.es\/#logo"}},{"@type":"WebSite","@id":"https:\/\/mastermedcli.umh.es\/#website","url":"https:\/\/mastermedcli.umh.es\/","name":"M\u00e1ster en Investigaci\u00f3n en Medicina Cl\u00ednica","description":"Universidad Miguel Hern\u00e1ndez de Elche","publisher":{"@id":"https:\/\/mastermedcli.umh.es\/#organization"},"potentialAction":[{"@type":"SearchAction","target":{"@type":"EntryPoint","urlTemplate":"https:\/\/mastermedcli.umh.es\/?s={search_term_string}"},"query-input":"required name=search_term_string"}],"inLanguage":"ca"},{"@type":"ImageObject","@id":"https:\/\/mastermedcli.umh.es\/ca\/bibliografia\/#primaryimage","inLanguage":"ca","url":"http:\/\/mastermedcli.umh.es\/files\/2013\/07\/biblioteca-umh.png","contentUrl":"http:\/\/mastermedcli.umh.es\/files\/2013\/07\/biblioteca-umh.png"},{"@type":"WebPage","@id":"https:\/\/mastermedcli.umh.es\/ca\/bibliografia\/#webpage","url":"https:\/\/mastermedcli.umh.es\/ca\/bibliografia\/","name":"Biblioteca i bibliografia - M\u00e1ster en Investigaci\u00f3n en Medicina Cl\u00ednica","isPartOf":{"@id":"https:\/\/mastermedcli.umh.es\/#website"},"primaryImageOfPage":{"@id":"https:\/\/mastermedcli.umh.es\/ca\/bibliografia\/#primaryimage"},"datePublished":"2013-07-29T08:28:55+00:00","dateModified":"2022-09-07T07:43:09+00:00","breadcrumb":{"@id":"https:\/\/mastermedcli.umh.es\/ca\/bibliografia\/#breadcrumb"},"inLanguage":"ca","potentialAction":[{"@type":"ReadAction","target":["https:\/\/mastermedcli.umh.es\/ca\/bibliografia\/"]}]},{"@type":"BreadcrumbList","@id":"https:\/\/mastermedcli.umh.es\/ca\/bibliografia\/#breadcrumb","itemListElement":[{"@type":"ListItem","position":1,"name":"Portada","item":"https:\/\/mastermedcli.umh.es\/ca\/"},{"@type":"ListItem","position":2,"name":"Biblioteca i bibliografia"}]}]}},"_links":{"self":[{"href":"https:\/\/mastermedcli.umh.es\/ca\/wp-json\/wp\/v2\/pages\/4169"}],"collection":[{"href":"https:\/\/mastermedcli.umh.es\/ca\/wp-json\/wp\/v2\/pages"}],"about":[{"href":"https:\/\/mastermedcli.umh.es\/ca\/wp-json\/wp\/v2\/types\/page"}],"author":[{"embeddable":true,"href":"https:\/\/mastermedcli.umh.es\/ca\/wp-json\/wp\/v2\/users\/1159"}],"replies":[{"embeddable":true,"href":"https:\/\/mastermedcli.umh.es\/ca\/wp-json\/wp\/v2\/comments?post=4169"}],"version-history":[{"count":0,"href":"https:\/\/mastermedcli.umh.es\/ca\/wp-json\/wp\/v2\/pages\/4169\/revisions"}],"wp:attachment":[{"href":"https:\/\/mastermedcli.umh.es\/ca\/wp-json\/wp\/v2\/media?parent=4169"}],"curies":[{"name":"wp","href":"https:\/\/api.w.org\/{rel}","templated":true}]}}