{"id":4187,"date":"2013-09-18T12:39:56","date_gmt":"2013-09-18T12:39:56","guid":{"rendered":"https:\/\/mastermedcli.umh.es\/formulario\/"},"modified":"2022-09-07T07:54:09","modified_gmt":"2022-09-07T07:54:09","slug":"formulario","status":"publish","type":"page","link":"https:\/\/mastermedcli.umh.es\/ca\/formulario\/","title":{"rendered":"Ajudes i convocat\u00f2ries"},"content":{"rendered":"<p>En aquesta p\u00e0gina es troba informaci\u00f3 \u00fatil per a aconseguir finan\u00e7ament per part de l&#8217;estudiant per al M\u00e0ster i Treball Fi de M\u00e0ster:<\/p>\n<p>Ajudes de el L&#8217;Institut Alacant\u00ed de Cultura Juan Gil-Albert per a projectes de recerca. <a href=\"http:\/\/www.dip-alicante.es\/ga\/gilalbert\/pub\/conv\/bases.asp\" target=\"_blank\" rel=\"noopener\"><strong>CLIC AC\u00cd<\/strong><\/a>\u00a0i<\/p>\n<p>&nbsp;<\/p>\n<p>PROGRAMA DE MOBILITAT: CONVENI DE LA UMH AMB ALTRES UNIVERSITATS. <a href=\"http:\/\/internacional.umh.es\/quienes-somos\/servicio-de-relaciones-internacionales-cooperacion-al-desarrollo-y-voluntariado\/unidad-de-movilidad\/\" target=\"_blank\" rel=\"noopener\"><strong>CLIC AC\u00cd<\/strong><\/a><\/p>\n","protected":false},"excerpt":{"rendered":"<p>En aquesta p\u00e0gina es troba informaci\u00f3 \u00fatil per a aconseguir finan\u00e7ament per part de l&#8217;estudiant per al M\u00e0ster i Treball Fi de M\u00e0ster: Ajudes de el L&#8217;Institut Alacant\u00ed de Cultura Juan Gil-Albert per a projectes de recerca. CLIC AC\u00cd\u00a0i &nbsp; PROGRAMA DE MOBILITAT: CONVENI DE LA UMH AMB ALTRES UNIVERSITATS. CLIC AC\u00cd<\/p>\n","protected":false},"author":1159,"featured_media":0,"parent":0,"menu_order":70,"comment_status":"open","ping_status":"open","template":"","meta":{"_et_pb_use_builder":"on","_et_pb_old_content":"","_et_gb_content_width":"","_links_to":"","_links_to_target":""},"yoast_head":"<!-- This site is optimized with the Yoast SEO plugin v17.5 - https:\/\/yoast.com\/wordpress\/plugins\/seo\/ -->\n<title>Ajudes i convocat\u00f2ries - M\u00e1ster en Investigaci\u00f3n en Medicina Cl\u00ednica<\/title>\n<meta name=\"robots\" content=\"index, follow, max-snippet:-1, max-image-preview:large, max-video-preview:-1\" \/>\n<link rel=\"canonical\" href=\"https:\/\/mastermedcli.umh.es\/ca\/formulario\/\" \/>\n<meta property=\"og:locale\" content=\"ca_ES\" \/>\n<meta property=\"og:type\" content=\"article\" \/>\n<meta property=\"og:title\" content=\"Ajudes i convocat\u00f2ries - M\u00e1ster en Investigaci\u00f3n en Medicina Cl\u00ednica\" \/>\n<meta property=\"og:description\" content=\"En aquesta p\u00e0gina es troba informaci\u00f3 \u00fatil per a aconseguir finan\u00e7ament per part de l&#039;estudiant per al M\u00e0ster i Treball Fi de M\u00e0ster: Ajudes de el L&#039;Institut Alacant\u00ed de Cultura Juan Gil-Albert per a projectes de recerca. CLIC AC\u00cd\u00a0i &nbsp; PROGRAMA DE MOBILITAT: CONVENI DE LA UMH AMB ALTRES UNIVERSITATS. CLIC AC\u00cd\" \/>\n<meta property=\"og:url\" content=\"https:\/\/mastermedcli.umh.es\/ca\/formulario\/\" \/>\n<meta property=\"og:site_name\" content=\"M\u00e1ster en Investigaci\u00f3n en Medicina Cl\u00ednica\" \/>\n<meta property=\"article:modified_time\" content=\"2022-09-07T07:54:09+00:00\" \/>\n<meta name=\"twitter:card\" content=\"summary\" \/>\n<meta name=\"twitter:site\" content=\"@MclinicaUMH\" \/>\n<meta name=\"twitter:label1\" content=\"Temps estimat de lectura\" \/>\n\t<meta name=\"twitter:data1\" content=\"1 minut\" \/>\n<script type=\"application\/ld+json\" class=\"yoast-schema-graph\">{\"@context\":\"https:\/\/schema.org\",\"@graph\":[{\"@type\":\"Organization\",\"@id\":\"https:\/\/mastermedcli.umh.es\/#organization\",\"name\":\"Universidad Miguel Hern\\u00e1ndez de Elche\",\"url\":\"https:\/\/mastermedcli.umh.es\/\",\"sameAs\":[\"https:\/\/twitter.com\/MclinicaUMH\"],\"logo\":{\"@type\":\"ImageObject\",\"@id\":\"https:\/\/mastermedcli.umh.es\/#logo\",\"inLanguage\":\"ca\",\"url\":\"http:\/\/mastermedcli.umh.es\/files\/2017\/07\/logo-umh.jpg\",\"contentUrl\":\"http:\/\/mastermedcli.umh.es\/files\/2017\/07\/logo-umh.jpg\",\"width\":328,\"height\":100,\"caption\":\"Universidad Miguel Hern\\u00e1ndez de Elche\"},\"image\":{\"@id\":\"https:\/\/mastermedcli.umh.es\/#logo\"}},{\"@type\":\"WebSite\",\"@id\":\"https:\/\/mastermedcli.umh.es\/#website\",\"url\":\"https:\/\/mastermedcli.umh.es\/\",\"name\":\"M\\u00e1ster en Investigaci\\u00f3n en Medicina Cl\\u00ednica\",\"description\":\"Universidad Miguel Hern\\u00e1ndez de Elche\",\"publisher\":{\"@id\":\"https:\/\/mastermedcli.umh.es\/#organization\"},\"potentialAction\":[{\"@type\":\"SearchAction\",\"target\":{\"@type\":\"EntryPoint\",\"urlTemplate\":\"https:\/\/mastermedcli.umh.es\/?s={search_term_string}\"},\"query-input\":\"required name=search_term_string\"}],\"inLanguage\":\"ca\"},{\"@type\":\"WebPage\",\"@id\":\"https:\/\/mastermedcli.umh.es\/ca\/formulario\/#webpage\",\"url\":\"https:\/\/mastermedcli.umh.es\/ca\/formulario\/\",\"name\":\"Ajudes i convocat\\u00f2ries - M\\u00e1ster en Investigaci\\u00f3n en Medicina Cl\\u00ednica\",\"isPartOf\":{\"@id\":\"https:\/\/mastermedcli.umh.es\/#website\"},\"datePublished\":\"2013-09-18T12:39:56+00:00\",\"dateModified\":\"2022-09-07T07:54:09+00:00\",\"breadcrumb\":{\"@id\":\"https:\/\/mastermedcli.umh.es\/ca\/formulario\/#breadcrumb\"},\"inLanguage\":\"ca\",\"potentialAction\":[{\"@type\":\"ReadAction\",\"target\":[\"https:\/\/mastermedcli.umh.es\/ca\/formulario\/\"]}]},{\"@type\":\"BreadcrumbList\",\"@id\":\"https:\/\/mastermedcli.umh.es\/ca\/formulario\/#breadcrumb\",\"itemListElement\":[{\"@type\":\"ListItem\",\"position\":1,\"name\":\"Portada\",\"item\":\"https:\/\/mastermedcli.umh.es\/ca\/\"},{\"@type\":\"ListItem\",\"position\":2,\"name\":\"Ajudes i convocat\\u00f2ries\"}]}]}<\/script>\n<!-- \/ Yoast SEO plugin. -->","yoast_head_json":{"title":"Ajudes i convocat\u00f2ries - M\u00e1ster en Investigaci\u00f3n en Medicina Cl\u00ednica","robots":{"index":"index","follow":"follow","max-snippet":"max-snippet:-1","max-image-preview":"max-image-preview:large","max-video-preview":"max-video-preview:-1"},"canonical":"https:\/\/mastermedcli.umh.es\/ca\/formulario\/","og_locale":"ca_ES","og_type":"article","og_title":"Ajudes i convocat\u00f2ries - M\u00e1ster en Investigaci\u00f3n en Medicina Cl\u00ednica","og_description":"En aquesta p\u00e0gina es troba informaci\u00f3 \u00fatil per a aconseguir finan\u00e7ament per part de l'estudiant per al M\u00e0ster i Treball Fi de M\u00e0ster: Ajudes de el L'Institut Alacant\u00ed de Cultura Juan Gil-Albert per a projectes de recerca. CLIC AC\u00cd\u00a0i &nbsp; PROGRAMA DE MOBILITAT: CONVENI DE LA UMH AMB ALTRES UNIVERSITATS. CLIC AC\u00cd","og_url":"https:\/\/mastermedcli.umh.es\/ca\/formulario\/","og_site_name":"M\u00e1ster en Investigaci\u00f3n en Medicina Cl\u00ednica","article_modified_time":"2022-09-07T07:54:09+00:00","twitter_card":"summary","twitter_site":"@MclinicaUMH","twitter_misc":{"Temps estimat de lectura":"1 minut"},"schema":{"@context":"https:\/\/schema.org","@graph":[{"@type":"Organization","@id":"https:\/\/mastermedcli.umh.es\/#organization","name":"Universidad Miguel Hern\u00e1ndez de Elche","url":"https:\/\/mastermedcli.umh.es\/","sameAs":["https:\/\/twitter.com\/MclinicaUMH"],"logo":{"@type":"ImageObject","@id":"https:\/\/mastermedcli.umh.es\/#logo","inLanguage":"ca","url":"http:\/\/mastermedcli.umh.es\/files\/2017\/07\/logo-umh.jpg","contentUrl":"http:\/\/mastermedcli.umh.es\/files\/2017\/07\/logo-umh.jpg","width":328,"height":100,"caption":"Universidad Miguel Hern\u00e1ndez de Elche"},"image":{"@id":"https:\/\/mastermedcli.umh.es\/#logo"}},{"@type":"WebSite","@id":"https:\/\/mastermedcli.umh.es\/#website","url":"https:\/\/mastermedcli.umh.es\/","name":"M\u00e1ster en Investigaci\u00f3n en Medicina Cl\u00ednica","description":"Universidad Miguel Hern\u00e1ndez de Elche","publisher":{"@id":"https:\/\/mastermedcli.umh.es\/#organization"},"potentialAction":[{"@type":"SearchAction","target":{"@type":"EntryPoint","urlTemplate":"https:\/\/mastermedcli.umh.es\/?s={search_term_string}"},"query-input":"required name=search_term_string"}],"inLanguage":"ca"},{"@type":"WebPage","@id":"https:\/\/mastermedcli.umh.es\/ca\/formulario\/#webpage","url":"https:\/\/mastermedcli.umh.es\/ca\/formulario\/","name":"Ajudes i convocat\u00f2ries - M\u00e1ster en Investigaci\u00f3n en Medicina Cl\u00ednica","isPartOf":{"@id":"https:\/\/mastermedcli.umh.es\/#website"},"datePublished":"2013-09-18T12:39:56+00:00","dateModified":"2022-09-07T07:54:09+00:00","breadcrumb":{"@id":"https:\/\/mastermedcli.umh.es\/ca\/formulario\/#breadcrumb"},"inLanguage":"ca","potentialAction":[{"@type":"ReadAction","target":["https:\/\/mastermedcli.umh.es\/ca\/formulario\/"]}]},{"@type":"BreadcrumbList","@id":"https:\/\/mastermedcli.umh.es\/ca\/formulario\/#breadcrumb","itemListElement":[{"@type":"ListItem","position":1,"name":"Portada","item":"https:\/\/mastermedcli.umh.es\/ca\/"},{"@type":"ListItem","position":2,"name":"Ajudes i convocat\u00f2ries"}]}]}},"_links":{"self":[{"href":"https:\/\/mastermedcli.umh.es\/ca\/wp-json\/wp\/v2\/pages\/4187"}],"collection":[{"href":"https:\/\/mastermedcli.umh.es\/ca\/wp-json\/wp\/v2\/pages"}],"about":[{"href":"https:\/\/mastermedcli.umh.es\/ca\/wp-json\/wp\/v2\/types\/page"}],"author":[{"embeddable":true,"href":"https:\/\/mastermedcli.umh.es\/ca\/wp-json\/wp\/v2\/users\/1159"}],"replies":[{"embeddable":true,"href":"https:\/\/mastermedcli.umh.es\/ca\/wp-json\/wp\/v2\/comments?post=4187"}],"version-history":[{"count":0,"href":"https:\/\/mastermedcli.umh.es\/ca\/wp-json\/wp\/v2\/pages\/4187\/revisions"}],"wp:attachment":[{"href":"https:\/\/mastermedcli.umh.es\/ca\/wp-json\/wp\/v2\/media?parent=4187"}],"curies":[{"name":"wp","href":"https:\/\/api.w.org\/{rel}","templated":true}]}}