{"id":4217,"date":"2014-01-13T19:32:41","date_gmt":"2014-01-13T19:32:41","guid":{"rendered":"https:\/\/mastermedcli.umh.es\/paquetes-estadisticos\/paquete-estadistico-r\/"},"modified":"2022-09-07T08:16:32","modified_gmt":"2022-09-07T08:16:32","slug":"paquete-estadistico-r","status":"publish","type":"page","link":"https:\/\/mastermedcli.umh.es\/ca\/paquetes-estadisticos\/paquete-estadistico-r\/","title":{"rendered":"Paquet estad\u00edstic R"},"content":{"rendered":"<p><a href=\"http:\/\/mastermedcli.umh.es\/files\/2013\/02\/Imagen-UMH.png\"><img loading=\"lazy\" class=\"alignnone size-full wp-image-504 aligncenter\" src=\"http:\/\/mastermedcli.umh.es\/files\/2013\/02\/Imagen-UMH.png\" alt=\"Imatge UMH\" width=\"72\" height=\"81\" \/><\/a><\/p>\n<p style=\"text-align: center;\"><strong><span style=\"color: #993300;\">Paquet estad\u00edstic R<\/span><\/strong><\/p>\n<p>R \u00e9s un elegant llenguatge de programaci\u00f3 estad\u00edstica i gr\u00e0fica.<\/p>\n<div>Si vost\u00e8 \u00e9s usuari de paquets com SAS, SPSS, Stata, o Systat<\/div>\n<div>per qu\u00e8 usar R?<\/div>\n<p>&nbsp;<\/p>\n<ol>\n<li>\u00c9s gratis. Si vost\u00e8 \u00e9s un professor o un estudiant, els beneficis s\u00f3n obvis.<\/li>\n<li>\u00c9s executable en una varietat de plataformes incloent Windows, Unix i MacOS.<\/li>\n<li>Proveeix una plataforma per a la programaci\u00f3 de nous m\u00e8todes estad\u00edstics d&#8217;una manera senzilla.<\/li>\n<li>Cont\u00e9 rutines estad\u00edstiques avan\u00e7ades que encara no estan disponibles en altres paquets.<\/li>\n<li>Genera potents gr\u00e0fics actualitzats amb l&#8217;estat de l&#8217;art<\/li>\n<\/ol>\n<p id=\"yui_3_13_0_ym1_1_1389629911062_135835\">La professora del Dpt. Salut P\u00fablica Eva Mar\u00eda Navarrete Mu\u00f1oz ha elaborat uns v\u00eddeos totorales d&#8217;R i R-Commander que podeu veure en la seg\u00fcent llista de de reproducci\u00f3 de youtube<\/p>\n<p><a href=\"http:\/\/www.youtube.com\/playlist?list=PL10B17497C888F90E\" target=\"_blank\" rel=\"noopener\">\u00a0<b id=\"yui_3_13_0_ym1_1_1389629911062_135840\">http:\/\/www.youtube.com\/playlist?list=PL10B17497C888F90E<\/b><\/a><\/p>\n<div>A m\u00e9s t\u00e9 algunes de les p\u00e0gines interessants sobre el programa R, que ens recomana:<\/div>\n<p>&nbsp;<\/p>\n<ul>\n<li><b>P\u00e0gina oficial de R <a href=\"http:\/\/www.r-project.org\/\" target=\"_blank\" rel=\"noopener\">\u00a0<b>(http:\/\/www.r-project.org\/)<\/b><\/a><\/b>\u00a0En la p\u00e0gina oficial de R pots trobar tota la informaci\u00f3 disponible sobre aquest programa<b>\u00a0<\/b>actualitzacions de paquets, manuals,&#8230;<\/li>\n<\/ul>\n<ul>\n<li><b>Blogs de R<\/b><a href=\"https:\/\/www.r-bloggers.com\" target=\"_blank\" rel=\"noopener\">\u00a0<b>(http:\/\/www.r-bloggers.com\/)<\/b><\/a><\/li>\n<\/ul>\n<ul>\n<li><b>Blog Quick-R<\/b>\u00a0<b><a href=\"http:\/\/www.statmethods.net\/\" target=\"_blank\" rel=\"noopener\">(http:\/\/www.statmethods.net\/):<\/a><\/b>\u00a0Blog \u00fatil per a usuaris o potencials usuaris de R. Quick-R va ser creat per a usuaris experimentats d&#8217;altres paquets estad\u00edstics com SAS, SPSS, Stata, i Systat. El prop\u00f2sit del lloc \u00e9s ajudar a aconseguir un r\u00e0pid acc\u00e9s a aquest llenguatge. S&#8217;assumeix que l&#8217;usuari est\u00e0 familiaritzat amb la majoria de m\u00e8todes estad\u00edstics. A m\u00e9s de proveir el codi necessari per a comen\u00e7ar r\u00e0pidament l&#8217;eina ho orienta per a futurs aprenentatges.<\/li>\n<\/ul>\n<ul>\n<li><b>Blog G. R. Serrano<\/b>\u00a0<b><a href=\"http:\/\/www.grserrano.es\/\" target=\"_blank\" rel=\"noopener\">(http:\/\/www.grserrano.es\/):<\/a><\/b>\u00a0Blog interessant del professor G. R. Serrano amb algunes aplicacions de R interessants.<\/li>\n<\/ul>\n<ul>\n<li><b>Datanalytics<\/b>\u00a0<a href=\"https:\/\/www.datanalytics.com\" target=\"_blank\" rel=\"noopener\"><b>(http:\/\/www.datanalytics.com\/codigo_r.html)<\/b><\/a>\u00a0Datanalytics \u00e9s una xarxa de consultors estad\u00edstics i experts en mineria de dades que desenvolupa codi per a R.<\/li>\n<li><b>An\u00e0lisi de textos amb R <\/b><a href=\"http:\/\/analisisydecision.es\/analisis-de-textos-con-r\/\" target=\"_blank\" rel=\"noopener\">\u00a0<b>(http:\/\/analisisydecision.es\/analisis-de-textos-con-r\/<\/b>)<\/a><\/li>\n<\/ul>\n","protected":false},"excerpt":{"rendered":"<p>Paquet estad\u00edstic R R \u00e9s un elegant llenguatge de programaci\u00f3 estad\u00edstica i gr\u00e0fica. Si vost\u00e8 \u00e9s usuari de paquets com SAS, SPSS, Stata, o Systat per qu\u00e8 usar R? &nbsp; \u00c9s gratis. Si vost\u00e8 \u00e9s un professor o un estudiant, els beneficis s\u00f3n obvis. \u00c9s executable en una varietat de plataformes incloent Windows, Unix i [&hellip;]<\/p>\n","protected":false},"author":1147,"featured_media":0,"parent":4205,"menu_order":0,"comment_status":"closed","ping_status":"closed","template":"","meta":{"_et_pb_use_builder":"","_et_pb_old_content":"","_et_gb_content_width":"","_links_to":"","_links_to_target":""},"yoast_head":"<!-- This site is optimized with the Yoast SEO plugin v17.5 - https:\/\/yoast.com\/wordpress\/plugins\/seo\/ -->\n<title>Paquet estad\u00edstic R - M\u00e1ster en Investigaci\u00f3n en Medicina Cl\u00ednica<\/title>\n<meta name=\"robots\" content=\"index, follow, max-snippet:-1, max-image-preview:large, max-video-preview:-1\" \/>\n<link rel=\"canonical\" href=\"https:\/\/mastermedcli.umh.es\/ca\/paquetes-estadisticos\/paquete-estadistico-r\/\" \/>\n<meta property=\"og:locale\" content=\"ca_ES\" \/>\n<meta property=\"og:type\" content=\"article\" \/>\n<meta property=\"og:title\" content=\"Paquet estad\u00edstic R - M\u00e1ster en Investigaci\u00f3n en Medicina Cl\u00ednica\" \/>\n<meta property=\"og:description\" content=\"Paquet estad\u00edstic R R \u00e9s un elegant llenguatge de programaci\u00f3 estad\u00edstica i gr\u00e0fica. Si vost\u00e8 \u00e9s usuari de paquets com SAS, SPSS, Stata, o Systat per qu\u00e8 usar R? &nbsp; \u00c9s gratis. Si vost\u00e8 \u00e9s un professor o un estudiant, els beneficis s\u00f3n obvis. \u00c9s executable en una varietat de plataformes incloent Windows, Unix i [&hellip;]\" \/>\n<meta property=\"og:url\" content=\"https:\/\/mastermedcli.umh.es\/ca\/paquetes-estadisticos\/paquete-estadistico-r\/\" \/>\n<meta property=\"og:site_name\" content=\"M\u00e1ster en Investigaci\u00f3n en Medicina Cl\u00ednica\" \/>\n<meta property=\"article:modified_time\" content=\"2022-09-07T08:16:32+00:00\" \/>\n<meta property=\"og:image\" content=\"http:\/\/mastermedcli.umh.es\/files\/2013\/02\/Imagen-UMH.png\" \/>\n<meta name=\"twitter:card\" content=\"summary\" \/>\n<meta name=\"twitter:site\" content=\"@MclinicaUMH\" \/>\n<meta name=\"twitter:label1\" content=\"Temps estimat de lectura\" \/>\n\t<meta name=\"twitter:data1\" content=\"2 minuts\" \/>\n<script type=\"application\/ld+json\" class=\"yoast-schema-graph\">{\"@context\":\"https:\/\/schema.org\",\"@graph\":[{\"@type\":\"Organization\",\"@id\":\"https:\/\/mastermedcli.umh.es\/#organization\",\"name\":\"Universidad Miguel Hern\\u00e1ndez de Elche\",\"url\":\"https:\/\/mastermedcli.umh.es\/\",\"sameAs\":[\"https:\/\/twitter.com\/MclinicaUMH\"],\"logo\":{\"@type\":\"ImageObject\",\"@id\":\"https:\/\/mastermedcli.umh.es\/#logo\",\"inLanguage\":\"ca\",\"url\":\"http:\/\/mastermedcli.umh.es\/files\/2017\/07\/logo-umh.jpg\",\"contentUrl\":\"http:\/\/mastermedcli.umh.es\/files\/2017\/07\/logo-umh.jpg\",\"width\":328,\"height\":100,\"caption\":\"Universidad Miguel Hern\\u00e1ndez de Elche\"},\"image\":{\"@id\":\"https:\/\/mastermedcli.umh.es\/#logo\"}},{\"@type\":\"WebSite\",\"@id\":\"https:\/\/mastermedcli.umh.es\/#website\",\"url\":\"https:\/\/mastermedcli.umh.es\/\",\"name\":\"M\\u00e1ster en Investigaci\\u00f3n en Medicina Cl\\u00ednica\",\"description\":\"Universidad Miguel Hern\\u00e1ndez de Elche\",\"publisher\":{\"@id\":\"https:\/\/mastermedcli.umh.es\/#organization\"},\"potentialAction\":[{\"@type\":\"SearchAction\",\"target\":{\"@type\":\"EntryPoint\",\"urlTemplate\":\"https:\/\/mastermedcli.umh.es\/?s={search_term_string}\"},\"query-input\":\"required name=search_term_string\"}],\"inLanguage\":\"ca\"},{\"@type\":\"ImageObject\",\"@id\":\"https:\/\/mastermedcli.umh.es\/ca\/paquetes-estadisticos\/paquete-estadistico-r\/#primaryimage\",\"inLanguage\":\"ca\",\"url\":\"http:\/\/mastermedcli.umh.es\/files\/2013\/02\/Imagen-UMH.png\",\"contentUrl\":\"http:\/\/mastermedcli.umh.es\/files\/2013\/02\/Imagen-UMH.png\"},{\"@type\":\"WebPage\",\"@id\":\"https:\/\/mastermedcli.umh.es\/ca\/paquetes-estadisticos\/paquete-estadistico-r\/#webpage\",\"url\":\"https:\/\/mastermedcli.umh.es\/ca\/paquetes-estadisticos\/paquete-estadistico-r\/\",\"name\":\"Paquet estad\\u00edstic R - M\\u00e1ster en Investigaci\\u00f3n en Medicina Cl\\u00ednica\",\"isPartOf\":{\"@id\":\"https:\/\/mastermedcli.umh.es\/#website\"},\"primaryImageOfPage\":{\"@id\":\"https:\/\/mastermedcli.umh.es\/ca\/paquetes-estadisticos\/paquete-estadistico-r\/#primaryimage\"},\"datePublished\":\"2014-01-13T19:32:41+00:00\",\"dateModified\":\"2022-09-07T08:16:32+00:00\",\"breadcrumb\":{\"@id\":\"https:\/\/mastermedcli.umh.es\/ca\/paquetes-estadisticos\/paquete-estadistico-r\/#breadcrumb\"},\"inLanguage\":\"ca\",\"potentialAction\":[{\"@type\":\"ReadAction\",\"target\":[\"https:\/\/mastermedcli.umh.es\/ca\/paquetes-estadisticos\/paquete-estadistico-r\/\"]}]},{\"@type\":\"BreadcrumbList\",\"@id\":\"https:\/\/mastermedcli.umh.es\/ca\/paquetes-estadisticos\/paquete-estadistico-r\/#breadcrumb\",\"itemListElement\":[{\"@type\":\"ListItem\",\"position\":1,\"name\":\"Portada\",\"item\":\"https:\/\/mastermedcli.umh.es\/ca\/\"},{\"@type\":\"ListItem\",\"position\":2,\"name\":\"Paquets Estad\\u00edstics\",\"item\":\"https:\/\/mastermedcli.umh.es\/ca\/paquetes-estadisticos\/\"},{\"@type\":\"ListItem\",\"position\":3,\"name\":\"Paquet estad\\u00edstic R\"}]}]}<\/script>\n<!-- \/ Yoast SEO plugin. -->","yoast_head_json":{"title":"Paquet estad\u00edstic R - M\u00e1ster en Investigaci\u00f3n en Medicina Cl\u00ednica","robots":{"index":"index","follow":"follow","max-snippet":"max-snippet:-1","max-image-preview":"max-image-preview:large","max-video-preview":"max-video-preview:-1"},"canonical":"https:\/\/mastermedcli.umh.es\/ca\/paquetes-estadisticos\/paquete-estadistico-r\/","og_locale":"ca_ES","og_type":"article","og_title":"Paquet estad\u00edstic R - M\u00e1ster en Investigaci\u00f3n en Medicina Cl\u00ednica","og_description":"Paquet estad\u00edstic R R \u00e9s un elegant llenguatge de programaci\u00f3 estad\u00edstica i gr\u00e0fica. Si vost\u00e8 \u00e9s usuari de paquets com SAS, SPSS, Stata, o Systat per qu\u00e8 usar R? &nbsp; \u00c9s gratis. Si vost\u00e8 \u00e9s un professor o un estudiant, els beneficis s\u00f3n obvis. \u00c9s executable en una varietat de plataformes incloent Windows, Unix i [&hellip;]","og_url":"https:\/\/mastermedcli.umh.es\/ca\/paquetes-estadisticos\/paquete-estadistico-r\/","og_site_name":"M\u00e1ster en Investigaci\u00f3n en Medicina Cl\u00ednica","article_modified_time":"2022-09-07T08:16:32+00:00","og_image":[{"url":"http:\/\/mastermedcli.umh.es\/files\/2013\/02\/Imagen-UMH.png"}],"twitter_card":"summary","twitter_site":"@MclinicaUMH","twitter_misc":{"Temps estimat de lectura":"2 minuts"},"schema":{"@context":"https:\/\/schema.org","@graph":[{"@type":"Organization","@id":"https:\/\/mastermedcli.umh.es\/#organization","name":"Universidad Miguel Hern\u00e1ndez de Elche","url":"https:\/\/mastermedcli.umh.es\/","sameAs":["https:\/\/twitter.com\/MclinicaUMH"],"logo":{"@type":"ImageObject","@id":"https:\/\/mastermedcli.umh.es\/#logo","inLanguage":"ca","url":"http:\/\/mastermedcli.umh.es\/files\/2017\/07\/logo-umh.jpg","contentUrl":"http:\/\/mastermedcli.umh.es\/files\/2017\/07\/logo-umh.jpg","width":328,"height":100,"caption":"Universidad Miguel Hern\u00e1ndez de Elche"},"image":{"@id":"https:\/\/mastermedcli.umh.es\/#logo"}},{"@type":"WebSite","@id":"https:\/\/mastermedcli.umh.es\/#website","url":"https:\/\/mastermedcli.umh.es\/","name":"M\u00e1ster en Investigaci\u00f3n en Medicina Cl\u00ednica","description":"Universidad Miguel Hern\u00e1ndez de Elche","publisher":{"@id":"https:\/\/mastermedcli.umh.es\/#organization"},"potentialAction":[{"@type":"SearchAction","target":{"@type":"EntryPoint","urlTemplate":"https:\/\/mastermedcli.umh.es\/?s={search_term_string}"},"query-input":"required name=search_term_string"}],"inLanguage":"ca"},{"@type":"ImageObject","@id":"https:\/\/mastermedcli.umh.es\/ca\/paquetes-estadisticos\/paquete-estadistico-r\/#primaryimage","inLanguage":"ca","url":"http:\/\/mastermedcli.umh.es\/files\/2013\/02\/Imagen-UMH.png","contentUrl":"http:\/\/mastermedcli.umh.es\/files\/2013\/02\/Imagen-UMH.png"},{"@type":"WebPage","@id":"https:\/\/mastermedcli.umh.es\/ca\/paquetes-estadisticos\/paquete-estadistico-r\/#webpage","url":"https:\/\/mastermedcli.umh.es\/ca\/paquetes-estadisticos\/paquete-estadistico-r\/","name":"Paquet estad\u00edstic R - M\u00e1ster en Investigaci\u00f3n en Medicina Cl\u00ednica","isPartOf":{"@id":"https:\/\/mastermedcli.umh.es\/#website"},"primaryImageOfPage":{"@id":"https:\/\/mastermedcli.umh.es\/ca\/paquetes-estadisticos\/paquete-estadistico-r\/#primaryimage"},"datePublished":"2014-01-13T19:32:41+00:00","dateModified":"2022-09-07T08:16:32+00:00","breadcrumb":{"@id":"https:\/\/mastermedcli.umh.es\/ca\/paquetes-estadisticos\/paquete-estadistico-r\/#breadcrumb"},"inLanguage":"ca","potentialAction":[{"@type":"ReadAction","target":["https:\/\/mastermedcli.umh.es\/ca\/paquetes-estadisticos\/paquete-estadistico-r\/"]}]},{"@type":"BreadcrumbList","@id":"https:\/\/mastermedcli.umh.es\/ca\/paquetes-estadisticos\/paquete-estadistico-r\/#breadcrumb","itemListElement":[{"@type":"ListItem","position":1,"name":"Portada","item":"https:\/\/mastermedcli.umh.es\/ca\/"},{"@type":"ListItem","position":2,"name":"Paquets Estad\u00edstics","item":"https:\/\/mastermedcli.umh.es\/ca\/paquetes-estadisticos\/"},{"@type":"ListItem","position":3,"name":"Paquet estad\u00edstic R"}]}]}},"_links":{"self":[{"href":"https:\/\/mastermedcli.umh.es\/ca\/wp-json\/wp\/v2\/pages\/4217"}],"collection":[{"href":"https:\/\/mastermedcli.umh.es\/ca\/wp-json\/wp\/v2\/pages"}],"about":[{"href":"https:\/\/mastermedcli.umh.es\/ca\/wp-json\/wp\/v2\/types\/page"}],"author":[{"embeddable":true,"href":"https:\/\/mastermedcli.umh.es\/ca\/wp-json\/wp\/v2\/users\/1147"}],"replies":[{"embeddable":true,"href":"https:\/\/mastermedcli.umh.es\/ca\/wp-json\/wp\/v2\/comments?post=4217"}],"version-history":[{"count":0,"href":"https:\/\/mastermedcli.umh.es\/ca\/wp-json\/wp\/v2\/pages\/4217\/revisions"}],"up":[{"embeddable":true,"href":"https:\/\/mastermedcli.umh.es\/ca\/wp-json\/wp\/v2\/pages\/4205"}],"wp:attachment":[{"href":"https:\/\/mastermedcli.umh.es\/ca\/wp-json\/wp\/v2\/media?parent=4217"}],"curies":[{"name":"wp","href":"https:\/\/api.w.org\/{rel}","templated":true}]}}