{"id":4229,"date":"2013-02-08T12:20:46","date_gmt":"2013-02-08T12:20:46","guid":{"rendered":"https:\/\/mastermedcli.umh.es\/contacto\/"},"modified":"2022-09-19T06:26:20","modified_gmt":"2022-09-19T06:26:20","slug":"contacto","status":"publish","type":"page","link":"https:\/\/mastermedcli.umh.es\/ca\/contacto\/","title":{"rendered":"Contacte"},"content":{"rendered":"<h2 style=\"text-align: center;\"><strong><a href=\"http:\/\/mastermedcli.umh.es\/files\/2014\/09\/Imagen-del-M\u00e1ster.png\"><img loading=\"lazy\" class=\" size-medium wp-image-1092 aligncenter\" src=\"http:\/\/mastermedcli.umh.es\/files\/2014\/09\/Imagen-del-M\u00e1ster-300x200.png\" alt=\"Imatge del M\u00e0ster en Investigaci\u00f3n en Medicina Cl\u00ednica\" width=\"300\" height=\"200\" srcset=\"https:\/\/mastermedcli.umh.es\/files\/2014\/09\/Imagen-del-M\u00e1ster-300x200.png 300w, https:\/\/mastermedcli.umh.es\/files\/2014\/09\/Imagen-del-M\u00e1ster.png 455w\" sizes=\"(max-width: 300px) 100vw, 300px\" \/><\/a><\/strong><\/h2>\n<h2 style=\"text-align: center;\"><strong>DIRECTOR DEL M\u00c0STER<\/strong><\/h2>\n<p style=\"text-align: center;\"><strong>Francisco Javier Fern\u00e1ndez S\u00e1nchez<\/strong><\/p>\n<p style=\"text-align: center;\">Tel\u00e8fon:\u00a096 591 9311<\/p>\n<h2 style=\"text-align: center;\"><strong>SECRETARIA DEL M\u00c0STER<\/strong><\/h2>\n<p style=\"text-align: center;\"><strong>Correu electr\u00f2nic<\/strong><br \/>\n<a title=\"secretaria_master_medclin@goumh.umh.es\" href=\"secretaria_master_medclin@goumh.umh.es\">secretaria_master_medclin@goumh.umh.es<\/a><\/p>\n<p style=\"text-align: center;\"><strong>Tel\u00e8fon<\/strong><br \/>\n696 497 696<\/p>\n<p style=\"text-align: center;\"><strong>Adre\u00e7a<\/strong><br \/>\nDepartament de Medicina Cl\u00ednica<br \/>\nCtra. Nacional 332 s\/n<br \/>\nSant Joan d&#8217;Alacant<br \/>\nAlacant. Espanya<\/p>\n<p>&nbsp;<\/p>\n","protected":false},"excerpt":{"rendered":"<p>DIRECTOR DEL M\u00c0STER Francisco Javier Fern\u00e1ndez S\u00e1nchez Tel\u00e8fon:\u00a096 591 9311 SECRETARIA DEL M\u00c0STER Correu electr\u00f2nic secretaria_master_medclin@goumh.umh.es Tel\u00e8fon 696 497 696 Adre\u00e7a Departament de Medicina Cl\u00ednica Ctra. Nacional 332 s\/n Sant Joan d&#8217;Alacant Alacant. Espanya &nbsp;<\/p>\n","protected":false},"author":3158,"featured_media":0,"parent":0,"menu_order":40,"comment_status":"closed","ping_status":"closed","template":"","meta":{"_et_pb_use_builder":"on","_et_pb_old_content":"","_et_gb_content_width":"","_links_to":"","_links_to_target":""},"yoast_head":"<!-- This site is optimized with the Yoast SEO plugin v17.5 - https:\/\/yoast.com\/wordpress\/plugins\/seo\/ -->\n<title>Contacte - M\u00e1ster en Investigaci\u00f3n en Medicina Cl\u00ednica<\/title>\n<meta name=\"robots\" content=\"index, follow, max-snippet:-1, max-image-preview:large, max-video-preview:-1\" \/>\n<link rel=\"canonical\" href=\"https:\/\/mastermedcli.umh.es\/ca\/contacto\/\" \/>\n<meta property=\"og:locale\" content=\"ca_ES\" \/>\n<meta property=\"og:type\" content=\"article\" \/>\n<meta property=\"og:title\" content=\"Contacte - M\u00e1ster en Investigaci\u00f3n en Medicina Cl\u00ednica\" \/>\n<meta property=\"og:description\" content=\"DIRECTOR DEL M\u00c0STER Francisco Javier Fern\u00e1ndez S\u00e1nchez Tel\u00e8fon:\u00a096 591 9311 SECRETARIA DEL M\u00c0STER Correu electr\u00f2nic secretaria_master_medclin@goumh.umh.es Tel\u00e8fon 696 497 696 Adre\u00e7a Departament de Medicina Cl\u00ednica Ctra. Nacional 332 s\/n Sant Joan d&#039;Alacant Alacant. Espanya &nbsp;\" \/>\n<meta property=\"og:url\" content=\"https:\/\/mastermedcli.umh.es\/ca\/contacto\/\" \/>\n<meta property=\"og:site_name\" content=\"M\u00e1ster en Investigaci\u00f3n en Medicina Cl\u00ednica\" \/>\n<meta property=\"article:modified_time\" content=\"2022-09-19T06:26:20+00:00\" \/>\n<meta property=\"og:image\" content=\"http:\/\/mastermedcli.umh.es\/files\/2014\/09\/Imagen-del-M\u00e1ster-300x200.png\" \/>\n<meta name=\"twitter:card\" content=\"summary\" \/>\n<meta name=\"twitter:site\" content=\"@MclinicaUMH\" \/>\n<script type=\"application\/ld+json\" class=\"yoast-schema-graph\">{\"@context\":\"https:\/\/schema.org\",\"@graph\":[{\"@type\":\"Organization\",\"@id\":\"https:\/\/mastermedcli.umh.es\/#organization\",\"name\":\"Universidad Miguel Hern\\u00e1ndez de Elche\",\"url\":\"https:\/\/mastermedcli.umh.es\/\",\"sameAs\":[\"https:\/\/twitter.com\/MclinicaUMH\"],\"logo\":{\"@type\":\"ImageObject\",\"@id\":\"https:\/\/mastermedcli.umh.es\/#logo\",\"inLanguage\":\"ca\",\"url\":\"http:\/\/mastermedcli.umh.es\/files\/2017\/07\/logo-umh.jpg\",\"contentUrl\":\"http:\/\/mastermedcli.umh.es\/files\/2017\/07\/logo-umh.jpg\",\"width\":328,\"height\":100,\"caption\":\"Universidad Miguel Hern\\u00e1ndez de Elche\"},\"image\":{\"@id\":\"https:\/\/mastermedcli.umh.es\/#logo\"}},{\"@type\":\"WebSite\",\"@id\":\"https:\/\/mastermedcli.umh.es\/#website\",\"url\":\"https:\/\/mastermedcli.umh.es\/\",\"name\":\"M\\u00e1ster en Investigaci\\u00f3n en Medicina Cl\\u00ednica\",\"description\":\"Universidad Miguel Hern\\u00e1ndez de Elche\",\"publisher\":{\"@id\":\"https:\/\/mastermedcli.umh.es\/#organization\"},\"potentialAction\":[{\"@type\":\"SearchAction\",\"target\":{\"@type\":\"EntryPoint\",\"urlTemplate\":\"https:\/\/mastermedcli.umh.es\/?s={search_term_string}\"},\"query-input\":\"required name=search_term_string\"}],\"inLanguage\":\"ca\"},{\"@type\":\"ImageObject\",\"@id\":\"https:\/\/mastermedcli.umh.es\/ca\/contacto\/#primaryimage\",\"inLanguage\":\"ca\",\"url\":\"http:\/\/mastermedcli.umh.es\/files\/2014\/09\/Imagen-del-M\\u00e1ster-300x200.png\",\"contentUrl\":\"http:\/\/mastermedcli.umh.es\/files\/2014\/09\/Imagen-del-M\\u00e1ster-300x200.png\"},{\"@type\":\"WebPage\",\"@id\":\"https:\/\/mastermedcli.umh.es\/ca\/contacto\/#webpage\",\"url\":\"https:\/\/mastermedcli.umh.es\/ca\/contacto\/\",\"name\":\"Contacte - M\\u00e1ster en Investigaci\\u00f3n en Medicina Cl\\u00ednica\",\"isPartOf\":{\"@id\":\"https:\/\/mastermedcli.umh.es\/#website\"},\"primaryImageOfPage\":{\"@id\":\"https:\/\/mastermedcli.umh.es\/ca\/contacto\/#primaryimage\"},\"datePublished\":\"2013-02-08T12:20:46+00:00\",\"dateModified\":\"2022-09-19T06:26:20+00:00\",\"breadcrumb\":{\"@id\":\"https:\/\/mastermedcli.umh.es\/ca\/contacto\/#breadcrumb\"},\"inLanguage\":\"ca\",\"potentialAction\":[{\"@type\":\"ReadAction\",\"target\":[\"https:\/\/mastermedcli.umh.es\/ca\/contacto\/\"]}]},{\"@type\":\"BreadcrumbList\",\"@id\":\"https:\/\/mastermedcli.umh.es\/ca\/contacto\/#breadcrumb\",\"itemListElement\":[{\"@type\":\"ListItem\",\"position\":1,\"name\":\"Portada\",\"item\":\"https:\/\/mastermedcli.umh.es\/ca\/\"},{\"@type\":\"ListItem\",\"position\":2,\"name\":\"Contacte\"}]}]}<\/script>\n<!-- \/ Yoast SEO plugin. -->","yoast_head_json":{"title":"Contacte - M\u00e1ster en Investigaci\u00f3n en Medicina Cl\u00ednica","robots":{"index":"index","follow":"follow","max-snippet":"max-snippet:-1","max-image-preview":"max-image-preview:large","max-video-preview":"max-video-preview:-1"},"canonical":"https:\/\/mastermedcli.umh.es\/ca\/contacto\/","og_locale":"ca_ES","og_type":"article","og_title":"Contacte - M\u00e1ster en Investigaci\u00f3n en Medicina Cl\u00ednica","og_description":"DIRECTOR DEL M\u00c0STER Francisco Javier Fern\u00e1ndez S\u00e1nchez Tel\u00e8fon:\u00a096 591 9311 SECRETARIA DEL M\u00c0STER Correu electr\u00f2nic secretaria_master_medclin@goumh.umh.es Tel\u00e8fon 696 497 696 Adre\u00e7a Departament de Medicina Cl\u00ednica Ctra. Nacional 332 s\/n Sant Joan d'Alacant Alacant. Espanya &nbsp;","og_url":"https:\/\/mastermedcli.umh.es\/ca\/contacto\/","og_site_name":"M\u00e1ster en Investigaci\u00f3n en Medicina Cl\u00ednica","article_modified_time":"2022-09-19T06:26:20+00:00","og_image":[{"url":"http:\/\/mastermedcli.umh.es\/files\/2014\/09\/Imagen-del-M\u00e1ster-300x200.png"}],"twitter_card":"summary","twitter_site":"@MclinicaUMH","schema":{"@context":"https:\/\/schema.org","@graph":[{"@type":"Organization","@id":"https:\/\/mastermedcli.umh.es\/#organization","name":"Universidad Miguel Hern\u00e1ndez de Elche","url":"https:\/\/mastermedcli.umh.es\/","sameAs":["https:\/\/twitter.com\/MclinicaUMH"],"logo":{"@type":"ImageObject","@id":"https:\/\/mastermedcli.umh.es\/#logo","inLanguage":"ca","url":"http:\/\/mastermedcli.umh.es\/files\/2017\/07\/logo-umh.jpg","contentUrl":"http:\/\/mastermedcli.umh.es\/files\/2017\/07\/logo-umh.jpg","width":328,"height":100,"caption":"Universidad Miguel Hern\u00e1ndez de Elche"},"image":{"@id":"https:\/\/mastermedcli.umh.es\/#logo"}},{"@type":"WebSite","@id":"https:\/\/mastermedcli.umh.es\/#website","url":"https:\/\/mastermedcli.umh.es\/","name":"M\u00e1ster en Investigaci\u00f3n en Medicina Cl\u00ednica","description":"Universidad Miguel Hern\u00e1ndez de Elche","publisher":{"@id":"https:\/\/mastermedcli.umh.es\/#organization"},"potentialAction":[{"@type":"SearchAction","target":{"@type":"EntryPoint","urlTemplate":"https:\/\/mastermedcli.umh.es\/?s={search_term_string}"},"query-input":"required name=search_term_string"}],"inLanguage":"ca"},{"@type":"ImageObject","@id":"https:\/\/mastermedcli.umh.es\/ca\/contacto\/#primaryimage","inLanguage":"ca","url":"http:\/\/mastermedcli.umh.es\/files\/2014\/09\/Imagen-del-M\u00e1ster-300x200.png","contentUrl":"http:\/\/mastermedcli.umh.es\/files\/2014\/09\/Imagen-del-M\u00e1ster-300x200.png"},{"@type":"WebPage","@id":"https:\/\/mastermedcli.umh.es\/ca\/contacto\/#webpage","url":"https:\/\/mastermedcli.umh.es\/ca\/contacto\/","name":"Contacte - M\u00e1ster en Investigaci\u00f3n en Medicina Cl\u00ednica","isPartOf":{"@id":"https:\/\/mastermedcli.umh.es\/#website"},"primaryImageOfPage":{"@id":"https:\/\/mastermedcli.umh.es\/ca\/contacto\/#primaryimage"},"datePublished":"2013-02-08T12:20:46+00:00","dateModified":"2022-09-19T06:26:20+00:00","breadcrumb":{"@id":"https:\/\/mastermedcli.umh.es\/ca\/contacto\/#breadcrumb"},"inLanguage":"ca","potentialAction":[{"@type":"ReadAction","target":["https:\/\/mastermedcli.umh.es\/ca\/contacto\/"]}]},{"@type":"BreadcrumbList","@id":"https:\/\/mastermedcli.umh.es\/ca\/contacto\/#breadcrumb","itemListElement":[{"@type":"ListItem","position":1,"name":"Portada","item":"https:\/\/mastermedcli.umh.es\/ca\/"},{"@type":"ListItem","position":2,"name":"Contacte"}]}]}},"_links":{"self":[{"href":"https:\/\/mastermedcli.umh.es\/ca\/wp-json\/wp\/v2\/pages\/4229"}],"collection":[{"href":"https:\/\/mastermedcli.umh.es\/ca\/wp-json\/wp\/v2\/pages"}],"about":[{"href":"https:\/\/mastermedcli.umh.es\/ca\/wp-json\/wp\/v2\/types\/page"}],"author":[{"embeddable":true,"href":"https:\/\/mastermedcli.umh.es\/ca\/wp-json\/wp\/v2\/users\/3158"}],"replies":[{"embeddable":true,"href":"https:\/\/mastermedcli.umh.es\/ca\/wp-json\/wp\/v2\/comments?post=4229"}],"version-history":[{"count":0,"href":"https:\/\/mastermedcli.umh.es\/ca\/wp-json\/wp\/v2\/pages\/4229\/revisions"}],"wp:attachment":[{"href":"https:\/\/mastermedcli.umh.es\/ca\/wp-json\/wp\/v2\/media?parent=4229"}],"curies":[{"name":"wp","href":"https:\/\/api.w.org\/{rel}","templated":true}]}}