{"id":4163,"date":"2013-04-24T08:25:38","date_gmt":"2013-04-24T08:25:38","guid":{"rendered":"https:\/\/mastermedcli.umh.es\/asignaturas\/"},"modified":"2022-09-14T10:26:47","modified_gmt":"2022-09-14T10:26:47","slug":"asignaturas","status":"publish","type":"page","link":"https:\/\/mastermedcli.umh.es\/en\/asignaturas\/","title":{"rendered":"Subjects"},"content":{"rendered":"<p><strong>ASIGNATURAS OBLIGATORIAS (7,5 ECTS):<\/strong><\/p>\n<ul>\n<li><span style=\"font-size: large;\"><span style=\"font-family: Calibri, Verdana, Helvetica, Arial;\"><a title=\"Research Methodology I\n\" href=\"https:\/\/umh.es\/contenido\/Estudios\/:asi_m_629\/datos_en.html\" target=\"_blank\" rel=\"noopener\">Research Methodology I<br \/>\n<\/a><\/span><\/span><\/li>\n<li><span style=\"font-size: large;\"><span style=\"font-family: Calibri, Verdana, Helvetica, Arial;\"><a title=\"Research Methodology II\n\" href=\"https:\/\/umh.es\/contenido\/Estudios\/:asi_m_1385\/datos_en.html\" target=\"_blank\" rel=\"noopener\">Research Methodology II<br \/>\n<\/a><\/span><\/span><\/li>\n<li><span style=\"font-size: large;\"><span style=\"font-family: Calibri, Verdana, Helvetica, Arial;\"><a title=\"Advanced Scientific Documentation and Practical Elaboration of a Research Project\" href=\"https:\/\/umh.es\/contenido\/Estudios\/:asi_m_1342\/datos_en.html\" target=\"_blank\" rel=\"noopener\">Advanced Scientific Documentation and Practical Elaboration of a Research Project<\/a><\/span><\/span><\/li>\n<li><span style=\"font-size: large;\"><span style=\"font-family: Calibri, Verdana, Helvetica, Arial;\"><a title=\"Application of Scientific Evidence to Medicine\" href=\"https:\/\/umh.es\/contenido\/Estudios\/:asi_m_630\/datos_en.html\" target=\"_blank\" rel=\"noopener\">Application of Scientific Evidence to Medicine<\/a><\/span><\/span><\/li>\n<\/ul>\n<p>&nbsp;<\/p>\n<p><strong>ELECTIVE SUBJECS (4,5 ECTS):<\/strong><\/p>\n<ul>\n<li><span style=\"font-size: large;\"><span style=\"font-family: Calibri, Verdana, Helvetica, Arial;\"><a title=\"Communication Techniques and Web Tools in Research\" href=\"https:\/\/umh.es\/contenido\/Estudios\/:asi_m_3389\/datos_en.html\" target=\"_blank\" rel=\"noopener\">Communication Techniques and Web Tools in Research<\/a>\u00a0<\/span><\/span><\/li>\n<li><span style=\"font-size: large;\"><span style=\"font-family: Calibri, Verdana, Helvetica, Arial;\"><a title=\"Writing and Publishing a Scientific Article\n\" href=\"https:\/\/umh.es\/contenido\/Estudios\/:asi_m_2694\/datos_en.html\" target=\"_blank\" rel=\"noopener\">Writing and Publishing a Scientific Article<br \/>\n<\/a><\/span><\/span><\/li>\n<li><span style=\"font-size: large;\"><span style=\"font-family: Calibri, Verdana, Helvetica, Arial;\"><a title=\"Clinical Trials and Clinical Research\n\" href=\"https:\/\/umh.es\/contenido\/Estudios\/:asi_m_2692\/datos_en.html\" target=\"_blank\" rel=\"noopener\">Clinical Trials and Clinical Research<br \/>\n<\/a><\/span><\/span><\/li>\n<li><span style=\"font-size: large;\"><span style=\"font-family: Calibri, Verdana, Helvetica, Arial;\"><a title=\"Methodology of Qualitative Research in Health Science\" href=\"https:\/\/umh.es\/contenido\/Estudios\/:asi_m_8293\/datos_en.html\" target=\"_blank\" rel=\"noopener\">Methodology of Qualitative Research in Health Science<\/a><\/span><\/span><\/li>\n<\/ul>\n<p>&nbsp;<\/p>\n<p><strong>ELECTIVE SUBJECS (3 ECTS):<\/strong><\/p>\n<ul>\n<li><span style=\"font-size: large;\"><span style=\"font-family: Calibri, Verdana, Helvetica, Arial;\"><a title=\"In vivo and in vitro Techniques in Clinical Research\n \" href=\"https:\/\/umh.es\/contenido\/Estudios\/:asi_m_3679\/datos_en.html\" target=\"_blank\" rel=\"noopener\">T\u00e9cnica &#8220;In vivo and in vitro Techniques in Clinical Research<br \/>\n<\/a><\/span><\/span><\/li>\n<li><span style=\"font-size: large;\"><span style=\"font-family: Calibri, Verdana, Helvetica, Arial;\"><a title=\"Research in Clinical Management\n\" href=\"https:\/\/umh.es\/contenido\/Estudios\/:asi_m_3681\/datos_en.html\" target=\"_blank\" rel=\"noopener\">Research in Clinical Management<br \/>\n<\/a><\/span><\/span><\/li>\n<li><span style=\"font-size: large;\"><span style=\"font-family: Calibri, Verdana, Helvetica, Arial;\"><a title=\"Systematic Reviews and Meta-Analysis\" href=\"https:\/\/umh.es\/contenido\/Estudios\/:asi_m_3390\/datos_en.html\" target=\"_blank\" rel=\"noopener\">Systematic Reviews and Meta-Analysis<\/a><\/span><\/span><\/li>\n<li><span style=\"font-size: large;\"><span style=\"font-family: Calibri, Verdana, Helvetica, Arial;\"><a title=\"Artificial intelligence models in health sciences\" href=\"https:\/\/umh.es\/contenido\/Estudios\/:asi_m_8293\/datos_en.html\" target=\"_blank\" rel=\"noopener\">Artificial intelligence models in health sciences<\/a><\/span><\/span><\/li>\n<\/ul>\n<p>&nbsp;<\/p>\n<p><strong>FINAL MASTER\u00b4S DEGREE PROJECTS:<\/strong><\/p>\n<ul>\n<li><span style=\"font-size: large;\"><span style=\"font-family: Calibri, Verdana, Helvetica, Arial;\"><a title=\"Final Master's Degree Project\" href=\"https:\/\/umh.es\/contenido\/Estudios\/:asi_m_637\/datos_en.html\" target=\"_blank\" rel=\"noopener\">Final Master&#8217;s Degree Project<\/a><\/span><\/span><\/li>\n<\/ul>\n<p><!--\n\n<ul>\n \t\n\n<li><span style=\"font-size: large;\"><span style=\"font-family: Calibri, Verdana, Helvetica, Arial;\"><a title=\"Research Methodology I\" href=\"http:\/\/umh0629.edu.umh.es\/\" target=\"_blank\" rel=\"noopener\">Research Methodology I<\/a><\/span><\/span><\/li>\n\n\n<\/ul>\n\n\n&nbsp;\n\n\n<ul>\n \t\n\n<li><span style=\"font-size: large;\"><span style=\"font-family: Calibri, Verdana, Helvetica, Arial;\"><a title=\"Research Methodology II\" href=\"http:\/\/umh1385.edu.umh.es\/\" target=\"_blank\" rel=\"noopener\">Research Methodology II<\/a><\/span><\/span><\/li>\n\n\n<\/ul>\n\n\n&nbsp;\n\n\n<ul>\n \t\n\n<li><span style=\"font-size: large;\"><span style=\"font-family: Calibri, Verdana, Helvetica, Arial;\"><a title=\"Advanced scientific documentation and practical elaboration of a research project\" href=\"http:\/\/umh1342.edu.umh.es\/\" target=\"_blank\" rel=\"noopener\">Advanced scientific documentation and practical elaboration of a research project<\/a><\/span><\/span><\/li>\n\n\n<\/ul>\n\n\n&nbsp;\n\n\n<ul>\n \t\n\n<li><span style=\"font-size: large;\"><span style=\"font-family: Calibri, Verdana, Helvetica, Arial;\"><a title=\"Application of scientific evidence in Medicine\" href=\"http:\/\/umh0630.edu.umh.es\/\" target=\"_blank\" rel=\"noopener\">Application of scientific evidence in Medicine<\/a><\/span><\/span><\/li>\n\n\n<\/ul>\n\n\n&nbsp;\n\n\n<ul>\n \t\n\n<li><span style=\"font-size: large;\"><span style=\"font-family: Calibri, Verdana, Helvetica, Arial;\"><a title=\"Web research tools and communication techniques\" href=\"http:\/\/umh3389.edu.umh.es\/\" target=\"_blank\" rel=\"noopener\">Web research tools and communication techniques<\/a>\u00a0<\/span><\/span><\/li>\n\n\n<\/ul>\n\n\n&nbsp;\n\n\n<ul>\n \t\n\n<li><span style=\"font-size: large;\"><span style=\"font-family: Calibri, Verdana, Helvetica, Arial;\"><a title=\"Writing and publication of a scientific article\" href=\"http:\/\/umh2694.edu.umh.es\/\" target=\"_blank\" rel=\"noopener\">Writing and publication of a scientific article<\/a><\/span><\/span><\/li>\n\n\n<\/ul>\n\n\n&nbsp;\n\n\n<ul>\n \t\n\n<li><span style=\"font-size: large;\"><span style=\"font-family: Calibri, Verdana, Helvetica, Arial;\"><a title=\"Clinical trials in clinical research\" href=\"http:\/\/umh2692.edu.umh.es\/\" target=\"_blank\" rel=\"noopener\">Clinical trials in clinical research<\/a><\/span><\/span><\/li>\n\n\n<\/ul>\n\n\n&nbsp;\n\n\n<ul>\n \t\n\n<li><span style=\"font-size: large;\"><span style=\"font-family: Calibri, Verdana, Helvetica, Arial;\"><a title=\"Scientific method in the clinical decisions\" href=\"http:\/\/umh1341.edu.umh.es\/\" target=\"_blank\" rel=\"noopener\">Scientific method in the clinical decisions<\/a>\n<\/span><\/span><\/li>\n\n\n<\/ul>\n\n\n&nbsp;\n\n\n<ul>\n \t\n\n<li><span style=\"font-size: large;\"><span style=\"font-family: Calibri, Verdana, Helvetica, Arial;\"><a title=\"Methodology of qualitative research in Health Science\" href=\"http:\/\/umh0632.edu.umh.es\/\" target=\"_blank\" rel=\"noopener\">Methodology of qualitative research in Health Science<\/a><\/span><\/span><\/li>\n\n\n<\/ul>\n\n\n&nbsp;\n\n\n<ul>\n \t\n\n<li><span style=\"font-size: large;\"><span style=\"font-family: Calibri, Verdana, Helvetica, Arial;\"><a title=\"Technique &quot;In vivo in vitro&quot; in clinical research\" href=\"http:\/\/umh3679.edu.umh.es\/\" target=\"_blank\" rel=\"noopener\">Technique \"In vivo in vitro\" in clinical research<\/a><\/span><\/span><\/li>\n\n\n<\/ul>\n\n\n&nbsp;\n\n\n<ul>\n \t\n\n<li><span style=\"font-size: large;\"><span style=\"font-family: Calibri, Verdana, Helvetica, Arial;\"><a title=\"Clinical research Management\" href=\"http:\/\/umh3681.edu.umh.es\/\" target=\"_blank\" rel=\"noopener\">Clinical research Management<\/a><\/span><\/span><\/li>\n\n\n<\/ul>\n\n\n&nbsp;\n\n\n<ul>\n \t\n\n<li><span style=\"font-size: large;\"><span style=\"font-family: Calibri, Verdana, Helvetica, Arial;\"><a title=\"Meta-analysis and systematic review of the literature\" href=\"http:\/\/umh3390.edu.umh.es\/\" target=\"_blank\" rel=\"noopener\">Meta-analysis and systematic review of the literature<\/a><\/span><\/span><\/li>\n\n\n<\/ul>\n\n\n&nbsp;\n\n\n<ul>\n \t\n\n<li><span style=\"font-size: large;\"><span style=\"font-family: Calibri, Verdana, Helvetica, Arial;\"><a title=\"Trabajo fin de M\u00e1ster\" href=\"http:\/\/umh0637.edu.umh.es\/\" target=\"_blank\" rel=\"noopener\">Final Master's Project<\/a><\/span><\/span><\/li>\n\n\n<\/ul>\n\n --><\/p>\n","protected":false},"excerpt":{"rendered":"<p>ASIGNATURAS OBLIGATORIAS (7,5 ECTS): Research Methodology I Research Methodology II Advanced Scientific Documentation and Practical Elaboration of a Research Project Application of Scientific Evidence to Medicine &nbsp; ELECTIVE SUBJECS (4,5 ECTS): Communication Techniques and Web Tools in Research\u00a0 Writing and Publishing a Scientific Article Clinical Trials and Clinical Research Methodology of Qualitative Research in Health [&hellip;]<\/p>\n","protected":false},"author":3158,"featured_media":0,"parent":0,"menu_order":20,"comment_status":"closed","ping_status":"closed","template":"","meta":{"_et_pb_use_builder":"on","_et_pb_old_content":"","_et_gb_content_width":"","_links_to":"","_links_to_target":""},"yoast_head":"<!-- This site is optimized with the Yoast SEO plugin v17.5 - https:\/\/yoast.com\/wordpress\/plugins\/seo\/ -->\n<title>Subjects - M\u00e1ster en Investigaci\u00f3n en Medicina Cl\u00ednica<\/title>\n<meta name=\"robots\" content=\"index, follow, max-snippet:-1, max-image-preview:large, max-video-preview:-1\" \/>\n<link rel=\"canonical\" href=\"https:\/\/mastermedcli.umh.es\/en\/asignaturas\/\" \/>\n<meta property=\"og:locale\" content=\"en_US\" \/>\n<meta property=\"og:type\" content=\"article\" \/>\n<meta property=\"og:title\" content=\"Subjects - M\u00e1ster en Investigaci\u00f3n en Medicina Cl\u00ednica\" \/>\n<meta property=\"og:description\" content=\"ASIGNATURAS OBLIGATORIAS (7,5 ECTS): Research Methodology I Research Methodology II Advanced Scientific Documentation and Practical Elaboration of a Research Project Application of Scientific Evidence to Medicine &nbsp; ELECTIVE SUBJECS (4,5 ECTS): Communication Techniques and Web Tools in Research\u00a0 Writing and Publishing a Scientific Article Clinical Trials and Clinical Research Methodology of Qualitative Research in Health [&hellip;]\" \/>\n<meta property=\"og:url\" content=\"https:\/\/mastermedcli.umh.es\/en\/asignaturas\/\" \/>\n<meta property=\"og:site_name\" content=\"M\u00e1ster en Investigaci\u00f3n en Medicina Cl\u00ednica\" \/>\n<meta property=\"article:modified_time\" content=\"2022-09-14T10:26:47+00:00\" \/>\n<meta name=\"twitter:card\" content=\"summary\" \/>\n<meta name=\"twitter:site\" content=\"@MclinicaUMH\" \/>\n<meta name=\"twitter:label1\" content=\"Est. reading time\" \/>\n\t<meta name=\"twitter:data1\" content=\"1 minute\" \/>\n<script type=\"application\/ld+json\" class=\"yoast-schema-graph\">{\"@context\":\"https:\/\/schema.org\",\"@graph\":[{\"@type\":\"Organization\",\"@id\":\"https:\/\/mastermedcli.umh.es\/#organization\",\"name\":\"Universidad Miguel Hern\\u00e1ndez de Elche\",\"url\":\"https:\/\/mastermedcli.umh.es\/\",\"sameAs\":[\"https:\/\/twitter.com\/MclinicaUMH\"],\"logo\":{\"@type\":\"ImageObject\",\"@id\":\"https:\/\/mastermedcli.umh.es\/#logo\",\"inLanguage\":\"en-US\",\"url\":\"http:\/\/mastermedcli.umh.es\/files\/2017\/07\/logo-umh.jpg\",\"contentUrl\":\"http:\/\/mastermedcli.umh.es\/files\/2017\/07\/logo-umh.jpg\",\"width\":328,\"height\":100,\"caption\":\"Universidad Miguel Hern\\u00e1ndez de Elche\"},\"image\":{\"@id\":\"https:\/\/mastermedcli.umh.es\/#logo\"}},{\"@type\":\"WebSite\",\"@id\":\"https:\/\/mastermedcli.umh.es\/#website\",\"url\":\"https:\/\/mastermedcli.umh.es\/\",\"name\":\"M\\u00e1ster en Investigaci\\u00f3n en Medicina Cl\\u00ednica\",\"description\":\"Universidad Miguel Hern\\u00e1ndez de Elche\",\"publisher\":{\"@id\":\"https:\/\/mastermedcli.umh.es\/#organization\"},\"potentialAction\":[{\"@type\":\"SearchAction\",\"target\":{\"@type\":\"EntryPoint\",\"urlTemplate\":\"https:\/\/mastermedcli.umh.es\/?s={search_term_string}\"},\"query-input\":\"required name=search_term_string\"}],\"inLanguage\":\"en-US\"},{\"@type\":\"WebPage\",\"@id\":\"https:\/\/mastermedcli.umh.es\/en\/asignaturas\/#webpage\",\"url\":\"https:\/\/mastermedcli.umh.es\/en\/asignaturas\/\",\"name\":\"Subjects - M\\u00e1ster en Investigaci\\u00f3n en Medicina Cl\\u00ednica\",\"isPartOf\":{\"@id\":\"https:\/\/mastermedcli.umh.es\/#website\"},\"datePublished\":\"2013-04-24T08:25:38+00:00\",\"dateModified\":\"2022-09-14T10:26:47+00:00\",\"breadcrumb\":{\"@id\":\"https:\/\/mastermedcli.umh.es\/en\/asignaturas\/#breadcrumb\"},\"inLanguage\":\"en-US\",\"potentialAction\":[{\"@type\":\"ReadAction\",\"target\":[\"https:\/\/mastermedcli.umh.es\/en\/asignaturas\/\"]}]},{\"@type\":\"BreadcrumbList\",\"@id\":\"https:\/\/mastermedcli.umh.es\/en\/asignaturas\/#breadcrumb\",\"itemListElement\":[{\"@type\":\"ListItem\",\"position\":1,\"name\":\"Portada\",\"item\":\"https:\/\/mastermedcli.umh.es\/en\/\"},{\"@type\":\"ListItem\",\"position\":2,\"name\":\"Subjects\"}]}]}<\/script>\n<!-- \/ Yoast SEO plugin. -->","yoast_head_json":{"title":"Subjects - M\u00e1ster en Investigaci\u00f3n en Medicina Cl\u00ednica","robots":{"index":"index","follow":"follow","max-snippet":"max-snippet:-1","max-image-preview":"max-image-preview:large","max-video-preview":"max-video-preview:-1"},"canonical":"https:\/\/mastermedcli.umh.es\/en\/asignaturas\/","og_locale":"en_US","og_type":"article","og_title":"Subjects - M\u00e1ster en Investigaci\u00f3n en Medicina Cl\u00ednica","og_description":"ASIGNATURAS OBLIGATORIAS (7,5 ECTS): Research Methodology I Research Methodology II Advanced Scientific Documentation and Practical Elaboration of a Research Project Application of Scientific Evidence to Medicine &nbsp; ELECTIVE SUBJECS (4,5 ECTS): Communication Techniques and Web Tools in Research\u00a0 Writing and Publishing a Scientific Article Clinical Trials and Clinical Research Methodology of Qualitative Research in Health [&hellip;]","og_url":"https:\/\/mastermedcli.umh.es\/en\/asignaturas\/","og_site_name":"M\u00e1ster en Investigaci\u00f3n en Medicina Cl\u00ednica","article_modified_time":"2022-09-14T10:26:47+00:00","twitter_card":"summary","twitter_site":"@MclinicaUMH","twitter_misc":{"Est. reading time":"1 minute"},"schema":{"@context":"https:\/\/schema.org","@graph":[{"@type":"Organization","@id":"https:\/\/mastermedcli.umh.es\/#organization","name":"Universidad Miguel Hern\u00e1ndez de Elche","url":"https:\/\/mastermedcli.umh.es\/","sameAs":["https:\/\/twitter.com\/MclinicaUMH"],"logo":{"@type":"ImageObject","@id":"https:\/\/mastermedcli.umh.es\/#logo","inLanguage":"en-US","url":"http:\/\/mastermedcli.umh.es\/files\/2017\/07\/logo-umh.jpg","contentUrl":"http:\/\/mastermedcli.umh.es\/files\/2017\/07\/logo-umh.jpg","width":328,"height":100,"caption":"Universidad Miguel Hern\u00e1ndez de Elche"},"image":{"@id":"https:\/\/mastermedcli.umh.es\/#logo"}},{"@type":"WebSite","@id":"https:\/\/mastermedcli.umh.es\/#website","url":"https:\/\/mastermedcli.umh.es\/","name":"M\u00e1ster en Investigaci\u00f3n en Medicina Cl\u00ednica","description":"Universidad Miguel Hern\u00e1ndez de Elche","publisher":{"@id":"https:\/\/mastermedcli.umh.es\/#organization"},"potentialAction":[{"@type":"SearchAction","target":{"@type":"EntryPoint","urlTemplate":"https:\/\/mastermedcli.umh.es\/?s={search_term_string}"},"query-input":"required name=search_term_string"}],"inLanguage":"en-US"},{"@type":"WebPage","@id":"https:\/\/mastermedcli.umh.es\/en\/asignaturas\/#webpage","url":"https:\/\/mastermedcli.umh.es\/en\/asignaturas\/","name":"Subjects - M\u00e1ster en Investigaci\u00f3n en Medicina Cl\u00ednica","isPartOf":{"@id":"https:\/\/mastermedcli.umh.es\/#website"},"datePublished":"2013-04-24T08:25:38+00:00","dateModified":"2022-09-14T10:26:47+00:00","breadcrumb":{"@id":"https:\/\/mastermedcli.umh.es\/en\/asignaturas\/#breadcrumb"},"inLanguage":"en-US","potentialAction":[{"@type":"ReadAction","target":["https:\/\/mastermedcli.umh.es\/en\/asignaturas\/"]}]},{"@type":"BreadcrumbList","@id":"https:\/\/mastermedcli.umh.es\/en\/asignaturas\/#breadcrumb","itemListElement":[{"@type":"ListItem","position":1,"name":"Portada","item":"https:\/\/mastermedcli.umh.es\/en\/"},{"@type":"ListItem","position":2,"name":"Subjects"}]}]}},"_links":{"self":[{"href":"https:\/\/mastermedcli.umh.es\/en\/wp-json\/wp\/v2\/pages\/4163"}],"collection":[{"href":"https:\/\/mastermedcli.umh.es\/en\/wp-json\/wp\/v2\/pages"}],"about":[{"href":"https:\/\/mastermedcli.umh.es\/en\/wp-json\/wp\/v2\/types\/page"}],"author":[{"embeddable":true,"href":"https:\/\/mastermedcli.umh.es\/en\/wp-json\/wp\/v2\/users\/3158"}],"replies":[{"embeddable":true,"href":"https:\/\/mastermedcli.umh.es\/en\/wp-json\/wp\/v2\/comments?post=4163"}],"version-history":[{"count":0,"href":"https:\/\/mastermedcli.umh.es\/en\/wp-json\/wp\/v2\/pages\/4163\/revisions"}],"wp:attachment":[{"href":"https:\/\/mastermedcli.umh.es\/en\/wp-json\/wp\/v2\/media?parent=4163"}],"curies":[{"name":"wp","href":"https:\/\/api.w.org\/{rel}","templated":true}]}}