{"id":4175,"date":"2013-07-29T08:28:55","date_gmt":"2013-07-29T08:28:55","guid":{"rendered":"https:\/\/mastermedcli.umh.es\/bibliografia\/"},"modified":"2022-09-07T07:45:45","modified_gmt":"2022-09-07T07:45:45","slug":"bibliografia","status":"publish","type":"page","link":"https:\/\/mastermedcli.umh.es\/en\/bibliografia\/","title":{"rendered":"Library and Bibliography"},"content":{"rendered":"<p style=\"text-align: center;\"><a href=\"http:\/\/mastermedcli.umh.es\/files\/2013\/07\/biblioteca-umh.png\"><img loading=\"lazy\" class=\"alignnone size-full wp-image-477\" src=\"http:\/\/mastermedcli.umh.es\/files\/2013\/07\/biblioteca-umh.png\" alt=\"biblioteca umh\" width=\"260\" height=\"194\" \/><\/a><\/p>\n<p style=\"text-align: center;\"><strong><span style=\"color: #993300;\">Recursos de la biblioteca de la Universidad Miguel Hern\u00e1ndez<\/span><\/strong><\/p>\n<p style=\"text-align: center;\">Como alumnos del m\u00e1ster podr\u00e9is acceder a los recursos de la biblioteca de la Universidad Miguel Hern\u00e1ndez en el siguiente enlace<a href=\"http:\/\/publicaciones.umh.es\/\" target=\"_blank\" rel=\"noopener\">\u00a0http:\/\/publicaciones.umh.es\/<\/a><\/p>\n<p style=\"text-align: center;\">Para poder entrar hay que <strong>identificarse<\/strong> igual que para otra documentaci\u00f3n del M\u00e1ster<\/p>\n<p style=\"text-align: center;\">Se dispone de recursos como:<\/p>\n<p style=\"text-align: center;\"><span style=\"color: #993300;\">Principales plataformas y Bases de Datos<\/span><\/p>\n<p style=\"text-align: center;\"><span style=\"color: #993300;\">Listado alfab\u00e9tico de revistas y otras bases de datos<\/span><\/p>\n<p style=\"text-align: center;\"><span style=\"color: #993300;\">Libro electr\u00f3nico a trav\u00e9s de la plataforma e-libro<\/span><\/p>\n<p style=\"text-align: center;\">En caso de problemas se puede contactar con: biblio.ccsalud@umh.es o biblio_inves@umh.es<\/p>\n<p style=\"text-align: center;\">\u00a0<a href=\"http:\/\/mastermedcli.umh.es\/files\/2013\/07\/biblioteca-sant-joan.jpg\"><img loading=\"lazy\" class=\"alignnone size-medium wp-image-478\" src=\"http:\/\/mastermedcli.umh.es\/files\/2013\/07\/biblioteca-sant-joan-300x196.jpg\" alt=\"biblioteca sant joan\" width=\"300\" height=\"196\" srcset=\"https:\/\/mastermedcli.umh.es\/files\/2013\/07\/biblioteca-sant-joan-300x196.jpg 300w, https:\/\/mastermedcli.umh.es\/files\/2013\/07\/biblioteca-sant-joan.jpg 800w\" sizes=\"(max-width: 300px) 100vw, 300px\" \/><\/a><b><br \/>\n<\/b><\/p>\n<p style=\"text-align: center;\"><strong><span style=\"color: #993300;\">=================================================<\/span><\/strong><\/p>\n<p style=\"text-align: center;\"><span style=\"text-decoration: underline; color: #993300;\"><strong>Libros online disponibles para los alumnos del M\u00e1ster<\/strong><\/span><\/p>\n<p>David G. Kleinbaum,\u00a0Kevin M. Sullivan,\u00a0Nancy D. Barker.\u00a0<a href=\"https:\/\/docs.google.com\/a\/goumh.umh.es\/file\/d\/0B-57dzE1bsZEZ2Q3MDVodDNCemM\/edit?usp=sharing\" target=\"_blank\" rel=\"noopener\">A Pocket Guide to\u00a0Epidemiology<\/a><\/p>\n<p>Kathryn J. Hannah, \u00a0Marion J. Ball.\u00a0<a href=\"https:\/\/docs.google.com\/a\/goumh.umh.es\/file\/d\/0B-57dzE1bsZEM0ZwMlJ3UUtWU2M\/edit?usp=sharing\" target=\"_blank\" rel=\"noopener\">Health Informatics\u00a0(formerly Computers in Health Care)<\/a><\/p>\n<p>M. Gail, K. Krickeberg, J. Samet, A. Tsiatis, W. Wong.\u00a0<a href=\"https:\/\/docs.google.com\/a\/goumh.umh.es\/file\/d\/0B-57dzE1bsZEMFFuQmVoZ2l4ZkE\/edit?usp=sharing\" target=\"_blank\" rel=\"noopener\">Statistics for Biology and Health<\/a><\/p>\n","protected":false},"excerpt":{"rendered":"<p>Recursos de la biblioteca de la Universidad Miguel Hern\u00e1ndez Como alumnos del m\u00e1ster podr\u00e9is acceder a los recursos de la biblioteca de la Universidad Miguel Hern\u00e1ndez en el siguiente enlace\u00a0http:\/\/publicaciones.umh.es\/ Para poder entrar hay que identificarse igual que para otra documentaci\u00f3n del M\u00e1ster Se dispone de recursos como: Principales plataformas y Bases de Datos Listado [&hellip;]<\/p>\n","protected":false},"author":1159,"featured_media":0,"parent":0,"menu_order":70,"comment_status":"closed","ping_status":"closed","template":"","meta":{"_et_pb_use_builder":"on","_et_pb_old_content":"","_et_gb_content_width":"","_links_to":"","_links_to_target":""},"yoast_head":"<!-- This site is optimized with the Yoast SEO plugin v17.5 - https:\/\/yoast.com\/wordpress\/plugins\/seo\/ -->\n<title>Library and Bibliography - M\u00e1ster en Investigaci\u00f3n en Medicina Cl\u00ednica<\/title>\n<meta name=\"robots\" content=\"index, follow, max-snippet:-1, max-image-preview:large, max-video-preview:-1\" \/>\n<link rel=\"canonical\" href=\"https:\/\/mastermedcli.umh.es\/en\/bibliografia\/\" \/>\n<meta property=\"og:locale\" content=\"en_US\" \/>\n<meta property=\"og:type\" content=\"article\" \/>\n<meta property=\"og:title\" content=\"Library and Bibliography - M\u00e1ster en Investigaci\u00f3n en Medicina Cl\u00ednica\" \/>\n<meta property=\"og:description\" content=\"Recursos de la biblioteca de la Universidad Miguel Hern\u00e1ndez Como alumnos del m\u00e1ster podr\u00e9is acceder a los recursos de la biblioteca de la Universidad Miguel Hern\u00e1ndez en el siguiente enlace\u00a0http:\/\/publicaciones.umh.es\/ Para poder entrar hay que identificarse igual que para otra documentaci\u00f3n del M\u00e1ster Se dispone de recursos como: Principales plataformas y Bases de Datos Listado [&hellip;]\" \/>\n<meta property=\"og:url\" content=\"https:\/\/mastermedcli.umh.es\/en\/bibliografia\/\" \/>\n<meta property=\"og:site_name\" content=\"M\u00e1ster en Investigaci\u00f3n en Medicina Cl\u00ednica\" \/>\n<meta property=\"article:modified_time\" content=\"2022-09-07T07:45:45+00:00\" \/>\n<meta property=\"og:image\" content=\"http:\/\/mastermedcli.umh.es\/files\/2013\/07\/biblioteca-umh.png\" \/>\n<meta name=\"twitter:card\" content=\"summary\" \/>\n<meta name=\"twitter:site\" content=\"@MclinicaUMH\" \/>\n<meta name=\"twitter:label1\" content=\"Est. reading time\" \/>\n\t<meta name=\"twitter:data1\" content=\"1 minute\" \/>\n<script type=\"application\/ld+json\" class=\"yoast-schema-graph\">{\"@context\":\"https:\/\/schema.org\",\"@graph\":[{\"@type\":\"Organization\",\"@id\":\"https:\/\/mastermedcli.umh.es\/#organization\",\"name\":\"Universidad Miguel Hern\\u00e1ndez de Elche\",\"url\":\"https:\/\/mastermedcli.umh.es\/\",\"sameAs\":[\"https:\/\/twitter.com\/MclinicaUMH\"],\"logo\":{\"@type\":\"ImageObject\",\"@id\":\"https:\/\/mastermedcli.umh.es\/#logo\",\"inLanguage\":\"en-US\",\"url\":\"http:\/\/mastermedcli.umh.es\/files\/2017\/07\/logo-umh.jpg\",\"contentUrl\":\"http:\/\/mastermedcli.umh.es\/files\/2017\/07\/logo-umh.jpg\",\"width\":328,\"height\":100,\"caption\":\"Universidad Miguel Hern\\u00e1ndez de Elche\"},\"image\":{\"@id\":\"https:\/\/mastermedcli.umh.es\/#logo\"}},{\"@type\":\"WebSite\",\"@id\":\"https:\/\/mastermedcli.umh.es\/#website\",\"url\":\"https:\/\/mastermedcli.umh.es\/\",\"name\":\"M\\u00e1ster en Investigaci\\u00f3n en Medicina Cl\\u00ednica\",\"description\":\"Universidad Miguel Hern\\u00e1ndez de Elche\",\"publisher\":{\"@id\":\"https:\/\/mastermedcli.umh.es\/#organization\"},\"potentialAction\":[{\"@type\":\"SearchAction\",\"target\":{\"@type\":\"EntryPoint\",\"urlTemplate\":\"https:\/\/mastermedcli.umh.es\/?s={search_term_string}\"},\"query-input\":\"required name=search_term_string\"}],\"inLanguage\":\"en-US\"},{\"@type\":\"ImageObject\",\"@id\":\"https:\/\/mastermedcli.umh.es\/en\/bibliografia\/#primaryimage\",\"inLanguage\":\"en-US\",\"url\":\"http:\/\/mastermedcli.umh.es\/files\/2013\/07\/biblioteca-umh.png\",\"contentUrl\":\"http:\/\/mastermedcli.umh.es\/files\/2013\/07\/biblioteca-umh.png\"},{\"@type\":\"WebPage\",\"@id\":\"https:\/\/mastermedcli.umh.es\/en\/bibliografia\/#webpage\",\"url\":\"https:\/\/mastermedcli.umh.es\/en\/bibliografia\/\",\"name\":\"Library and Bibliography - M\\u00e1ster en Investigaci\\u00f3n en Medicina Cl\\u00ednica\",\"isPartOf\":{\"@id\":\"https:\/\/mastermedcli.umh.es\/#website\"},\"primaryImageOfPage\":{\"@id\":\"https:\/\/mastermedcli.umh.es\/en\/bibliografia\/#primaryimage\"},\"datePublished\":\"2013-07-29T08:28:55+00:00\",\"dateModified\":\"2022-09-07T07:45:45+00:00\",\"breadcrumb\":{\"@id\":\"https:\/\/mastermedcli.umh.es\/en\/bibliografia\/#breadcrumb\"},\"inLanguage\":\"en-US\",\"potentialAction\":[{\"@type\":\"ReadAction\",\"target\":[\"https:\/\/mastermedcli.umh.es\/en\/bibliografia\/\"]}]},{\"@type\":\"BreadcrumbList\",\"@id\":\"https:\/\/mastermedcli.umh.es\/en\/bibliografia\/#breadcrumb\",\"itemListElement\":[{\"@type\":\"ListItem\",\"position\":1,\"name\":\"Portada\",\"item\":\"https:\/\/mastermedcli.umh.es\/en\/\"},{\"@type\":\"ListItem\",\"position\":2,\"name\":\"Library and Bibliography\"}]}]}<\/script>\n<!-- \/ Yoast SEO plugin. -->","yoast_head_json":{"title":"Library and Bibliography - M\u00e1ster en Investigaci\u00f3n en Medicina Cl\u00ednica","robots":{"index":"index","follow":"follow","max-snippet":"max-snippet:-1","max-image-preview":"max-image-preview:large","max-video-preview":"max-video-preview:-1"},"canonical":"https:\/\/mastermedcli.umh.es\/en\/bibliografia\/","og_locale":"en_US","og_type":"article","og_title":"Library and Bibliography - M\u00e1ster en Investigaci\u00f3n en Medicina Cl\u00ednica","og_description":"Recursos de la biblioteca de la Universidad Miguel Hern\u00e1ndez Como alumnos del m\u00e1ster podr\u00e9is acceder a los recursos de la biblioteca de la Universidad Miguel Hern\u00e1ndez en el siguiente enlace\u00a0http:\/\/publicaciones.umh.es\/ Para poder entrar hay que identificarse igual que para otra documentaci\u00f3n del M\u00e1ster Se dispone de recursos como: Principales plataformas y Bases de Datos Listado [&hellip;]","og_url":"https:\/\/mastermedcli.umh.es\/en\/bibliografia\/","og_site_name":"M\u00e1ster en Investigaci\u00f3n en Medicina Cl\u00ednica","article_modified_time":"2022-09-07T07:45:45+00:00","og_image":[{"url":"http:\/\/mastermedcli.umh.es\/files\/2013\/07\/biblioteca-umh.png"}],"twitter_card":"summary","twitter_site":"@MclinicaUMH","twitter_misc":{"Est. reading time":"1 minute"},"schema":{"@context":"https:\/\/schema.org","@graph":[{"@type":"Organization","@id":"https:\/\/mastermedcli.umh.es\/#organization","name":"Universidad Miguel Hern\u00e1ndez de Elche","url":"https:\/\/mastermedcli.umh.es\/","sameAs":["https:\/\/twitter.com\/MclinicaUMH"],"logo":{"@type":"ImageObject","@id":"https:\/\/mastermedcli.umh.es\/#logo","inLanguage":"en-US","url":"http:\/\/mastermedcli.umh.es\/files\/2017\/07\/logo-umh.jpg","contentUrl":"http:\/\/mastermedcli.umh.es\/files\/2017\/07\/logo-umh.jpg","width":328,"height":100,"caption":"Universidad Miguel Hern\u00e1ndez de Elche"},"image":{"@id":"https:\/\/mastermedcli.umh.es\/#logo"}},{"@type":"WebSite","@id":"https:\/\/mastermedcli.umh.es\/#website","url":"https:\/\/mastermedcli.umh.es\/","name":"M\u00e1ster en Investigaci\u00f3n en Medicina Cl\u00ednica","description":"Universidad Miguel Hern\u00e1ndez de Elche","publisher":{"@id":"https:\/\/mastermedcli.umh.es\/#organization"},"potentialAction":[{"@type":"SearchAction","target":{"@type":"EntryPoint","urlTemplate":"https:\/\/mastermedcli.umh.es\/?s={search_term_string}"},"query-input":"required name=search_term_string"}],"inLanguage":"en-US"},{"@type":"ImageObject","@id":"https:\/\/mastermedcli.umh.es\/en\/bibliografia\/#primaryimage","inLanguage":"en-US","url":"http:\/\/mastermedcli.umh.es\/files\/2013\/07\/biblioteca-umh.png","contentUrl":"http:\/\/mastermedcli.umh.es\/files\/2013\/07\/biblioteca-umh.png"},{"@type":"WebPage","@id":"https:\/\/mastermedcli.umh.es\/en\/bibliografia\/#webpage","url":"https:\/\/mastermedcli.umh.es\/en\/bibliografia\/","name":"Library and Bibliography - M\u00e1ster en Investigaci\u00f3n en Medicina Cl\u00ednica","isPartOf":{"@id":"https:\/\/mastermedcli.umh.es\/#website"},"primaryImageOfPage":{"@id":"https:\/\/mastermedcli.umh.es\/en\/bibliografia\/#primaryimage"},"datePublished":"2013-07-29T08:28:55+00:00","dateModified":"2022-09-07T07:45:45+00:00","breadcrumb":{"@id":"https:\/\/mastermedcli.umh.es\/en\/bibliografia\/#breadcrumb"},"inLanguage":"en-US","potentialAction":[{"@type":"ReadAction","target":["https:\/\/mastermedcli.umh.es\/en\/bibliografia\/"]}]},{"@type":"BreadcrumbList","@id":"https:\/\/mastermedcli.umh.es\/en\/bibliografia\/#breadcrumb","itemListElement":[{"@type":"ListItem","position":1,"name":"Portada","item":"https:\/\/mastermedcli.umh.es\/en\/"},{"@type":"ListItem","position":2,"name":"Library and Bibliography"}]}]}},"_links":{"self":[{"href":"https:\/\/mastermedcli.umh.es\/en\/wp-json\/wp\/v2\/pages\/4175"}],"collection":[{"href":"https:\/\/mastermedcli.umh.es\/en\/wp-json\/wp\/v2\/pages"}],"about":[{"href":"https:\/\/mastermedcli.umh.es\/en\/wp-json\/wp\/v2\/types\/page"}],"author":[{"embeddable":true,"href":"https:\/\/mastermedcli.umh.es\/en\/wp-json\/wp\/v2\/users\/1159"}],"replies":[{"embeddable":true,"href":"https:\/\/mastermedcli.umh.es\/en\/wp-json\/wp\/v2\/comments?post=4175"}],"version-history":[{"count":0,"href":"https:\/\/mastermedcli.umh.es\/en\/wp-json\/wp\/v2\/pages\/4175\/revisions"}],"wp:attachment":[{"href":"https:\/\/mastermedcli.umh.es\/en\/wp-json\/wp\/v2\/media?parent=4175"}],"curies":[{"name":"wp","href":"https:\/\/api.w.org\/{rel}","templated":true}]}}