{"id":4181,"date":"2013-09-18T12:39:56","date_gmt":"2013-09-18T12:39:56","guid":{"rendered":"https:\/\/mastermedcli.umh.es\/formulario\/"},"modified":"2022-09-07T07:52:43","modified_gmt":"2022-09-07T07:52:43","slug":"formulario","status":"publish","type":"page","link":"https:\/\/mastermedcli.umh.es\/en\/formulario\/","title":{"rendered":"Grants and announcements"},"content":{"rendered":"<p>Useful information for funding for the student to the Master&#8217;s degree and Final Master&#8217;s Project on this page:<\/p>\n<p>Grants from the Instituto Alicante de Cultura Juan Gil Albert for research projects. <a href=\"http:\/\/www.dip-alicante.es\/ga\/gilalbert\/pub\/conv\/bases.asp\" target=\"_blank\" rel=\"noopener\">CLICK HERE<\/a>\u00a0\u00cd<\/p>\n<p>&nbsp;<\/p>\n<p>MOBILITY PROGRAMME: AGREEMENT BETWEEN THE UMH UNIVERSITY WITH OTHER UNIVERSITIES. <a href=\"http:\/\/internacional.umh.es\/quienes-somos\/servicio-de-relaciones-internacionales-cooperacion-al-desarrollo-y-voluntariado\/unidad-de-movilidad\/\" target=\"_blank\" rel=\"noopener\">CLICK HERE<\/a><\/p>\n","protected":false},"excerpt":{"rendered":"<p>Useful information for funding for the student to the Master&#8217;s degree and Final Master&#8217;s Project on this page: Grants from the Instituto Alicante de Cultura Juan Gil Albert for research projects. CLICK HERE\u00a0\u00cd &nbsp; MOBILITY PROGRAMME: AGREEMENT BETWEEN THE UMH UNIVERSITY WITH OTHER UNIVERSITIES. CLICK HERE<\/p>\n","protected":false},"author":1159,"featured_media":0,"parent":0,"menu_order":70,"comment_status":"open","ping_status":"open","template":"","meta":{"_et_pb_use_builder":"on","_et_pb_old_content":"","_et_gb_content_width":"","_links_to":"","_links_to_target":""},"yoast_head":"<!-- This site is optimized with the Yoast SEO plugin v17.5 - https:\/\/yoast.com\/wordpress\/plugins\/seo\/ -->\n<title>Grants and announcements - M\u00e1ster en Investigaci\u00f3n en Medicina Cl\u00ednica<\/title>\n<meta name=\"robots\" content=\"index, follow, max-snippet:-1, max-image-preview:large, max-video-preview:-1\" \/>\n<link rel=\"canonical\" href=\"https:\/\/mastermedcli.umh.es\/en\/formulario\/\" \/>\n<meta property=\"og:locale\" content=\"en_US\" \/>\n<meta property=\"og:type\" content=\"article\" \/>\n<meta property=\"og:title\" content=\"Grants and announcements - M\u00e1ster en Investigaci\u00f3n en Medicina Cl\u00ednica\" \/>\n<meta property=\"og:description\" content=\"Useful information for funding for the student to the Master&#039;s degree and Final Master&#039;s Project on this page: Grants from the Instituto Alicante de Cultura Juan Gil Albert for research projects. CLICK HERE\u00a0\u00cd &nbsp; MOBILITY PROGRAMME: AGREEMENT BETWEEN THE UMH UNIVERSITY WITH OTHER UNIVERSITIES. CLICK HERE\" \/>\n<meta property=\"og:url\" content=\"https:\/\/mastermedcli.umh.es\/en\/formulario\/\" \/>\n<meta property=\"og:site_name\" content=\"M\u00e1ster en Investigaci\u00f3n en Medicina Cl\u00ednica\" \/>\n<meta property=\"article:modified_time\" content=\"2022-09-07T07:52:43+00:00\" \/>\n<meta name=\"twitter:card\" content=\"summary\" \/>\n<meta name=\"twitter:site\" content=\"@MclinicaUMH\" \/>\n<script type=\"application\/ld+json\" class=\"yoast-schema-graph\">{\"@context\":\"https:\/\/schema.org\",\"@graph\":[{\"@type\":\"Organization\",\"@id\":\"https:\/\/mastermedcli.umh.es\/#organization\",\"name\":\"Universidad Miguel Hern\\u00e1ndez de Elche\",\"url\":\"https:\/\/mastermedcli.umh.es\/\",\"sameAs\":[\"https:\/\/twitter.com\/MclinicaUMH\"],\"logo\":{\"@type\":\"ImageObject\",\"@id\":\"https:\/\/mastermedcli.umh.es\/#logo\",\"inLanguage\":\"en-US\",\"url\":\"http:\/\/mastermedcli.umh.es\/files\/2017\/07\/logo-umh.jpg\",\"contentUrl\":\"http:\/\/mastermedcli.umh.es\/files\/2017\/07\/logo-umh.jpg\",\"width\":328,\"height\":100,\"caption\":\"Universidad Miguel Hern\\u00e1ndez de Elche\"},\"image\":{\"@id\":\"https:\/\/mastermedcli.umh.es\/#logo\"}},{\"@type\":\"WebSite\",\"@id\":\"https:\/\/mastermedcli.umh.es\/#website\",\"url\":\"https:\/\/mastermedcli.umh.es\/\",\"name\":\"M\\u00e1ster en Investigaci\\u00f3n en Medicina Cl\\u00ednica\",\"description\":\"Universidad Miguel Hern\\u00e1ndez de Elche\",\"publisher\":{\"@id\":\"https:\/\/mastermedcli.umh.es\/#organization\"},\"potentialAction\":[{\"@type\":\"SearchAction\",\"target\":{\"@type\":\"EntryPoint\",\"urlTemplate\":\"https:\/\/mastermedcli.umh.es\/?s={search_term_string}\"},\"query-input\":\"required name=search_term_string\"}],\"inLanguage\":\"en-US\"},{\"@type\":\"WebPage\",\"@id\":\"https:\/\/mastermedcli.umh.es\/en\/formulario\/#webpage\",\"url\":\"https:\/\/mastermedcli.umh.es\/en\/formulario\/\",\"name\":\"Grants and announcements - M\\u00e1ster en Investigaci\\u00f3n en Medicina Cl\\u00ednica\",\"isPartOf\":{\"@id\":\"https:\/\/mastermedcli.umh.es\/#website\"},\"datePublished\":\"2013-09-18T12:39:56+00:00\",\"dateModified\":\"2022-09-07T07:52:43+00:00\",\"breadcrumb\":{\"@id\":\"https:\/\/mastermedcli.umh.es\/en\/formulario\/#breadcrumb\"},\"inLanguage\":\"en-US\",\"potentialAction\":[{\"@type\":\"ReadAction\",\"target\":[\"https:\/\/mastermedcli.umh.es\/en\/formulario\/\"]}]},{\"@type\":\"BreadcrumbList\",\"@id\":\"https:\/\/mastermedcli.umh.es\/en\/formulario\/#breadcrumb\",\"itemListElement\":[{\"@type\":\"ListItem\",\"position\":1,\"name\":\"Portada\",\"item\":\"https:\/\/mastermedcli.umh.es\/en\/\"},{\"@type\":\"ListItem\",\"position\":2,\"name\":\"Grants and announcements\"}]}]}<\/script>\n<!-- \/ Yoast SEO plugin. -->","yoast_head_json":{"title":"Grants and announcements - M\u00e1ster en Investigaci\u00f3n en Medicina Cl\u00ednica","robots":{"index":"index","follow":"follow","max-snippet":"max-snippet:-1","max-image-preview":"max-image-preview:large","max-video-preview":"max-video-preview:-1"},"canonical":"https:\/\/mastermedcli.umh.es\/en\/formulario\/","og_locale":"en_US","og_type":"article","og_title":"Grants and announcements - M\u00e1ster en Investigaci\u00f3n en Medicina Cl\u00ednica","og_description":"Useful information for funding for the student to the Master's degree and Final Master's Project on this page: Grants from the Instituto Alicante de Cultura Juan Gil Albert for research projects. CLICK HERE\u00a0\u00cd &nbsp; MOBILITY PROGRAMME: AGREEMENT BETWEEN THE UMH UNIVERSITY WITH OTHER UNIVERSITIES. CLICK HERE","og_url":"https:\/\/mastermedcli.umh.es\/en\/formulario\/","og_site_name":"M\u00e1ster en Investigaci\u00f3n en Medicina Cl\u00ednica","article_modified_time":"2022-09-07T07:52:43+00:00","twitter_card":"summary","twitter_site":"@MclinicaUMH","schema":{"@context":"https:\/\/schema.org","@graph":[{"@type":"Organization","@id":"https:\/\/mastermedcli.umh.es\/#organization","name":"Universidad Miguel Hern\u00e1ndez de Elche","url":"https:\/\/mastermedcli.umh.es\/","sameAs":["https:\/\/twitter.com\/MclinicaUMH"],"logo":{"@type":"ImageObject","@id":"https:\/\/mastermedcli.umh.es\/#logo","inLanguage":"en-US","url":"http:\/\/mastermedcli.umh.es\/files\/2017\/07\/logo-umh.jpg","contentUrl":"http:\/\/mastermedcli.umh.es\/files\/2017\/07\/logo-umh.jpg","width":328,"height":100,"caption":"Universidad Miguel Hern\u00e1ndez de Elche"},"image":{"@id":"https:\/\/mastermedcli.umh.es\/#logo"}},{"@type":"WebSite","@id":"https:\/\/mastermedcli.umh.es\/#website","url":"https:\/\/mastermedcli.umh.es\/","name":"M\u00e1ster en Investigaci\u00f3n en Medicina Cl\u00ednica","description":"Universidad Miguel Hern\u00e1ndez de Elche","publisher":{"@id":"https:\/\/mastermedcli.umh.es\/#organization"},"potentialAction":[{"@type":"SearchAction","target":{"@type":"EntryPoint","urlTemplate":"https:\/\/mastermedcli.umh.es\/?s={search_term_string}"},"query-input":"required name=search_term_string"}],"inLanguage":"en-US"},{"@type":"WebPage","@id":"https:\/\/mastermedcli.umh.es\/en\/formulario\/#webpage","url":"https:\/\/mastermedcli.umh.es\/en\/formulario\/","name":"Grants and announcements - M\u00e1ster en Investigaci\u00f3n en Medicina Cl\u00ednica","isPartOf":{"@id":"https:\/\/mastermedcli.umh.es\/#website"},"datePublished":"2013-09-18T12:39:56+00:00","dateModified":"2022-09-07T07:52:43+00:00","breadcrumb":{"@id":"https:\/\/mastermedcli.umh.es\/en\/formulario\/#breadcrumb"},"inLanguage":"en-US","potentialAction":[{"@type":"ReadAction","target":["https:\/\/mastermedcli.umh.es\/en\/formulario\/"]}]},{"@type":"BreadcrumbList","@id":"https:\/\/mastermedcli.umh.es\/en\/formulario\/#breadcrumb","itemListElement":[{"@type":"ListItem","position":1,"name":"Portada","item":"https:\/\/mastermedcli.umh.es\/en\/"},{"@type":"ListItem","position":2,"name":"Grants and announcements"}]}]}},"_links":{"self":[{"href":"https:\/\/mastermedcli.umh.es\/en\/wp-json\/wp\/v2\/pages\/4181"}],"collection":[{"href":"https:\/\/mastermedcli.umh.es\/en\/wp-json\/wp\/v2\/pages"}],"about":[{"href":"https:\/\/mastermedcli.umh.es\/en\/wp-json\/wp\/v2\/types\/page"}],"author":[{"embeddable":true,"href":"https:\/\/mastermedcli.umh.es\/en\/wp-json\/wp\/v2\/users\/1159"}],"replies":[{"embeddable":true,"href":"https:\/\/mastermedcli.umh.es\/en\/wp-json\/wp\/v2\/comments?post=4181"}],"version-history":[{"count":0,"href":"https:\/\/mastermedcli.umh.es\/en\/wp-json\/wp\/v2\/pages\/4181\/revisions"}],"wp:attachment":[{"href":"https:\/\/mastermedcli.umh.es\/en\/wp-json\/wp\/v2\/media?parent=4181"}],"curies":[{"name":"wp","href":"https:\/\/api.w.org\/{rel}","templated":true}]}}