{"id":4199,"date":"2014-02-09T09:14:18","date_gmt":"2014-02-09T09:14:18","guid":{"rendered":"https:\/\/mastermedcli.umh.es\/encuestas-de-satisfaccion\/"},"modified":"2022-09-07T08:01:31","modified_gmt":"2022-09-07T08:01:31","slug":"encuestas-de-satisfaccion","status":"publish","type":"page","link":"https:\/\/mastermedcli.umh.es\/en\/encuestas-de-satisfaccion\/","title":{"rendered":"Surveys of satisfaction"},"content":{"rendered":"<p>From the Department of Quality we noticed that until the 21st of February, the surveys of different subjects are available in your identified access:<\/p>\n<div id=\"yui_3_13_0_ym1_1_1391935931631_9970\"><a href=\"https:\/\/universite.umh.es\/Cuestionarios\/login.aspx\" target=\"_blank\" rel=\"noopener\">\u00a0https:\/\/universite.umh.es\/Cuestionarios\/login.aspx<\/a><\/div>\n<div><\/div>\n<div id=\"yui_3_13_0_ym1_1_1391935931631_9991\">\n<div id=\"yui_3_13_0_ym1_1_1391935931631_9990\">\n<div id=\"yui_3_13_0_ym1_1_1391935931631_9989\" lang=\"ES\">\n<table id=\"yui_3_13_0_ym1_1_1391935931631_9988\" border=\"1\" cellspacing=\"0\" cellpadding=\"0\">\n<tbody id=\"yui_3_13_0_ym1_1_1391935931631_9987\">\n<tr id=\"yui_3_13_0_ym1_1_1391935931631_9997\">\n<td id=\"yui_3_13_0_ym1_1_1391935931631_9996\" valign=\"top\" width=\"732\">\n<p id=\"yui_3_13_0_ym1_1_1391935931631_10001\"><b id=\"yui_3_13_0_ym1_1_1391935931631_10000\">Research Methodology I<\/b><\/p>\n<\/td>\n<\/tr>\n<tr id=\"yui_3_13_0_ym1_1_1391935931631_9986\">\n<td id=\"yui_3_13_0_ym1_1_1391935931631_9985\" valign=\"top\" width=\"732\">\n<p id=\"yui_3_13_0_ym1_1_1391935931631_9984\"><b id=\"yui_3_13_0_ym1_1_1391935931631_9983\">Research Methodology II\u00a0<\/b><b><\/b><\/p>\n<\/td>\n<\/tr>\n<tr id=\"yui_3_13_0_ym1_1_1391935931631_10010\">\n<td id=\"yui_3_13_0_ym1_1_1391935931631_10009\" valign=\"top\" width=\"732\">\n<p id=\"yui_3_13_0_ym1_1_1391935931631_10008\"><b id=\"yui_3_13_0_ym1_1_1391935931631_10007\">Scientific advanced documentation and elaboration of a research project<\/b><\/p>\n<\/td>\n<\/tr>\n<tr id=\"yui_3_13_0_ym1_1_1391935931631_10017\">\n<td id=\"yui_3_13_0_ym1_1_1391935931631_10016\" valign=\"top\" width=\"732\">\n<p id=\"yui_3_13_0_ym1_1_1391935931631_10015\"><b id=\"yui_3_13_0_ym1_1_1391935931631_10014\">Application of the scientific evidence to Medicine<\/b><\/p>\n<\/td>\n<\/tr>\n<\/tbody>\n<\/table>\n<p id=\"yui_3_13_0_ym1_1_1391935931631_10020\">\u00a0Please, take some minutes fill them. It is very important for the Master&#8217;s degree.<\/p>\n<\/div>\n<\/div>\n<\/div>\n","protected":false},"excerpt":{"rendered":"<p>From the Department of Quality we noticed that until the 21st of February, the surveys of different subjects are available in your identified access: \u00a0https:\/\/universite.umh.es\/Cuestionarios\/login.aspx Research Methodology I Research Methodology II\u00a0 Scientific advanced documentation and elaboration of a research project Application of the scientific evidence to Medicine \u00a0Please, take some minutes fill them. It is [&hellip;]<\/p>\n","protected":false},"author":1147,"featured_media":0,"parent":0,"menu_order":100,"comment_status":"closed","ping_status":"closed","template":"","meta":{"_et_pb_use_builder":"","_et_pb_old_content":"","_et_gb_content_width":"","_links_to":"","_links_to_target":""},"yoast_head":"<!-- This site is optimized with the Yoast SEO plugin v17.5 - https:\/\/yoast.com\/wordpress\/plugins\/seo\/ -->\n<title>Surveys of satisfaction - M\u00e1ster en Investigaci\u00f3n en Medicina Cl\u00ednica<\/title>\n<meta name=\"robots\" content=\"index, follow, max-snippet:-1, max-image-preview:large, max-video-preview:-1\" \/>\n<link rel=\"canonical\" href=\"https:\/\/mastermedcli.umh.es\/en\/encuestas-de-satisfaccion\/\" \/>\n<meta property=\"og:locale\" content=\"en_US\" \/>\n<meta property=\"og:type\" content=\"article\" \/>\n<meta property=\"og:title\" content=\"Surveys of satisfaction - M\u00e1ster en Investigaci\u00f3n en Medicina Cl\u00ednica\" \/>\n<meta property=\"og:description\" content=\"From the Department of Quality we noticed that until the 21st of February, the surveys of different subjects are available in your identified access: \u00a0https:\/\/universite.umh.es\/Cuestionarios\/login.aspx Research Methodology I Research Methodology II\u00a0 Scientific advanced documentation and elaboration of a research project Application of the scientific evidence to Medicine \u00a0Please, take some minutes fill them. It is [&hellip;]\" \/>\n<meta property=\"og:url\" content=\"https:\/\/mastermedcli.umh.es\/en\/encuestas-de-satisfaccion\/\" \/>\n<meta property=\"og:site_name\" content=\"M\u00e1ster en Investigaci\u00f3n en Medicina Cl\u00ednica\" \/>\n<meta property=\"article:modified_time\" content=\"2022-09-07T08:01:31+00:00\" \/>\n<meta name=\"twitter:card\" content=\"summary\" \/>\n<meta name=\"twitter:site\" content=\"@MclinicaUMH\" \/>\n<script type=\"application\/ld+json\" class=\"yoast-schema-graph\">{\"@context\":\"https:\/\/schema.org\",\"@graph\":[{\"@type\":\"Organization\",\"@id\":\"https:\/\/mastermedcli.umh.es\/#organization\",\"name\":\"Universidad Miguel Hern\\u00e1ndez de Elche\",\"url\":\"https:\/\/mastermedcli.umh.es\/\",\"sameAs\":[\"https:\/\/twitter.com\/MclinicaUMH\"],\"logo\":{\"@type\":\"ImageObject\",\"@id\":\"https:\/\/mastermedcli.umh.es\/#logo\",\"inLanguage\":\"en-US\",\"url\":\"http:\/\/mastermedcli.umh.es\/files\/2017\/07\/logo-umh.jpg\",\"contentUrl\":\"http:\/\/mastermedcli.umh.es\/files\/2017\/07\/logo-umh.jpg\",\"width\":328,\"height\":100,\"caption\":\"Universidad Miguel Hern\\u00e1ndez de Elche\"},\"image\":{\"@id\":\"https:\/\/mastermedcli.umh.es\/#logo\"}},{\"@type\":\"WebSite\",\"@id\":\"https:\/\/mastermedcli.umh.es\/#website\",\"url\":\"https:\/\/mastermedcli.umh.es\/\",\"name\":\"M\\u00e1ster en Investigaci\\u00f3n en Medicina Cl\\u00ednica\",\"description\":\"Universidad Miguel Hern\\u00e1ndez de Elche\",\"publisher\":{\"@id\":\"https:\/\/mastermedcli.umh.es\/#organization\"},\"potentialAction\":[{\"@type\":\"SearchAction\",\"target\":{\"@type\":\"EntryPoint\",\"urlTemplate\":\"https:\/\/mastermedcli.umh.es\/?s={search_term_string}\"},\"query-input\":\"required name=search_term_string\"}],\"inLanguage\":\"en-US\"},{\"@type\":\"WebPage\",\"@id\":\"https:\/\/mastermedcli.umh.es\/en\/encuestas-de-satisfaccion\/#webpage\",\"url\":\"https:\/\/mastermedcli.umh.es\/en\/encuestas-de-satisfaccion\/\",\"name\":\"Surveys of satisfaction - M\\u00e1ster en Investigaci\\u00f3n en Medicina Cl\\u00ednica\",\"isPartOf\":{\"@id\":\"https:\/\/mastermedcli.umh.es\/#website\"},\"datePublished\":\"2014-02-09T09:14:18+00:00\",\"dateModified\":\"2022-09-07T08:01:31+00:00\",\"breadcrumb\":{\"@id\":\"https:\/\/mastermedcli.umh.es\/en\/encuestas-de-satisfaccion\/#breadcrumb\"},\"inLanguage\":\"en-US\",\"potentialAction\":[{\"@type\":\"ReadAction\",\"target\":[\"https:\/\/mastermedcli.umh.es\/en\/encuestas-de-satisfaccion\/\"]}]},{\"@type\":\"BreadcrumbList\",\"@id\":\"https:\/\/mastermedcli.umh.es\/en\/encuestas-de-satisfaccion\/#breadcrumb\",\"itemListElement\":[{\"@type\":\"ListItem\",\"position\":1,\"name\":\"Portada\",\"item\":\"https:\/\/mastermedcli.umh.es\/en\/\"},{\"@type\":\"ListItem\",\"position\":2,\"name\":\"Surveys of satisfaction\"}]}]}<\/script>\n<!-- \/ Yoast SEO plugin. -->","yoast_head_json":{"title":"Surveys of satisfaction - M\u00e1ster en Investigaci\u00f3n en Medicina Cl\u00ednica","robots":{"index":"index","follow":"follow","max-snippet":"max-snippet:-1","max-image-preview":"max-image-preview:large","max-video-preview":"max-video-preview:-1"},"canonical":"https:\/\/mastermedcli.umh.es\/en\/encuestas-de-satisfaccion\/","og_locale":"en_US","og_type":"article","og_title":"Surveys of satisfaction - M\u00e1ster en Investigaci\u00f3n en Medicina Cl\u00ednica","og_description":"From the Department of Quality we noticed that until the 21st of February, the surveys of different subjects are available in your identified access: \u00a0https:\/\/universite.umh.es\/Cuestionarios\/login.aspx Research Methodology I Research Methodology II\u00a0 Scientific advanced documentation and elaboration of a research project Application of the scientific evidence to Medicine \u00a0Please, take some minutes fill them. It is [&hellip;]","og_url":"https:\/\/mastermedcli.umh.es\/en\/encuestas-de-satisfaccion\/","og_site_name":"M\u00e1ster en Investigaci\u00f3n en Medicina Cl\u00ednica","article_modified_time":"2022-09-07T08:01:31+00:00","twitter_card":"summary","twitter_site":"@MclinicaUMH","schema":{"@context":"https:\/\/schema.org","@graph":[{"@type":"Organization","@id":"https:\/\/mastermedcli.umh.es\/#organization","name":"Universidad Miguel Hern\u00e1ndez de Elche","url":"https:\/\/mastermedcli.umh.es\/","sameAs":["https:\/\/twitter.com\/MclinicaUMH"],"logo":{"@type":"ImageObject","@id":"https:\/\/mastermedcli.umh.es\/#logo","inLanguage":"en-US","url":"http:\/\/mastermedcli.umh.es\/files\/2017\/07\/logo-umh.jpg","contentUrl":"http:\/\/mastermedcli.umh.es\/files\/2017\/07\/logo-umh.jpg","width":328,"height":100,"caption":"Universidad Miguel Hern\u00e1ndez de Elche"},"image":{"@id":"https:\/\/mastermedcli.umh.es\/#logo"}},{"@type":"WebSite","@id":"https:\/\/mastermedcli.umh.es\/#website","url":"https:\/\/mastermedcli.umh.es\/","name":"M\u00e1ster en Investigaci\u00f3n en Medicina Cl\u00ednica","description":"Universidad Miguel Hern\u00e1ndez de Elche","publisher":{"@id":"https:\/\/mastermedcli.umh.es\/#organization"},"potentialAction":[{"@type":"SearchAction","target":{"@type":"EntryPoint","urlTemplate":"https:\/\/mastermedcli.umh.es\/?s={search_term_string}"},"query-input":"required name=search_term_string"}],"inLanguage":"en-US"},{"@type":"WebPage","@id":"https:\/\/mastermedcli.umh.es\/en\/encuestas-de-satisfaccion\/#webpage","url":"https:\/\/mastermedcli.umh.es\/en\/encuestas-de-satisfaccion\/","name":"Surveys of satisfaction - M\u00e1ster en Investigaci\u00f3n en Medicina Cl\u00ednica","isPartOf":{"@id":"https:\/\/mastermedcli.umh.es\/#website"},"datePublished":"2014-02-09T09:14:18+00:00","dateModified":"2022-09-07T08:01:31+00:00","breadcrumb":{"@id":"https:\/\/mastermedcli.umh.es\/en\/encuestas-de-satisfaccion\/#breadcrumb"},"inLanguage":"en-US","potentialAction":[{"@type":"ReadAction","target":["https:\/\/mastermedcli.umh.es\/en\/encuestas-de-satisfaccion\/"]}]},{"@type":"BreadcrumbList","@id":"https:\/\/mastermedcli.umh.es\/en\/encuestas-de-satisfaccion\/#breadcrumb","itemListElement":[{"@type":"ListItem","position":1,"name":"Portada","item":"https:\/\/mastermedcli.umh.es\/en\/"},{"@type":"ListItem","position":2,"name":"Surveys of satisfaction"}]}]}},"_links":{"self":[{"href":"https:\/\/mastermedcli.umh.es\/en\/wp-json\/wp\/v2\/pages\/4199"}],"collection":[{"href":"https:\/\/mastermedcli.umh.es\/en\/wp-json\/wp\/v2\/pages"}],"about":[{"href":"https:\/\/mastermedcli.umh.es\/en\/wp-json\/wp\/v2\/types\/page"}],"author":[{"embeddable":true,"href":"https:\/\/mastermedcli.umh.es\/en\/wp-json\/wp\/v2\/users\/1147"}],"replies":[{"embeddable":true,"href":"https:\/\/mastermedcli.umh.es\/en\/wp-json\/wp\/v2\/comments?post=4199"}],"version-history":[{"count":0,"href":"https:\/\/mastermedcli.umh.es\/en\/wp-json\/wp\/v2\/pages\/4199\/revisions"}],"wp:attachment":[{"href":"https:\/\/mastermedcli.umh.es\/en\/wp-json\/wp\/v2\/media?parent=4199"}],"curies":[{"name":"wp","href":"https:\/\/api.w.org\/{rel}","templated":true}]}}