{"id":4211,"date":"2014-01-13T19:31:36","date_gmt":"2014-01-13T19:31:36","guid":{"rendered":"https:\/\/mastermedcli.umh.es\/paquetes-estadisticos\/"},"modified":"2022-09-07T08:13:01","modified_gmt":"2022-09-07T08:13:01","slug":"paquetes-estadisticos","status":"publish","type":"page","link":"https:\/\/mastermedcli.umh.es\/en\/paquetes-estadisticos\/","title":{"rendered":"Statistical packages"},"content":{"rendered":"<p style=\"text-align: center;\"><a href=\"http:\/\/mastermedcli.umh.es\/files\/2013\/02\/Imagen-UMH.png\"><img loading=\"lazy\" class=\"alignnone size-full wp-image-504\" src=\"http:\/\/mastermedcli.umh.es\/files\/2013\/02\/Imagen-UMH.png\" alt=\"Image UMH Master's degree\" width=\"72\" height=\"81\" \/><\/a><\/p>\n<p style=\"text-align: center;\">You can access the different statistical packages useful for the Master&#8217;s degree in Research in Clinical Medicine on this page.<\/p>\n<ul>\n<li><a href=\"http:\/\/mastermedcli.umh.es\/paquetes-estadisticos\/paquete-estadistico-spss\/\"><span style=\"line-height: 13px;\">Statistical package\u00a0SPSS<\/span><\/a><\/li>\n<\/ul>\n<ul>\n<li><a href=\"http:\/\/mastermedcli.umh.es\/paquetes-estadisticos\/paquete-estadistico-r\/\">Statistical package R<\/a><\/li>\n<\/ul>\n<p>&nbsp;<\/p>\n","protected":false},"excerpt":{"rendered":"<p>You can access the different statistical packages useful for the Master&#8217;s degree in Research in Clinical Medicine on this page. Statistical package\u00a0SPSS Statistical package R &nbsp;<\/p>\n","protected":false},"author":1147,"featured_media":0,"parent":0,"menu_order":100,"comment_status":"closed","ping_status":"closed","template":"","meta":{"_et_pb_use_builder":"","_et_pb_old_content":"","_et_gb_content_width":"","_links_to":"","_links_to_target":""},"yoast_head":"<!-- This site is optimized with the Yoast SEO plugin v17.5 - https:\/\/yoast.com\/wordpress\/plugins\/seo\/ -->\n<title>Statistical packages - M\u00e1ster en Investigaci\u00f3n en Medicina Cl\u00ednica<\/title>\n<meta name=\"robots\" content=\"index, follow, max-snippet:-1, max-image-preview:large, max-video-preview:-1\" \/>\n<link rel=\"canonical\" href=\"https:\/\/mastermedcli.umh.es\/en\/paquetes-estadisticos\/\" \/>\n<meta property=\"og:locale\" content=\"en_US\" \/>\n<meta property=\"og:type\" content=\"article\" \/>\n<meta property=\"og:title\" content=\"Statistical packages - M\u00e1ster en Investigaci\u00f3n en Medicina Cl\u00ednica\" \/>\n<meta property=\"og:description\" content=\"You can access the different statistical packages useful for the Master&#8217;s degree in Research in Clinical Medicine on this page. Statistical package\u00a0SPSS Statistical package R &nbsp;\" \/>\n<meta property=\"og:url\" content=\"https:\/\/mastermedcli.umh.es\/en\/paquetes-estadisticos\/\" \/>\n<meta property=\"og:site_name\" content=\"M\u00e1ster en Investigaci\u00f3n en Medicina Cl\u00ednica\" \/>\n<meta property=\"article:modified_time\" content=\"2022-09-07T08:13:01+00:00\" \/>\n<meta property=\"og:image\" content=\"http:\/\/mastermedcli.umh.es\/files\/2013\/02\/Imagen-UMH.png\" \/>\n<meta name=\"twitter:card\" content=\"summary\" \/>\n<meta name=\"twitter:site\" content=\"@MclinicaUMH\" \/>\n<meta name=\"twitter:label1\" content=\"Est. reading time\" \/>\n\t<meta name=\"twitter:data1\" content=\"1 minute\" \/>\n<script type=\"application\/ld+json\" class=\"yoast-schema-graph\">{\"@context\":\"https:\/\/schema.org\",\"@graph\":[{\"@type\":\"Organization\",\"@id\":\"https:\/\/mastermedcli.umh.es\/#organization\",\"name\":\"Universidad Miguel Hern\\u00e1ndez de Elche\",\"url\":\"https:\/\/mastermedcli.umh.es\/\",\"sameAs\":[\"https:\/\/twitter.com\/MclinicaUMH\"],\"logo\":{\"@type\":\"ImageObject\",\"@id\":\"https:\/\/mastermedcli.umh.es\/#logo\",\"inLanguage\":\"en-US\",\"url\":\"http:\/\/mastermedcli.umh.es\/files\/2017\/07\/logo-umh.jpg\",\"contentUrl\":\"http:\/\/mastermedcli.umh.es\/files\/2017\/07\/logo-umh.jpg\",\"width\":328,\"height\":100,\"caption\":\"Universidad Miguel Hern\\u00e1ndez de Elche\"},\"image\":{\"@id\":\"https:\/\/mastermedcli.umh.es\/#logo\"}},{\"@type\":\"WebSite\",\"@id\":\"https:\/\/mastermedcli.umh.es\/#website\",\"url\":\"https:\/\/mastermedcli.umh.es\/\",\"name\":\"M\\u00e1ster en Investigaci\\u00f3n en Medicina Cl\\u00ednica\",\"description\":\"Universidad Miguel Hern\\u00e1ndez de Elche\",\"publisher\":{\"@id\":\"https:\/\/mastermedcli.umh.es\/#organization\"},\"potentialAction\":[{\"@type\":\"SearchAction\",\"target\":{\"@type\":\"EntryPoint\",\"urlTemplate\":\"https:\/\/mastermedcli.umh.es\/?s={search_term_string}\"},\"query-input\":\"required name=search_term_string\"}],\"inLanguage\":\"en-US\"},{\"@type\":\"ImageObject\",\"@id\":\"https:\/\/mastermedcli.umh.es\/en\/paquetes-estadisticos\/#primaryimage\",\"inLanguage\":\"en-US\",\"url\":\"http:\/\/mastermedcli.umh.es\/files\/2013\/02\/Imagen-UMH.png\",\"contentUrl\":\"http:\/\/mastermedcli.umh.es\/files\/2013\/02\/Imagen-UMH.png\"},{\"@type\":\"WebPage\",\"@id\":\"https:\/\/mastermedcli.umh.es\/en\/paquetes-estadisticos\/#webpage\",\"url\":\"https:\/\/mastermedcli.umh.es\/en\/paquetes-estadisticos\/\",\"name\":\"Statistical packages - M\\u00e1ster en Investigaci\\u00f3n en Medicina Cl\\u00ednica\",\"isPartOf\":{\"@id\":\"https:\/\/mastermedcli.umh.es\/#website\"},\"primaryImageOfPage\":{\"@id\":\"https:\/\/mastermedcli.umh.es\/en\/paquetes-estadisticos\/#primaryimage\"},\"datePublished\":\"2014-01-13T19:31:36+00:00\",\"dateModified\":\"2022-09-07T08:13:01+00:00\",\"breadcrumb\":{\"@id\":\"https:\/\/mastermedcli.umh.es\/en\/paquetes-estadisticos\/#breadcrumb\"},\"inLanguage\":\"en-US\",\"potentialAction\":[{\"@type\":\"ReadAction\",\"target\":[\"https:\/\/mastermedcli.umh.es\/en\/paquetes-estadisticos\/\"]}]},{\"@type\":\"BreadcrumbList\",\"@id\":\"https:\/\/mastermedcli.umh.es\/en\/paquetes-estadisticos\/#breadcrumb\",\"itemListElement\":[{\"@type\":\"ListItem\",\"position\":1,\"name\":\"Portada\",\"item\":\"https:\/\/mastermedcli.umh.es\/en\/\"},{\"@type\":\"ListItem\",\"position\":2,\"name\":\"Statistical packages\"}]}]}<\/script>\n<!-- \/ Yoast SEO plugin. -->","yoast_head_json":{"title":"Statistical packages - M\u00e1ster en Investigaci\u00f3n en Medicina Cl\u00ednica","robots":{"index":"index","follow":"follow","max-snippet":"max-snippet:-1","max-image-preview":"max-image-preview:large","max-video-preview":"max-video-preview:-1"},"canonical":"https:\/\/mastermedcli.umh.es\/en\/paquetes-estadisticos\/","og_locale":"en_US","og_type":"article","og_title":"Statistical packages - M\u00e1ster en Investigaci\u00f3n en Medicina Cl\u00ednica","og_description":"You can access the different statistical packages useful for the Master&#8217;s degree in Research in Clinical Medicine on this page. Statistical package\u00a0SPSS Statistical package R &nbsp;","og_url":"https:\/\/mastermedcli.umh.es\/en\/paquetes-estadisticos\/","og_site_name":"M\u00e1ster en Investigaci\u00f3n en Medicina Cl\u00ednica","article_modified_time":"2022-09-07T08:13:01+00:00","og_image":[{"url":"http:\/\/mastermedcli.umh.es\/files\/2013\/02\/Imagen-UMH.png"}],"twitter_card":"summary","twitter_site":"@MclinicaUMH","twitter_misc":{"Est. reading time":"1 minute"},"schema":{"@context":"https:\/\/schema.org","@graph":[{"@type":"Organization","@id":"https:\/\/mastermedcli.umh.es\/#organization","name":"Universidad Miguel Hern\u00e1ndez de Elche","url":"https:\/\/mastermedcli.umh.es\/","sameAs":["https:\/\/twitter.com\/MclinicaUMH"],"logo":{"@type":"ImageObject","@id":"https:\/\/mastermedcli.umh.es\/#logo","inLanguage":"en-US","url":"http:\/\/mastermedcli.umh.es\/files\/2017\/07\/logo-umh.jpg","contentUrl":"http:\/\/mastermedcli.umh.es\/files\/2017\/07\/logo-umh.jpg","width":328,"height":100,"caption":"Universidad Miguel Hern\u00e1ndez de Elche"},"image":{"@id":"https:\/\/mastermedcli.umh.es\/#logo"}},{"@type":"WebSite","@id":"https:\/\/mastermedcli.umh.es\/#website","url":"https:\/\/mastermedcli.umh.es\/","name":"M\u00e1ster en Investigaci\u00f3n en Medicina Cl\u00ednica","description":"Universidad Miguel Hern\u00e1ndez de Elche","publisher":{"@id":"https:\/\/mastermedcli.umh.es\/#organization"},"potentialAction":[{"@type":"SearchAction","target":{"@type":"EntryPoint","urlTemplate":"https:\/\/mastermedcli.umh.es\/?s={search_term_string}"},"query-input":"required name=search_term_string"}],"inLanguage":"en-US"},{"@type":"ImageObject","@id":"https:\/\/mastermedcli.umh.es\/en\/paquetes-estadisticos\/#primaryimage","inLanguage":"en-US","url":"http:\/\/mastermedcli.umh.es\/files\/2013\/02\/Imagen-UMH.png","contentUrl":"http:\/\/mastermedcli.umh.es\/files\/2013\/02\/Imagen-UMH.png"},{"@type":"WebPage","@id":"https:\/\/mastermedcli.umh.es\/en\/paquetes-estadisticos\/#webpage","url":"https:\/\/mastermedcli.umh.es\/en\/paquetes-estadisticos\/","name":"Statistical packages - M\u00e1ster en Investigaci\u00f3n en Medicina Cl\u00ednica","isPartOf":{"@id":"https:\/\/mastermedcli.umh.es\/#website"},"primaryImageOfPage":{"@id":"https:\/\/mastermedcli.umh.es\/en\/paquetes-estadisticos\/#primaryimage"},"datePublished":"2014-01-13T19:31:36+00:00","dateModified":"2022-09-07T08:13:01+00:00","breadcrumb":{"@id":"https:\/\/mastermedcli.umh.es\/en\/paquetes-estadisticos\/#breadcrumb"},"inLanguage":"en-US","potentialAction":[{"@type":"ReadAction","target":["https:\/\/mastermedcli.umh.es\/en\/paquetes-estadisticos\/"]}]},{"@type":"BreadcrumbList","@id":"https:\/\/mastermedcli.umh.es\/en\/paquetes-estadisticos\/#breadcrumb","itemListElement":[{"@type":"ListItem","position":1,"name":"Portada","item":"https:\/\/mastermedcli.umh.es\/en\/"},{"@type":"ListItem","position":2,"name":"Statistical packages"}]}]}},"_links":{"self":[{"href":"https:\/\/mastermedcli.umh.es\/en\/wp-json\/wp\/v2\/pages\/4211"}],"collection":[{"href":"https:\/\/mastermedcli.umh.es\/en\/wp-json\/wp\/v2\/pages"}],"about":[{"href":"https:\/\/mastermedcli.umh.es\/en\/wp-json\/wp\/v2\/types\/page"}],"author":[{"embeddable":true,"href":"https:\/\/mastermedcli.umh.es\/en\/wp-json\/wp\/v2\/users\/1147"}],"replies":[{"embeddable":true,"href":"https:\/\/mastermedcli.umh.es\/en\/wp-json\/wp\/v2\/comments?post=4211"}],"version-history":[{"count":0,"href":"https:\/\/mastermedcli.umh.es\/en\/wp-json\/wp\/v2\/pages\/4211\/revisions"}],"wp:attachment":[{"href":"https:\/\/mastermedcli.umh.es\/en\/wp-json\/wp\/v2\/media?parent=4211"}],"curies":[{"name":"wp","href":"https:\/\/api.w.org\/{rel}","templated":true}]}}