{"id":4223,"date":"2014-01-13T19:32:41","date_gmt":"2014-01-13T19:32:41","guid":{"rendered":"https:\/\/mastermedcli.umh.es\/paquetes-estadisticos\/paquete-estadistico-r\/"},"modified":"2022-09-07T08:18:11","modified_gmt":"2022-09-07T08:18:11","slug":"paquete-estadistico-r","status":"publish","type":"page","link":"https:\/\/mastermedcli.umh.es\/en\/paquetes-estadisticos\/paquete-estadistico-r\/","title":{"rendered":"Statistical package R"},"content":{"rendered":"<p><a href=\"http:\/\/mastermedcli.umh.es\/files\/2013\/02\/Imagen-UMH.png\"><img loading=\"lazy\" class=\"alignnone size-full wp-image-504 aligncenter\" src=\"http:\/\/mastermedcli.umh.es\/files\/2013\/02\/Imagen-UMH.png\" alt=\"Image UMH Master's degree in Research in Clinical Medicine\" width=\"72\" height=\"81\" \/><\/a><\/p>\n<p style=\"text-align: center;\"><strong><span style=\"color: #993300;\">Statistical package R<\/span><\/strong><\/p>\n<p>R is an elegant statistical and graphical programming language.<\/p>\n<div>If you are user of packages such as SAS, SPSS, Stata, or Systat<\/div>\n<div>why not use R?<\/div>\n<ol>\n<li>It is free. If you are a professor or a student, the benefits are obvious.<\/li>\n<li>It is executable on a variety of platforms including Windows, Unix, and MacOS.<\/li>\n<li>It provides a platform for programming of new statistical methods in a simple way.<\/li>\n<li>It contains advanced statistical routines that are not yet available in other packages.<\/li>\n<li>It generates powerful graphic updated with the state of the art<\/li>\n<\/ol>\n<p id=\"yui_3_13_0_ym1_1_1389629911062_135835\">The professor of the Dept. public healthEva Mar\u00eda Navarrete Mu\u00f1oz has made a few videos Cattail communities of\u00a0R and R-Commander that you can see the following playlist of youtube<\/p>\n<p><a href=\"http:\/\/www.youtube.com\/playlist?list=PL10B17497C888F90E\" target=\"_blank\" rel=\"noopener\">\u00a0<b id=\"yui_3_13_0_ym1_1_1389629911062_135840\">http:\/\/www.youtube.com\/playlist?list=PL10B17497C888F90E<\/b><\/a><\/p>\n<div><\/div>\n<div>In addition, it has some interesting pages on the R program, which recommends:<\/div>\n<ul>\n<li><b>Official website of R<a href=\"http:\/\/www.r-project.org\/\" target=\"_blank\" rel=\"noopener\">\u00a0(http:\/\/www.r-project.org\/)<\/a><\/b>\u00a0On the official website of R you can find all the information about this program<b>\u00a0<\/b>package, manual updates,&#8230;<\/li>\n<\/ul>\n<ul>\n<li><b>Blogs de R<\/b><a href=\"http:\/\/www.blogger.com\/%28http:\/\/www.r-bloggers.com\/%29\" target=\"_blank\" rel=\"noopener\">\u00a0(http:\/\/www.r-bloggers.com\/)<\/a><\/li>\n<\/ul>\n<ul>\n<li><b>Blog Quick-R<\/b>\u00a0<b><a href=\"http:\/\/www.statmethods.net\/\" target=\"_blank\" rel=\"noopener\">(http:\/\/www.statmethods.net\/):<\/a><\/b>\u00a0Useful blog for users or potential users of R. Quick-R was created for users experienced in other packages statistical as SAS, SPSS, Stata, and Systat. The purpose of the site is to help achieve quick access to this language.\u00a0It is assumed that the user should be familiar with the majority of statistical methods. In addition to provide the code necessary to start quickly the tool it orients to future learning.<\/li>\n<\/ul>\n<ul>\n<li><b>Blog G. R. Serrano<\/b>\u00a0<b><a href=\"http:\/\/www.grserrano.es\">(http:\/\/www.grserrano.es\/):<\/a><\/b>\u00a0Blog interesting from professor G. R. Serrano with some interesting applications of R.<\/li>\n<\/ul>\n<ul>\n<li><b>Datanalytics<\/b>\u00a0<a href=\"http:\/\/www.blogger.com\/%28http:\/\/www.datanalytics.com\/codigo_r.html%29\">(http:\/\/www.datanalytics.com\/codigo_r.html)<\/a>\u00a0Datanalytics is a network of statisticians and experts consultants in data mining, which develops code forR.<b><br \/>\n<\/b><b>\u00a0<\/b><\/li>\n<li><b>Analysis of texts with R\u00a0<\/b><a href=\"http:\/\/analisisydecision.es\/analisis-de-textos-con-r\/\">\u00a0(http:\/\/analisisydecision.es\/analysis-of-text-with-r\/<b>)<\/b><\/a><\/li>\n<\/ul>\n<p>&nbsp;<\/p>\n","protected":false},"excerpt":{"rendered":"<p>Statistical package R R is an elegant statistical and graphical programming language. If you are user of packages such as SAS, SPSS, Stata, or Systat why not use R? It is free. If you are a professor or a student, the benefits are obvious. It is executable on a variety of platforms including Windows, Unix, [&hellip;]<\/p>\n","protected":false},"author":1147,"featured_media":0,"parent":4211,"menu_order":0,"comment_status":"closed","ping_status":"closed","template":"","meta":{"_et_pb_use_builder":"","_et_pb_old_content":"","_et_gb_content_width":"","_links_to":"","_links_to_target":""},"yoast_head":"<!-- This site is optimized with the Yoast SEO plugin v17.5 - https:\/\/yoast.com\/wordpress\/plugins\/seo\/ -->\n<title>Statistical package R - M\u00e1ster en Investigaci\u00f3n en Medicina Cl\u00ednica<\/title>\n<meta name=\"robots\" content=\"index, follow, max-snippet:-1, max-image-preview:large, max-video-preview:-1\" \/>\n<link rel=\"canonical\" href=\"https:\/\/mastermedcli.umh.es\/en\/paquetes-estadisticos\/paquete-estadistico-r\/\" \/>\n<meta property=\"og:locale\" content=\"en_US\" \/>\n<meta property=\"og:type\" content=\"article\" \/>\n<meta property=\"og:title\" content=\"Statistical package R - M\u00e1ster en Investigaci\u00f3n en Medicina Cl\u00ednica\" \/>\n<meta property=\"og:description\" content=\"Statistical package R R is an elegant statistical and graphical programming language. If you are user of packages such as SAS, SPSS, Stata, or Systat why not use R? It is free. If you are a professor or a student, the benefits are obvious. It is executable on a variety of platforms including Windows, Unix, [&hellip;]\" \/>\n<meta property=\"og:url\" content=\"https:\/\/mastermedcli.umh.es\/en\/paquetes-estadisticos\/paquete-estadistico-r\/\" \/>\n<meta property=\"og:site_name\" content=\"M\u00e1ster en Investigaci\u00f3n en Medicina Cl\u00ednica\" \/>\n<meta property=\"article:modified_time\" content=\"2022-09-07T08:18:11+00:00\" \/>\n<meta property=\"og:image\" content=\"http:\/\/mastermedcli.umh.es\/files\/2013\/02\/Imagen-UMH.png\" \/>\n<meta name=\"twitter:card\" content=\"summary\" \/>\n<meta name=\"twitter:site\" content=\"@MclinicaUMH\" \/>\n<meta name=\"twitter:label1\" content=\"Est. reading time\" \/>\n\t<meta name=\"twitter:data1\" content=\"2 minutes\" \/>\n<script type=\"application\/ld+json\" class=\"yoast-schema-graph\">{\"@context\":\"https:\/\/schema.org\",\"@graph\":[{\"@type\":\"Organization\",\"@id\":\"https:\/\/mastermedcli.umh.es\/#organization\",\"name\":\"Universidad Miguel Hern\\u00e1ndez de Elche\",\"url\":\"https:\/\/mastermedcli.umh.es\/\",\"sameAs\":[\"https:\/\/twitter.com\/MclinicaUMH\"],\"logo\":{\"@type\":\"ImageObject\",\"@id\":\"https:\/\/mastermedcli.umh.es\/#logo\",\"inLanguage\":\"en-US\",\"url\":\"http:\/\/mastermedcli.umh.es\/files\/2017\/07\/logo-umh.jpg\",\"contentUrl\":\"http:\/\/mastermedcli.umh.es\/files\/2017\/07\/logo-umh.jpg\",\"width\":328,\"height\":100,\"caption\":\"Universidad Miguel Hern\\u00e1ndez de Elche\"},\"image\":{\"@id\":\"https:\/\/mastermedcli.umh.es\/#logo\"}},{\"@type\":\"WebSite\",\"@id\":\"https:\/\/mastermedcli.umh.es\/#website\",\"url\":\"https:\/\/mastermedcli.umh.es\/\",\"name\":\"M\\u00e1ster en Investigaci\\u00f3n en Medicina Cl\\u00ednica\",\"description\":\"Universidad Miguel Hern\\u00e1ndez de Elche\",\"publisher\":{\"@id\":\"https:\/\/mastermedcli.umh.es\/#organization\"},\"potentialAction\":[{\"@type\":\"SearchAction\",\"target\":{\"@type\":\"EntryPoint\",\"urlTemplate\":\"https:\/\/mastermedcli.umh.es\/?s={search_term_string}\"},\"query-input\":\"required name=search_term_string\"}],\"inLanguage\":\"en-US\"},{\"@type\":\"ImageObject\",\"@id\":\"https:\/\/mastermedcli.umh.es\/en\/paquetes-estadisticos\/paquete-estadistico-r\/#primaryimage\",\"inLanguage\":\"en-US\",\"url\":\"http:\/\/mastermedcli.umh.es\/files\/2013\/02\/Imagen-UMH.png\",\"contentUrl\":\"http:\/\/mastermedcli.umh.es\/files\/2013\/02\/Imagen-UMH.png\"},{\"@type\":\"WebPage\",\"@id\":\"https:\/\/mastermedcli.umh.es\/en\/paquetes-estadisticos\/paquete-estadistico-r\/#webpage\",\"url\":\"https:\/\/mastermedcli.umh.es\/en\/paquetes-estadisticos\/paquete-estadistico-r\/\",\"name\":\"Statistical package R - M\\u00e1ster en Investigaci\\u00f3n en Medicina Cl\\u00ednica\",\"isPartOf\":{\"@id\":\"https:\/\/mastermedcli.umh.es\/#website\"},\"primaryImageOfPage\":{\"@id\":\"https:\/\/mastermedcli.umh.es\/en\/paquetes-estadisticos\/paquete-estadistico-r\/#primaryimage\"},\"datePublished\":\"2014-01-13T19:32:41+00:00\",\"dateModified\":\"2022-09-07T08:18:11+00:00\",\"breadcrumb\":{\"@id\":\"https:\/\/mastermedcli.umh.es\/en\/paquetes-estadisticos\/paquete-estadistico-r\/#breadcrumb\"},\"inLanguage\":\"en-US\",\"potentialAction\":[{\"@type\":\"ReadAction\",\"target\":[\"https:\/\/mastermedcli.umh.es\/en\/paquetes-estadisticos\/paquete-estadistico-r\/\"]}]},{\"@type\":\"BreadcrumbList\",\"@id\":\"https:\/\/mastermedcli.umh.es\/en\/paquetes-estadisticos\/paquete-estadistico-r\/#breadcrumb\",\"itemListElement\":[{\"@type\":\"ListItem\",\"position\":1,\"name\":\"Portada\",\"item\":\"https:\/\/mastermedcli.umh.es\/en\/\"},{\"@type\":\"ListItem\",\"position\":2,\"name\":\"Statistical packages\",\"item\":\"https:\/\/mastermedcli.umh.es\/en\/paquetes-estadisticos\/\"},{\"@type\":\"ListItem\",\"position\":3,\"name\":\"Statistical package R\"}]}]}<\/script>\n<!-- \/ Yoast SEO plugin. -->","yoast_head_json":{"title":"Statistical package R - M\u00e1ster en Investigaci\u00f3n en Medicina Cl\u00ednica","robots":{"index":"index","follow":"follow","max-snippet":"max-snippet:-1","max-image-preview":"max-image-preview:large","max-video-preview":"max-video-preview:-1"},"canonical":"https:\/\/mastermedcli.umh.es\/en\/paquetes-estadisticos\/paquete-estadistico-r\/","og_locale":"en_US","og_type":"article","og_title":"Statistical package R - M\u00e1ster en Investigaci\u00f3n en Medicina Cl\u00ednica","og_description":"Statistical package R R is an elegant statistical and graphical programming language. If you are user of packages such as SAS, SPSS, Stata, or Systat why not use R? It is free. If you are a professor or a student, the benefits are obvious. It is executable on a variety of platforms including Windows, Unix, [&hellip;]","og_url":"https:\/\/mastermedcli.umh.es\/en\/paquetes-estadisticos\/paquete-estadistico-r\/","og_site_name":"M\u00e1ster en Investigaci\u00f3n en Medicina Cl\u00ednica","article_modified_time":"2022-09-07T08:18:11+00:00","og_image":[{"url":"http:\/\/mastermedcli.umh.es\/files\/2013\/02\/Imagen-UMH.png"}],"twitter_card":"summary","twitter_site":"@MclinicaUMH","twitter_misc":{"Est. reading time":"2 minutes"},"schema":{"@context":"https:\/\/schema.org","@graph":[{"@type":"Organization","@id":"https:\/\/mastermedcli.umh.es\/#organization","name":"Universidad Miguel Hern\u00e1ndez de Elche","url":"https:\/\/mastermedcli.umh.es\/","sameAs":["https:\/\/twitter.com\/MclinicaUMH"],"logo":{"@type":"ImageObject","@id":"https:\/\/mastermedcli.umh.es\/#logo","inLanguage":"en-US","url":"http:\/\/mastermedcli.umh.es\/files\/2017\/07\/logo-umh.jpg","contentUrl":"http:\/\/mastermedcli.umh.es\/files\/2017\/07\/logo-umh.jpg","width":328,"height":100,"caption":"Universidad Miguel Hern\u00e1ndez de Elche"},"image":{"@id":"https:\/\/mastermedcli.umh.es\/#logo"}},{"@type":"WebSite","@id":"https:\/\/mastermedcli.umh.es\/#website","url":"https:\/\/mastermedcli.umh.es\/","name":"M\u00e1ster en Investigaci\u00f3n en Medicina Cl\u00ednica","description":"Universidad Miguel Hern\u00e1ndez de Elche","publisher":{"@id":"https:\/\/mastermedcli.umh.es\/#organization"},"potentialAction":[{"@type":"SearchAction","target":{"@type":"EntryPoint","urlTemplate":"https:\/\/mastermedcli.umh.es\/?s={search_term_string}"},"query-input":"required name=search_term_string"}],"inLanguage":"en-US"},{"@type":"ImageObject","@id":"https:\/\/mastermedcli.umh.es\/en\/paquetes-estadisticos\/paquete-estadistico-r\/#primaryimage","inLanguage":"en-US","url":"http:\/\/mastermedcli.umh.es\/files\/2013\/02\/Imagen-UMH.png","contentUrl":"http:\/\/mastermedcli.umh.es\/files\/2013\/02\/Imagen-UMH.png"},{"@type":"WebPage","@id":"https:\/\/mastermedcli.umh.es\/en\/paquetes-estadisticos\/paquete-estadistico-r\/#webpage","url":"https:\/\/mastermedcli.umh.es\/en\/paquetes-estadisticos\/paquete-estadistico-r\/","name":"Statistical package R - M\u00e1ster en Investigaci\u00f3n en Medicina Cl\u00ednica","isPartOf":{"@id":"https:\/\/mastermedcli.umh.es\/#website"},"primaryImageOfPage":{"@id":"https:\/\/mastermedcli.umh.es\/en\/paquetes-estadisticos\/paquete-estadistico-r\/#primaryimage"},"datePublished":"2014-01-13T19:32:41+00:00","dateModified":"2022-09-07T08:18:11+00:00","breadcrumb":{"@id":"https:\/\/mastermedcli.umh.es\/en\/paquetes-estadisticos\/paquete-estadistico-r\/#breadcrumb"},"inLanguage":"en-US","potentialAction":[{"@type":"ReadAction","target":["https:\/\/mastermedcli.umh.es\/en\/paquetes-estadisticos\/paquete-estadistico-r\/"]}]},{"@type":"BreadcrumbList","@id":"https:\/\/mastermedcli.umh.es\/en\/paquetes-estadisticos\/paquete-estadistico-r\/#breadcrumb","itemListElement":[{"@type":"ListItem","position":1,"name":"Portada","item":"https:\/\/mastermedcli.umh.es\/en\/"},{"@type":"ListItem","position":2,"name":"Statistical packages","item":"https:\/\/mastermedcli.umh.es\/en\/paquetes-estadisticos\/"},{"@type":"ListItem","position":3,"name":"Statistical package R"}]}]}},"_links":{"self":[{"href":"https:\/\/mastermedcli.umh.es\/en\/wp-json\/wp\/v2\/pages\/4223"}],"collection":[{"href":"https:\/\/mastermedcli.umh.es\/en\/wp-json\/wp\/v2\/pages"}],"about":[{"href":"https:\/\/mastermedcli.umh.es\/en\/wp-json\/wp\/v2\/types\/page"}],"author":[{"embeddable":true,"href":"https:\/\/mastermedcli.umh.es\/en\/wp-json\/wp\/v2\/users\/1147"}],"replies":[{"embeddable":true,"href":"https:\/\/mastermedcli.umh.es\/en\/wp-json\/wp\/v2\/comments?post=4223"}],"version-history":[{"count":0,"href":"https:\/\/mastermedcli.umh.es\/en\/wp-json\/wp\/v2\/pages\/4223\/revisions"}],"up":[{"embeddable":true,"href":"https:\/\/mastermedcli.umh.es\/en\/wp-json\/wp\/v2\/pages\/4211"}],"wp:attachment":[{"href":"https:\/\/mastermedcli.umh.es\/en\/wp-json\/wp\/v2\/media?parent=4223"}],"curies":[{"name":"wp","href":"https:\/\/api.w.org\/{rel}","templated":true}]}}