{"id":4235,"date":"2013-02-08T12:20:46","date_gmt":"2013-02-08T12:20:46","guid":{"rendered":"https:\/\/mastermedcli.umh.es\/contacto\/"},"modified":"2022-09-19T06:36:37","modified_gmt":"2022-09-19T06:36:37","slug":"contacto","status":"publish","type":"page","link":"https:\/\/mastermedcli.umh.es\/en\/contacto\/","title":{"rendered":"Contact"},"content":{"rendered":"<h2 style=\"text-align: center;\"><strong><a href=\"http:\/\/mastermedcli.umh.es\/files\/2014\/09\/Imagen-del-M\u00e1ster.png\"><img loading=\"lazy\" class=\" size-medium wp-image-1092 aligncenter\" src=\"http:\/\/mastermedcli.umh.es\/files\/2014\/09\/Imagen-del-M\u00e1ster-300x200.png\" alt=\"Image of the Master's degree in Research in Clinical Medicine\" width=\"300\" height=\"200\" srcset=\"https:\/\/mastermedcli.umh.es\/files\/2014\/09\/Imagen-del-M\u00e1ster-300x200.png 300w, https:\/\/mastermedcli.umh.es\/files\/2014\/09\/Imagen-del-M\u00e1ster.png 455w\" sizes=\"(max-width: 300px) 100vw, 300px\" \/><\/a><\/strong><\/h2>\n<h2 style=\"text-align: center;\"><strong>DIRECTOR OF THE MASTER&#8217;S DEGREE<\/strong><\/h2>\n<p style=\"text-align: center;\"><strong>Francisco Javier Fern\u00e1ndez S\u00e1nchez<\/strong><\/p>\n<p style=\"text-align: center;\">Telephone:\u00a096 591 9311<\/p>\n<h2 style=\"text-align: center;\">SECRETARY OF THE MASTER&#8217;S DEGREE<\/strong><\/h2>\n<p style=\"text-align: center;\"><strong>Email<\/strong><br \/>\n<a title=\"secretaria_master_medclin@goumh.umh.es\" href=\"secretaria_master_medclin@goumh.umh.es\">secretaria_master_medclin@goumh.umh.es<\/a><\/p>\n<p style=\"text-align: center;\"><strong>Telephone<\/strong><br \/>\n696 497 696<\/p>\n<p style=\"text-align: center;\"><strong>Address<\/strong><br \/>\nDepartment of Clinical Medicine<br \/>\nCtra. Nacional 332 s\/n<br \/>\nSant Joan D&#8217;Alacant<br \/>\nAlicante. Spain<\/p>\n","protected":false},"excerpt":{"rendered":"<p>DIRECTOR OF THE MASTER&#8217;S DEGREE Francisco Javier Fern\u00e1ndez S\u00e1nchez Telephone:\u00a096 591 9311 SECRETARY OF THE MASTER&#8217;S DEGREE Email secretaria_master_medclin@goumh.umh.es Telephone 696 497 696 Address Department of Clinical Medicine Ctra. Nacional 332 s\/n Sant Joan D&#8217;Alacant Alicante. Spain<\/p>\n","protected":false},"author":3158,"featured_media":0,"parent":0,"menu_order":40,"comment_status":"closed","ping_status":"closed","template":"","meta":{"_et_pb_use_builder":"on","_et_pb_old_content":"","_et_gb_content_width":"","_links_to":"","_links_to_target":""},"yoast_head":"<!-- This site is optimized with the Yoast SEO plugin v17.5 - https:\/\/yoast.com\/wordpress\/plugins\/seo\/ -->\n<title>Contact - M\u00e1ster en Investigaci\u00f3n en Medicina Cl\u00ednica<\/title>\n<meta name=\"robots\" content=\"index, follow, max-snippet:-1, max-image-preview:large, max-video-preview:-1\" \/>\n<link rel=\"canonical\" href=\"https:\/\/mastermedcli.umh.es\/en\/contacto\/\" \/>\n<meta property=\"og:locale\" content=\"en_US\" \/>\n<meta property=\"og:type\" content=\"article\" \/>\n<meta property=\"og:title\" content=\"Contact - M\u00e1ster en Investigaci\u00f3n en Medicina Cl\u00ednica\" \/>\n<meta property=\"og:description\" content=\"DIRECTOR OF THE MASTER&#039;S DEGREE Francisco Javier Fern\u00e1ndez S\u00e1nchez Telephone:\u00a096 591 9311 SECRETARY OF THE MASTER&#039;S DEGREE Email secretaria_master_medclin@goumh.umh.es Telephone 696 497 696 Address Department of Clinical Medicine Ctra. Nacional 332 s\/n Sant Joan D&#039;Alacant Alicante. Spain\" \/>\n<meta property=\"og:url\" content=\"https:\/\/mastermedcli.umh.es\/en\/contacto\/\" \/>\n<meta property=\"og:site_name\" content=\"M\u00e1ster en Investigaci\u00f3n en Medicina Cl\u00ednica\" \/>\n<meta property=\"article:modified_time\" content=\"2022-09-19T06:36:37+00:00\" \/>\n<meta property=\"og:image\" content=\"http:\/\/mastermedcli.umh.es\/files\/2014\/09\/Imagen-del-M\u00e1ster-300x200.png\" \/>\n<meta name=\"twitter:card\" content=\"summary\" \/>\n<meta name=\"twitter:site\" content=\"@MclinicaUMH\" \/>\n<script type=\"application\/ld+json\" class=\"yoast-schema-graph\">{\"@context\":\"https:\/\/schema.org\",\"@graph\":[{\"@type\":\"Organization\",\"@id\":\"https:\/\/mastermedcli.umh.es\/#organization\",\"name\":\"Universidad Miguel Hern\\u00e1ndez de Elche\",\"url\":\"https:\/\/mastermedcli.umh.es\/\",\"sameAs\":[\"https:\/\/twitter.com\/MclinicaUMH\"],\"logo\":{\"@type\":\"ImageObject\",\"@id\":\"https:\/\/mastermedcli.umh.es\/#logo\",\"inLanguage\":\"en-US\",\"url\":\"http:\/\/mastermedcli.umh.es\/files\/2017\/07\/logo-umh.jpg\",\"contentUrl\":\"http:\/\/mastermedcli.umh.es\/files\/2017\/07\/logo-umh.jpg\",\"width\":328,\"height\":100,\"caption\":\"Universidad Miguel Hern\\u00e1ndez de Elche\"},\"image\":{\"@id\":\"https:\/\/mastermedcli.umh.es\/#logo\"}},{\"@type\":\"WebSite\",\"@id\":\"https:\/\/mastermedcli.umh.es\/#website\",\"url\":\"https:\/\/mastermedcli.umh.es\/\",\"name\":\"M\\u00e1ster en Investigaci\\u00f3n en Medicina Cl\\u00ednica\",\"description\":\"Universidad Miguel Hern\\u00e1ndez de Elche\",\"publisher\":{\"@id\":\"https:\/\/mastermedcli.umh.es\/#organization\"},\"potentialAction\":[{\"@type\":\"SearchAction\",\"target\":{\"@type\":\"EntryPoint\",\"urlTemplate\":\"https:\/\/mastermedcli.umh.es\/?s={search_term_string}\"},\"query-input\":\"required name=search_term_string\"}],\"inLanguage\":\"en-US\"},{\"@type\":\"ImageObject\",\"@id\":\"https:\/\/mastermedcli.umh.es\/en\/contacto\/#primaryimage\",\"inLanguage\":\"en-US\",\"url\":\"http:\/\/mastermedcli.umh.es\/files\/2014\/09\/Imagen-del-M\\u00e1ster-300x200.png\",\"contentUrl\":\"http:\/\/mastermedcli.umh.es\/files\/2014\/09\/Imagen-del-M\\u00e1ster-300x200.png\"},{\"@type\":\"WebPage\",\"@id\":\"https:\/\/mastermedcli.umh.es\/en\/contacto\/#webpage\",\"url\":\"https:\/\/mastermedcli.umh.es\/en\/contacto\/\",\"name\":\"Contact - M\\u00e1ster en Investigaci\\u00f3n en Medicina Cl\\u00ednica\",\"isPartOf\":{\"@id\":\"https:\/\/mastermedcli.umh.es\/#website\"},\"primaryImageOfPage\":{\"@id\":\"https:\/\/mastermedcli.umh.es\/en\/contacto\/#primaryimage\"},\"datePublished\":\"2013-02-08T12:20:46+00:00\",\"dateModified\":\"2022-09-19T06:36:37+00:00\",\"breadcrumb\":{\"@id\":\"https:\/\/mastermedcli.umh.es\/en\/contacto\/#breadcrumb\"},\"inLanguage\":\"en-US\",\"potentialAction\":[{\"@type\":\"ReadAction\",\"target\":[\"https:\/\/mastermedcli.umh.es\/en\/contacto\/\"]}]},{\"@type\":\"BreadcrumbList\",\"@id\":\"https:\/\/mastermedcli.umh.es\/en\/contacto\/#breadcrumb\",\"itemListElement\":[{\"@type\":\"ListItem\",\"position\":1,\"name\":\"Portada\",\"item\":\"https:\/\/mastermedcli.umh.es\/en\/\"},{\"@type\":\"ListItem\",\"position\":2,\"name\":\"Contact\"}]}]}<\/script>\n<!-- \/ Yoast SEO plugin. -->","yoast_head_json":{"title":"Contact - M\u00e1ster en Investigaci\u00f3n en Medicina Cl\u00ednica","robots":{"index":"index","follow":"follow","max-snippet":"max-snippet:-1","max-image-preview":"max-image-preview:large","max-video-preview":"max-video-preview:-1"},"canonical":"https:\/\/mastermedcli.umh.es\/en\/contacto\/","og_locale":"en_US","og_type":"article","og_title":"Contact - M\u00e1ster en Investigaci\u00f3n en Medicina Cl\u00ednica","og_description":"DIRECTOR OF THE MASTER'S DEGREE Francisco Javier Fern\u00e1ndez S\u00e1nchez Telephone:\u00a096 591 9311 SECRETARY OF THE MASTER'S DEGREE Email secretaria_master_medclin@goumh.umh.es Telephone 696 497 696 Address Department of Clinical Medicine Ctra. Nacional 332 s\/n Sant Joan D'Alacant Alicante. Spain","og_url":"https:\/\/mastermedcli.umh.es\/en\/contacto\/","og_site_name":"M\u00e1ster en Investigaci\u00f3n en Medicina Cl\u00ednica","article_modified_time":"2022-09-19T06:36:37+00:00","og_image":[{"url":"http:\/\/mastermedcli.umh.es\/files\/2014\/09\/Imagen-del-M\u00e1ster-300x200.png"}],"twitter_card":"summary","twitter_site":"@MclinicaUMH","schema":{"@context":"https:\/\/schema.org","@graph":[{"@type":"Organization","@id":"https:\/\/mastermedcli.umh.es\/#organization","name":"Universidad Miguel Hern\u00e1ndez de Elche","url":"https:\/\/mastermedcli.umh.es\/","sameAs":["https:\/\/twitter.com\/MclinicaUMH"],"logo":{"@type":"ImageObject","@id":"https:\/\/mastermedcli.umh.es\/#logo","inLanguage":"en-US","url":"http:\/\/mastermedcli.umh.es\/files\/2017\/07\/logo-umh.jpg","contentUrl":"http:\/\/mastermedcli.umh.es\/files\/2017\/07\/logo-umh.jpg","width":328,"height":100,"caption":"Universidad Miguel Hern\u00e1ndez de Elche"},"image":{"@id":"https:\/\/mastermedcli.umh.es\/#logo"}},{"@type":"WebSite","@id":"https:\/\/mastermedcli.umh.es\/#website","url":"https:\/\/mastermedcli.umh.es\/","name":"M\u00e1ster en Investigaci\u00f3n en Medicina Cl\u00ednica","description":"Universidad Miguel Hern\u00e1ndez de Elche","publisher":{"@id":"https:\/\/mastermedcli.umh.es\/#organization"},"potentialAction":[{"@type":"SearchAction","target":{"@type":"EntryPoint","urlTemplate":"https:\/\/mastermedcli.umh.es\/?s={search_term_string}"},"query-input":"required name=search_term_string"}],"inLanguage":"en-US"},{"@type":"ImageObject","@id":"https:\/\/mastermedcli.umh.es\/en\/contacto\/#primaryimage","inLanguage":"en-US","url":"http:\/\/mastermedcli.umh.es\/files\/2014\/09\/Imagen-del-M\u00e1ster-300x200.png","contentUrl":"http:\/\/mastermedcli.umh.es\/files\/2014\/09\/Imagen-del-M\u00e1ster-300x200.png"},{"@type":"WebPage","@id":"https:\/\/mastermedcli.umh.es\/en\/contacto\/#webpage","url":"https:\/\/mastermedcli.umh.es\/en\/contacto\/","name":"Contact - M\u00e1ster en Investigaci\u00f3n en Medicina Cl\u00ednica","isPartOf":{"@id":"https:\/\/mastermedcli.umh.es\/#website"},"primaryImageOfPage":{"@id":"https:\/\/mastermedcli.umh.es\/en\/contacto\/#primaryimage"},"datePublished":"2013-02-08T12:20:46+00:00","dateModified":"2022-09-19T06:36:37+00:00","breadcrumb":{"@id":"https:\/\/mastermedcli.umh.es\/en\/contacto\/#breadcrumb"},"inLanguage":"en-US","potentialAction":[{"@type":"ReadAction","target":["https:\/\/mastermedcli.umh.es\/en\/contacto\/"]}]},{"@type":"BreadcrumbList","@id":"https:\/\/mastermedcli.umh.es\/en\/contacto\/#breadcrumb","itemListElement":[{"@type":"ListItem","position":1,"name":"Portada","item":"https:\/\/mastermedcli.umh.es\/en\/"},{"@type":"ListItem","position":2,"name":"Contact"}]}]}},"_links":{"self":[{"href":"https:\/\/mastermedcli.umh.es\/en\/wp-json\/wp\/v2\/pages\/4235"}],"collection":[{"href":"https:\/\/mastermedcli.umh.es\/en\/wp-json\/wp\/v2\/pages"}],"about":[{"href":"https:\/\/mastermedcli.umh.es\/en\/wp-json\/wp\/v2\/types\/page"}],"author":[{"embeddable":true,"href":"https:\/\/mastermedcli.umh.es\/en\/wp-json\/wp\/v2\/users\/3158"}],"replies":[{"embeddable":true,"href":"https:\/\/mastermedcli.umh.es\/en\/wp-json\/wp\/v2\/comments?post=4235"}],"version-history":[{"count":0,"href":"https:\/\/mastermedcli.umh.es\/en\/wp-json\/wp\/v2\/pages\/4235\/revisions"}],"wp:attachment":[{"href":"https:\/\/mastermedcli.umh.es\/en\/wp-json\/wp\/v2\/media?parent=4235"}],"curies":[{"name":"wp","href":"https:\/\/api.w.org\/{rel}","templated":true}]}}