{"id":6153,"date":"2024-06-07T11:50:17","date_gmt":"2024-06-07T11:50:17","guid":{"rendered":"https:\/\/mastermedcli.umh.es\/?page_id=6153"},"modified":"2024-06-07T11:50:43","modified_gmt":"2024-06-07T11:50:43","slug":"registration","status":"publish","type":"page","link":"https:\/\/mastermedcli.umh.es\/en\/registration\/","title":{"rendered":"REGISTRATION"},"content":{"rendered":"<p>[et_pb_section fb_built=&#8221;1&#8243; admin_label=&#8221;section&#8221; _builder_version=&#8221;4.16&#8243; global_colors_info=&#8221;{}&#8221;][et_pb_row admin_label=&#8221;row&#8221; _builder_version=&#8221;4.16&#8243; background_size=&#8221;initial&#8221; background_position=&#8221;top_left&#8221; background_repeat=&#8221;repeat&#8221; global_colors_info=&#8221;{}&#8221;][et_pb_column type=&#8221;4_4&#8243; _builder_version=&#8221;4.16&#8243; custom_padding=&#8221;|||&#8221; global_colors_info=&#8221;{}&#8221; custom_padding__hover=&#8221;|||&#8221;][et_pb_text _builder_version=&#8221;4.17.4&#8243; _module_preset=&#8221;default&#8221; header_text_color=&#8221;#000000&#8243; text_text_color=&#8221;#000000&#8243; text_font_size=&#8221;16px&#8221; hover_enabled=&#8221;0&#8243; sticky_enabled=&#8221;0&#8243;]<\/p>\n<h1><span style=\"font-weight: 400;\">PRE-REGISTRATION PROCEDURE FOR UNIVERSITY MASTER&#8217;S DEGREES IN <\/span><b>CLINICAL MEDICINE RESEARCH<\/b><span style=\"font-weight: 400;\"> IN THE 2024\/2025 COURSE<\/span><\/h1>\n<p><span style=\"font-weight: 400;\">Learn about the pre-registration procedure for the UMH Master&#8217;s Degrees (Only in SPANISH): <\/span><b>Pre-registration procedure in the University Master&#8217;s Degrees of the UMH<\/b> <span style=\"font-weight: 400;\">(https:\/\/estudios.umh.es\/acceso\/masters\/preinscripcion\/)<\/span><span style=\"font-weight: 400;\"> in the 2024\/2025 academic year.<\/span><\/p>\n<h2><span style=\"font-weight: 400;\">WHERE AND WHEN CAN I PRE-REGISTER?<\/span><\/h2>\n<p><span style=\"font-weight: 400;\">The pre-registration request will be made through the telematic application (opens in a new window: <\/span><a href=\"https:\/\/universite.umh.es\/preins_postgrado\/master\/listado\"><span style=\"font-weight: 400;\">https:\/\/universite.umh.es\/preins_postgrado\/master\/listado<\/span><\/a><span style=\"font-weight: 400;\">)<\/span><\/p>\n<p><span style=\"font-weight: 400;\">The University has two pre-registration periods. The second term will only be available for those master&#8217;s degrees in which there are vacancies:<\/span><\/p>\n<ul>\n<li><span style=\"font-weight: 400;\"><strong>First term:<\/strong> from March 20 to June 21, 2024<\/span><\/li>\n<li><span style=\"font-weight: 400;\"><strong>Second term:<\/strong> from July 26 to September 6, 2024<\/span><\/li>\n<\/ul>\n<p><span style=\"font-weight: 400;\">The documentation that must be uploaded in the \u201cAttach documentation\u201d section of the pre-registration form is: (in PDF format)<\/span><\/p>\n<h2><span style=\"font-weight: 400;\">WHAT DOCUMENTATION SHOULD I ACCOMPANY WITH PRE-REGISTRATION?<\/span><\/h2>\n<ul>\n<li style=\"font-weight: 400;\" aria-level=\"1\"><span style=\"font-weight: 400;\">Copy of DNI (both sides), NIE (residents in Spain) or passport (foreigners).<\/span><\/li>\n<li style=\"font-weight: 400;\" aria-level=\"1\"><span style=\"font-weight: 400;\">Title that gives access to the Master&#8217;s Degree or accreditation of having requested the degree and paid the issuance fees. In the case of access with conditional admission, the access title must not be provided.<\/span><\/li>\n<li style=\"font-weight: 400;\" aria-level=\"1\"><span style=\"font-weight: 400;\">Official academic certificate that includes the average grade or SET (European Diploma Supplement). In the case of access with conditional admission, it will be enough to attach the invalid transcript extract, which includes the average grade obtained so far and the credits remaining to complete the degree studies. Please note that if during the pre-registration period you finish your studies and apply for a bachelor&#8217;s degree, you must provide the official academic certificate and not the transcript extract.<\/span><\/li>\n<li style=\"font-weight: 400;\" aria-level=\"1\"><span style=\"font-weight: 400;\">Curriculum vitae, or, where applicable, standardized curriculum. Brief description of experience and training related to the Master&#8217;s Degree.<\/span><\/li>\n<\/ul>\n<p><span style=\"font-weight: 400;\">In the case of master&#8217;s degrees that require additional documentation contemplated in the admission criteria and especially in master&#8217;s degrees with excess demand, the certificates or documents that prove the merit attributed must be attached; Otherwise, said merit will not be taken into account for admission to the master&#8217;s degree. You can consult the admission criteria for each master&#8217;s degree (opens in new window) by clicking on the Access and Admission section.<\/span><\/p>\n<p><span style=\"font-weight: 400;\">Students with an access qualification completed at the UMH will not have to present an ID, academic certificate or degree, as these data are held by the university.<\/span><\/p>\n<h2><span style=\"font-weight: 400;\">WHAT DOCUMENTATION SHOULD I PROVIDE ADDITIONALLY IF I ACCESS WITH A FOREIGN DEGREE?<\/span><\/h2>\n<ol>\n<li style=\"font-weight: 400;\" aria-level=\"1\"><span style=\"font-weight: 400;\">Students who enter with a foreign degree previously approved or with a declaration of equivalence by the Spanish Ministry of Education must present the homologation credential or declaration of equivalence of the foreign degree.<\/span><\/li>\n<li style=\"font-weight: 400;\" aria-level=\"1\"><span style=\"font-weight: 400;\">Legalization of the university degree and the official academic certificate:<\/span><\/li>\n<\/ol>\n<p><span style=\"font-weight: 400;\">No type of legalization is required for documents issued in member states of the European Union, signatories of the Agreement on the European Economic Area and Switzerland.<\/span><\/p>\n<p><span style=\"font-weight: 400;\">Rest of countries: Legalization of the university degree that gives access to the master&#8217;s degree must be provided, as well as the official academic certificate.<\/span><\/p>\n<ol>\n<li style=\"font-weight: 400;\" aria-level=\"1\"><span style=\"font-weight: 400;\">Declaration of equivalence of the average grade (<\/span><a href=\"https:\/\/universidades.sede.gob.es\/pagina\/index\/directorio\/Equivalencia_notas_medias\"><span style=\"font-weight: 400;\">https:\/\/universidades.sede.gob.es\/pagina\/index\/directorio\/Equivalencia_notas_medias<\/span><\/a><span style=\"font-weight: 400;\">), in accordance with the procedure established by the Ministry of Universities. This document must be presented when applying for admission to master&#8217;s degrees with excess demand.<\/span><\/li>\n<li style=\"font-weight: 400;\" aria-level=\"1\"><span style=\"font-weight: 400;\">Students who enter with foreign studies that are not approved or do not have a declaration of equivalence, outside the European Higher Education Area, must present, during the pre-registration period, payment of the fee for the equivalence study (\u20ac155.22), established in the Consell&#8217;s Rates Decree.<\/span><\/li>\n<\/ol>\n<p><b>If you enter with a foreign degree, check the requirements for foreign graduates; belonging to the European Education Area (EHEA) or for graduates from the rest of the countries, ONLY IN SPANISH: <\/b><a href=\"https:\/\/estudios.umh.es\/en\/acceso\/masters\/acceso-con-estudios-universitarios-extranjeros\/\"><b>https:\/\/estudios.umh.es\/en\/acceso\/masters\/acceso-con-estudios-universitarios-extranjeros\/<\/b><\/a><\/p>\n<p>&nbsp;<\/p>\n<h2><span style=\"font-weight: 400;\">SHOULD I PROVIDE THE DOCUMENTS REQUESTED IN PRE-REGISTRATION IN PERSON?<\/span><\/h2>\n<p><span style=\"font-weight: 400;\">During the pre-registration procedure, you should not physically present the documents, you must upload them to the pre-registration form in the &#8220;Attach documentation&#8221; section in PDF format.<\/span><\/p>\n<p>&nbsp;<\/p>\n<p><span style=\"font-weight: 400;\">If you access with a foreign title, we will contact you after registration, by email, to request that you present the original access documents that are not electronic documents or that you send certified photocopies through a consulate\/embassy or recognized notary public.<\/span><\/p>\n<p>WHERE CAN I CONSULT THE SPECIFIC ADMISSION CRITERIA FOR EACH MASTER&#8217;S DEGREE?<\/p>\n<p>To know the admission criteria (opens in new window: <a href=\"https:\/\/umh.es\/contenido\/Estudios\/:Master_Oficial\/datos_en.html\">https:\/\/umh.es\/contenido\/Estudios\/:Master_Oficial\/datos_en.html<\/a><\/p>\n<p><span style=\"font-weight: 400;\">you must consult the Access and Admission section of the master&#8217;s degree you want to take, in this case: <\/span><b>M\u00e1ster <\/b><b>Universitario<\/b><b> en Investigaci\u00f3n en Medicina Cl\u00ednica<\/b><b>\/<\/b><b>Master&#8217;s in Clinical Medicine Research<\/b><\/p>\n<p>&nbsp;<\/p>\n<p><span style=\"font-weight: 400;\">HOW WILL I KNOW IF I AM ADMITTED? AND WHEN AND HOW CAN I CORRECT OR DISPUTE MY REQUEST?<\/span><\/p>\n<p><span style=\"font-weight: 400;\">The provisional and final results can be consulted in a personalized way through the pre-registration application ((opens in a new window: <\/span><a href=\"https:\/\/universite.umh.es\/preins_postgrado\/master\/listado\"><span style=\"font-weight: 400;\">https:\/\/universite.umh.es\/preins_postgrado\/master\/listado<\/span><\/a><span style=\"font-weight: 400;\">)) with the pre-registration key.<\/span><\/p>\n<p>After the publication of the provisional results, if the application is in a state of correction, it will be corrected through the pre-registration application.<\/p>\n<p>Complaints regarding the score obtained for admission must be addressed to the Master&#8217;s Directorate through a general request sent to the corresponding Campus Management Center, preferably through the electronic office (digital certificate or permanent password is required).<\/p>\n<p>WHICH CAMPUS DOES THE MASTER&#8217;S DEGREE I WANT TO STUDY BELONG TO?<\/p>\n<p>You can consult the campus to which the master&#8217;s degree in which you are interested belongs in the document Master by center and campus, in this case <a href=\"https:\/\/www.umh.es\/contenido\/Estudiantes\/:uor_10\/datos_en.html\"><b>Sant Joan d&#8217;Alacant Campus Management Center<\/b><\/a><\/p>\n<p>&nbsp;<\/p>\n<p><b>CONTACT INFORMATION<\/b><\/p>\n<p>SPANISH<\/p>\n<p>Study Management Service<\/p>\n<p>Rectorate Building and Social Council \u2013 Elche Campus<\/p>\n<p>Avda. de la Universidad, s\/n, 03202 Elche \u2013 Alicante<\/p>\n<p>Telephones: +34 965 222 692 \/ +34 965 222 184 \/ +34 966 658 457<\/p>\n<p>Email: <a href=\"mailto:master@umh.es\">master@umh.es<\/a><br \/>ENGLISH<\/p>\n<p>Email: <a href=\"mailto:secretary_mastermedclin@umh.es\"><span style=\"font-weight: 400;\">secretary_mastermedclin@umh.es<\/span><\/a><br \/>Teaching center: School of Medicine<br \/>Branch of knowledge: HEALTH SCIENCES<\/p>\n<p>Ctra. Alicante-Valencia N 332,<br \/>03550 SANT JOAN D&#8217;ALACANT (Alicante)<br \/>SPAIN<\/p>\n<p>[\/et_pb_text][\/et_pb_column][\/et_pb_row][\/et_pb_section]<\/p>\n","protected":false},"excerpt":{"rendered":"<p>PRE-REGISTRATION PROCEDURE FOR UNIVERSITY MASTER&#8217;S DEGREES IN CLINICAL MEDICINE RESEARCH IN THE 2024\/2025 COURSE Learn about the pre-registration procedure for the UMH Master&#8217;s Degrees (Only in SPANISH): Pre-registration procedure in the University Master&#8217;s Degrees of the UMH (https:\/\/estudios.umh.es\/acceso\/masters\/preinscripcion\/) in the 2024\/2025 academic year. WHERE AND WHEN CAN I PRE-REGISTER? The pre-registration request will be made [&hellip;]<\/p>\n","protected":false},"author":3158,"featured_media":0,"parent":0,"menu_order":0,"comment_status":"closed","ping_status":"closed","template":"","meta":{"_et_pb_use_builder":"on","_et_pb_old_content":"","_et_gb_content_width":"","_links_to":"","_links_to_target":""},"yoast_head":"<!-- This site is optimized with the Yoast SEO plugin v17.5 - https:\/\/yoast.com\/wordpress\/plugins\/seo\/ -->\n<title>REGISTRATION - M\u00e1ster en Investigaci\u00f3n en Medicina Cl\u00ednica<\/title>\n<meta name=\"robots\" content=\"index, follow, max-snippet:-1, max-image-preview:large, max-video-preview:-1\" \/>\n<link rel=\"canonical\" href=\"https:\/\/mastermedcli.umh.es\/en\/registration\/\" \/>\n<meta property=\"og:locale\" content=\"en_US\" \/>\n<meta property=\"og:type\" content=\"article\" \/>\n<meta property=\"og:title\" content=\"REGISTRATION - M\u00e1ster en Investigaci\u00f3n en Medicina Cl\u00ednica\" \/>\n<meta property=\"og:description\" content=\"PRE-REGISTRATION PROCEDURE FOR UNIVERSITY MASTER&#039;S DEGREES IN CLINICAL MEDICINE RESEARCH IN THE 2024\/2025 COURSE Learn about the pre-registration procedure for the UMH Master&#039;s Degrees (Only in SPANISH): Pre-registration procedure in the University Master&#039;s Degrees of the UMH (https:\/\/estudios.umh.es\/acceso\/masters\/preinscripcion\/) in the 2024\/2025 academic year. WHERE AND WHEN CAN I PRE-REGISTER? The pre-registration request will be made [&hellip;]\" \/>\n<meta property=\"og:url\" content=\"https:\/\/mastermedcli.umh.es\/en\/registration\/\" \/>\n<meta property=\"og:site_name\" content=\"M\u00e1ster en Investigaci\u00f3n en Medicina Cl\u00ednica\" \/>\n<meta property=\"article:modified_time\" content=\"2024-06-07T11:50:43+00:00\" \/>\n<meta name=\"twitter:card\" content=\"summary\" \/>\n<meta name=\"twitter:site\" content=\"@MclinicaUMH\" \/>\n<meta name=\"twitter:label1\" content=\"Est. reading time\" \/>\n\t<meta name=\"twitter:data1\" content=\"5 minutes\" \/>\n<script type=\"application\/ld+json\" class=\"yoast-schema-graph\">{\"@context\":\"https:\/\/schema.org\",\"@graph\":[{\"@type\":\"Organization\",\"@id\":\"https:\/\/mastermedcli.umh.es\/#organization\",\"name\":\"Universidad Miguel Hern\\u00e1ndez de Elche\",\"url\":\"https:\/\/mastermedcli.umh.es\/\",\"sameAs\":[\"https:\/\/twitter.com\/MclinicaUMH\"],\"logo\":{\"@type\":\"ImageObject\",\"@id\":\"https:\/\/mastermedcli.umh.es\/#logo\",\"inLanguage\":\"en-US\",\"url\":\"http:\/\/mastermedcli.umh.es\/files\/2017\/07\/logo-umh.jpg\",\"contentUrl\":\"http:\/\/mastermedcli.umh.es\/files\/2017\/07\/logo-umh.jpg\",\"width\":328,\"height\":100,\"caption\":\"Universidad Miguel Hern\\u00e1ndez de Elche\"},\"image\":{\"@id\":\"https:\/\/mastermedcli.umh.es\/#logo\"}},{\"@type\":\"WebSite\",\"@id\":\"https:\/\/mastermedcli.umh.es\/#website\",\"url\":\"https:\/\/mastermedcli.umh.es\/\",\"name\":\"M\\u00e1ster en Investigaci\\u00f3n en Medicina Cl\\u00ednica\",\"description\":\"Universidad Miguel Hern\\u00e1ndez de Elche\",\"publisher\":{\"@id\":\"https:\/\/mastermedcli.umh.es\/#organization\"},\"potentialAction\":[{\"@type\":\"SearchAction\",\"target\":{\"@type\":\"EntryPoint\",\"urlTemplate\":\"https:\/\/mastermedcli.umh.es\/?s={search_term_string}\"},\"query-input\":\"required name=search_term_string\"}],\"inLanguage\":\"en-US\"},{\"@type\":\"WebPage\",\"@id\":\"https:\/\/mastermedcli.umh.es\/en\/registration\/#webpage\",\"url\":\"https:\/\/mastermedcli.umh.es\/en\/registration\/\",\"name\":\"REGISTRATION - M\\u00e1ster en Investigaci\\u00f3n en Medicina Cl\\u00ednica\",\"isPartOf\":{\"@id\":\"https:\/\/mastermedcli.umh.es\/#website\"},\"datePublished\":\"2024-06-07T11:50:17+00:00\",\"dateModified\":\"2024-06-07T11:50:43+00:00\",\"breadcrumb\":{\"@id\":\"https:\/\/mastermedcli.umh.es\/en\/registration\/#breadcrumb\"},\"inLanguage\":\"en-US\",\"potentialAction\":[{\"@type\":\"ReadAction\",\"target\":[\"https:\/\/mastermedcli.umh.es\/en\/registration\/\"]}]},{\"@type\":\"BreadcrumbList\",\"@id\":\"https:\/\/mastermedcli.umh.es\/en\/registration\/#breadcrumb\",\"itemListElement\":[{\"@type\":\"ListItem\",\"position\":1,\"name\":\"Portada\",\"item\":\"https:\/\/mastermedcli.umh.es\/en\/\"},{\"@type\":\"ListItem\",\"position\":2,\"name\":\"REGISTRATION\"}]}]}<\/script>\n<!-- \/ Yoast SEO plugin. -->","yoast_head_json":{"title":"REGISTRATION - M\u00e1ster en Investigaci\u00f3n en Medicina Cl\u00ednica","robots":{"index":"index","follow":"follow","max-snippet":"max-snippet:-1","max-image-preview":"max-image-preview:large","max-video-preview":"max-video-preview:-1"},"canonical":"https:\/\/mastermedcli.umh.es\/en\/registration\/","og_locale":"en_US","og_type":"article","og_title":"REGISTRATION - M\u00e1ster en Investigaci\u00f3n en Medicina Cl\u00ednica","og_description":"PRE-REGISTRATION PROCEDURE FOR UNIVERSITY MASTER'S DEGREES IN CLINICAL MEDICINE RESEARCH IN THE 2024\/2025 COURSE Learn about the pre-registration procedure for the UMH Master's Degrees (Only in SPANISH): Pre-registration procedure in the University Master's Degrees of the UMH (https:\/\/estudios.umh.es\/acceso\/masters\/preinscripcion\/) in the 2024\/2025 academic year. WHERE AND WHEN CAN I PRE-REGISTER? The pre-registration request will be made [&hellip;]","og_url":"https:\/\/mastermedcli.umh.es\/en\/registration\/","og_site_name":"M\u00e1ster en Investigaci\u00f3n en Medicina Cl\u00ednica","article_modified_time":"2024-06-07T11:50:43+00:00","twitter_card":"summary","twitter_site":"@MclinicaUMH","twitter_misc":{"Est. reading time":"5 minutes"},"schema":{"@context":"https:\/\/schema.org","@graph":[{"@type":"Organization","@id":"https:\/\/mastermedcli.umh.es\/#organization","name":"Universidad Miguel Hern\u00e1ndez de Elche","url":"https:\/\/mastermedcli.umh.es\/","sameAs":["https:\/\/twitter.com\/MclinicaUMH"],"logo":{"@type":"ImageObject","@id":"https:\/\/mastermedcli.umh.es\/#logo","inLanguage":"en-US","url":"http:\/\/mastermedcli.umh.es\/files\/2017\/07\/logo-umh.jpg","contentUrl":"http:\/\/mastermedcli.umh.es\/files\/2017\/07\/logo-umh.jpg","width":328,"height":100,"caption":"Universidad Miguel Hern\u00e1ndez de Elche"},"image":{"@id":"https:\/\/mastermedcli.umh.es\/#logo"}},{"@type":"WebSite","@id":"https:\/\/mastermedcli.umh.es\/#website","url":"https:\/\/mastermedcli.umh.es\/","name":"M\u00e1ster en Investigaci\u00f3n en Medicina Cl\u00ednica","description":"Universidad Miguel Hern\u00e1ndez de Elche","publisher":{"@id":"https:\/\/mastermedcli.umh.es\/#organization"},"potentialAction":[{"@type":"SearchAction","target":{"@type":"EntryPoint","urlTemplate":"https:\/\/mastermedcli.umh.es\/?s={search_term_string}"},"query-input":"required name=search_term_string"}],"inLanguage":"en-US"},{"@type":"WebPage","@id":"https:\/\/mastermedcli.umh.es\/en\/registration\/#webpage","url":"https:\/\/mastermedcli.umh.es\/en\/registration\/","name":"REGISTRATION - M\u00e1ster en Investigaci\u00f3n en Medicina Cl\u00ednica","isPartOf":{"@id":"https:\/\/mastermedcli.umh.es\/#website"},"datePublished":"2024-06-07T11:50:17+00:00","dateModified":"2024-06-07T11:50:43+00:00","breadcrumb":{"@id":"https:\/\/mastermedcli.umh.es\/en\/registration\/#breadcrumb"},"inLanguage":"en-US","potentialAction":[{"@type":"ReadAction","target":["https:\/\/mastermedcli.umh.es\/en\/registration\/"]}]},{"@type":"BreadcrumbList","@id":"https:\/\/mastermedcli.umh.es\/en\/registration\/#breadcrumb","itemListElement":[{"@type":"ListItem","position":1,"name":"Portada","item":"https:\/\/mastermedcli.umh.es\/en\/"},{"@type":"ListItem","position":2,"name":"REGISTRATION"}]}]}},"_links":{"self":[{"href":"https:\/\/mastermedcli.umh.es\/en\/wp-json\/wp\/v2\/pages\/6153"}],"collection":[{"href":"https:\/\/mastermedcli.umh.es\/en\/wp-json\/wp\/v2\/pages"}],"about":[{"href":"https:\/\/mastermedcli.umh.es\/en\/wp-json\/wp\/v2\/types\/page"}],"author":[{"embeddable":true,"href":"https:\/\/mastermedcli.umh.es\/en\/wp-json\/wp\/v2\/users\/3158"}],"replies":[{"embeddable":true,"href":"https:\/\/mastermedcli.umh.es\/en\/wp-json\/wp\/v2\/comments?post=6153"}],"version-history":[{"count":0,"href":"https:\/\/mastermedcli.umh.es\/en\/wp-json\/wp\/v2\/pages\/6153\/revisions"}],"wp:attachment":[{"href":"https:\/\/mastermedcli.umh.es\/en\/wp-json\/wp\/v2\/media?parent=6153"}],"curies":[{"name":"wp","href":"https:\/\/api.w.org\/{rel}","templated":true}]}}